{"id":505884,"date":"2023-05-20T10:11:22","date_gmt":"2023-05-20T08:11:22","guid":{"rendered":"https:\/\/lucacastelli.com\/prodotto\/stema-4cut\/"},"modified":"2025-08-05T13:44:09","modified_gmt":"2025-08-05T11:44:09","slug":"stema-4cut","status":"publish","type":"product","link":"https:\/\/lucacastelli.com\/de\/produkt\/stema-4cut\/","title":{"rendered":"STEM 4CUT"},"content":{"rendered":"<p>Benzinm\u00e4her\/ D\u00e9broussailleuse<\/p>\n<p>Der selbstfahrende Wildwuchsm\u00e4her schlie\u00dft die L\u00fccke zwischen Handger\u00e4ten und Traktoren. Die Maschine<br \/>\neignet sich f\u00fcr die Pflege von Naturwiesen und Wildwuchs. Es kann auch in Weinbergen und bei der Waldpflege eingesetzt werden. Dank seines Allradantriebs kann er auch an steilen H\u00e4ngen und in unebenem Gel\u00e4nde sicher gem\u00e4ht werden.<br \/>\nProbleme. Der durchgehende, solide Rahmen h\u00e4lt den Beanspruchungen in unebenem Gel\u00e4nde problemlos stand.<br \/>\nterrain    <\/p>\n<p>Dieser Si\u00e8ge-M\u00e4her ist der ideale \u00dcbergang zwischen Hauptger\u00e4ten und Traktoren. Er eignet sich f\u00fcr die Pflege von nat\u00fcrlichem Gr\u00fcnland und wilder Vegetation, aber auch f\u00fcr Weinberge und W\u00e4lder.<br \/>\n Der Allradantrieb und das solide, durchgehende Fahrwerk erm\u00f6glichen zuverl\u00e4ssiges Arbeiten in unwegsamem Gel\u00e4nde.<br \/>\nraide wie in unwegsamem Gel\u00e4nde.  <\/p>\n<p>Motor \/ Motor Kawasaki 2-Zylinder 24 PS OHV \/ hp<br \/>\nTank \/ Reservoir 8 l<br \/>\nLenkung \/ Richtungssteuerung \/ Exakt und leicht<br \/>\nAntrieb \/ Getriebe Allradantrieb mit hydrostatischem Getriebe \/ Traction 4 roues motrices, hydrostat<br \/>\nPedal und Handpedal \/ P\u00e9dale et levier \u00e0 main f\u00fcr vorw\u00e4rts und r\u00fcckw\u00e4rts \/ pour marche avant et arri\u00e8re<br \/>\nGeschwindigkeit \/ Vitesse d&#8217;avancement 0 &#8211; 8 km\/h<br \/>\nDifferenziale \/ Diff\u00e9rentiel bloccabile \/ blocable<br \/>\nBremse \/ Hand- und Fu\u00dfbremse an Vorderachse und Hydrostatik \/ frein \u00e0 main et \u00e0 pied sur l&#8217;axe<br \/>\nFront und Front<br \/>\nZapfwelle \/ Prise de force mechanisch schaltbar \/ commande m\u00e9canique<br \/>\nSchnittbreite \/ Largeur 95 cm<br \/>\nReifen \/ Pneus vorne \/ \u00e0 l&#8217;avant 4.00-7, hinten \/ \u00e0 l&#8217;arri\u00e8re 17&#215;8.00-8<br \/>\nGewicht \/ Poids 330 kg<br \/>\nAbmessung \/ Dimensions L 197 cm, B 107 cm, H 96 cm<\/p>\n","protected":false},"excerpt":{"rendered":"<p>Benzinm\u00e4her\/ D\u00e9broussailleuse Der selbstfahrende Wildwuchsm\u00e4her schlie\u00dft die L\u00fccke zwischen Handger\u00e4ten und Traktoren. Die Maschine eignet sich f\u00fcr die Pflege von<\/p>\n","protected":false},"featured_media":55602,"template":"","meta":{"_seopress_robots_primary_cat":"","_seopress_titles_title":"","_seopress_titles_desc":"","_seopress_robots_index":""},"product_brand":[4390],"product_cat":[29,262,487],"product_tag":[],"class_list":{"0":"post-505884","1":"product","2":"type-product","3":"status-publish","4":"has-post-thumbnail","6":"product_brand-stema","7":"product_cat-macchinari","8":"product_cat-tosaerba-e-robot","9":"product_cat-trattorini-tosaerba","11":"first","12":"onbackorder","13":"shipping-taxable","14":"purchasable","15":"product-type-simple"},"_links":{"self":[{"href":"https:\/\/lucacastelli.com\/de\/wp-json\/wp\/v2\/product\/505884","targetHints":{"allow":["GET"]}}],"collection":[{"href":"https:\/\/lucacastelli.com\/de\/wp-json\/wp\/v2\/product"}],"about":[{"href":"https:\/\/lucacastelli.com\/de\/wp-json\/wp\/v2\/types\/product"}],"wp:featuredmedia":[{"embeddable":true,"href":"https:\/\/lucacastelli.com\/de\/wp-json\/wp\/v2\/media\/55602"}],"wp:attachment":[{"href":"https:\/\/lucacastelli.com\/de\/wp-json\/wp\/v2\/media?parent=505884"}],"wp:term":[{"taxonomy":"product_brand","embeddable":true,"href":"https:\/\/lucacastelli.com\/de\/wp-json\/wp\/v2\/product_brand?post=505884"},{"taxonomy":"product_cat","embeddable":true,"href":"https:\/\/lucacastelli.com\/de\/wp-json\/wp\/v2\/product_cat?post=505884"},{"taxonomy":"product_tag","embeddable":true,"href":"https:\/\/lucacastelli.com\/de\/wp-json\/wp\/v2\/product_tag?post=505884"}],"curies":[{"name":"wp","href":"https:\/\/api.w.org\/{rel}","templated":true}]}}