{"id":505856,"date":"2023-05-19T14:39:29","date_gmt":"2023-05-19T12:39:29","guid":{"rendered":"https:\/\/lucacastelli.com\/prodotto\/minimax-system\/"},"modified":"2025-08-05T13:47:43","modified_gmt":"2025-08-05T11:47:43","slug":"minimax-system","status":"publish","type":"product","link":"https:\/\/lucacastelli.com\/de\/produkt\/minimax-system\/","title":{"rendered":"MINIMAX STEM"},"content":{"rendered":"<p>Kleiner, wendiger Hochgrasmulcher f\u00fcr eine Fl\u00e4che bis 1500 m2<br \/>\n. Der Handholmen ist h\u00f6henverstellbar und<br \/>\ndemontierbar f\u00fcr den Transport. Die gro\u00dfen Antriebsr\u00e4der hinten und die zwei blockierbaren Schwenkr\u00e4der<br \/>\nvorne erm\u00f6glichen auch Arbeiten im unebenen Gel\u00e4nde. Einsetzbar zum M\u00e4hen von Wiesen bis 60 cm H\u00f6he,<br \/>\nGestr\u00fcpp bis 15 mm Dicke und Rasen.   <\/p>\n<p>Petite tondeuse-broyeuse maniable pour des surfaces allant jusqu&#8217;\u00e0 1500 m2<br \/>\n. Le mancheron est ajustable en<br \/>\nhauteur et d\u00e9montable pour le transport. Die gro\u00dfen, beweglichen R\u00e4der auf der R\u00fcckseite und die beiden schwenkbaren und blockierbaren R\u00e4der auf der Vorderseite machen diese Maschine zu einem idealen Ger\u00e4t f\u00fcr Arbeiten auf unwegsamen B\u00f6den. F\u00fcr die Bearbeitung von Rasenfl\u00e4chen bis zu 60 cm H\u00f6he, von Str\u00e4uchern bis zu 15 mm Durchmesser und von Schalen.   <\/p>\n<p>Motor \/ Moteur SUBARU EA190 6,5 PS OHV \/ hp<br \/>\nGeschwindigkeit \/ Vitesse d&#8217;avancement 3,2 km\/h<br \/>\nKupplung \/ Embrayage f\u00fcr Radantrieb \/ pour les roues motrices<br \/>\nAntriebsr\u00e4der \/ Roues motrices mit Stahlfelgen \/ avec jantes d&#8217;acier 43 cm \u00d8<br \/>\nR\u00e4der vorne \/ roues avant 2 schwenk- und blockierbar \/ 2 pivotantes et blocables<br \/>\nMesserantrieb \/ Entra\u00eenement des couteaux direkt \/ direct<br \/>\nHandholmen \/ Mancheron h\u00f6henverstellbar und demontierbar \/ r\u00e9glable en hauteur et d\u00e9montable<br \/>\nSchnitth\u00f6he \/ Hauteur de coupe am Handholmen verstellbar \/ r\u00e9glable au mancheron<br \/>\nSchnittbreite \/ Largeur de coupe 51 cm<br \/>\nGewicht \/ Poids ca. 55 kg \/ environ<br \/>\nAbmessung \/ Dimensions L 146 cm, B 72 cm, H 100\/50 cm<\/p>\n","protected":false},"excerpt":{"rendered":"<p>Kleiner, wendiger Hochgrasmulcher f\u00fcr eine Fl\u00e4che bis 1500 m2 . Der Handholmen ist h\u00f6henverstellbar und demontierbar f\u00fcr den Transport. Die<\/p>\n","protected":false},"featured_media":55507,"template":"","meta":{"_seopress_robots_primary_cat":"","_seopress_titles_title":"","_seopress_titles_desc":"","_seopress_robots_index":""},"product_brand":[4711],"product_cat":[1454,1500,169],"product_tag":[],"class_list":{"0":"post-505856","1":"product","2":"type-product","3":"status-publish","4":"has-post-thumbnail","6":"product_brand-stema-de","7":"product_cat-andere-gerate","8":"product_cat-mahmaschinen","9":"product_cat-maschinen","11":"first","12":"onbackorder","13":"shipping-taxable","14":"purchasable","15":"product-type-simple"},"_links":{"self":[{"href":"https:\/\/lucacastelli.com\/de\/wp-json\/wp\/v2\/product\/505856","targetHints":{"allow":["GET"]}}],"collection":[{"href":"https:\/\/lucacastelli.com\/de\/wp-json\/wp\/v2\/product"}],"about":[{"href":"https:\/\/lucacastelli.com\/de\/wp-json\/wp\/v2\/types\/product"}],"wp:featuredmedia":[{"embeddable":true,"href":"https:\/\/lucacastelli.com\/de\/wp-json\/wp\/v2\/media\/55507"}],"wp:attachment":[{"href":"https:\/\/lucacastelli.com\/de\/wp-json\/wp\/v2\/media?parent=505856"}],"wp:term":[{"taxonomy":"product_brand","embeddable":true,"href":"https:\/\/lucacastelli.com\/de\/wp-json\/wp\/v2\/product_brand?post=505856"},{"taxonomy":"product_cat","embeddable":true,"href":"https:\/\/lucacastelli.com\/de\/wp-json\/wp\/v2\/product_cat?post=505856"},{"taxonomy":"product_tag","embeddable":true,"href":"https:\/\/lucacastelli.com\/de\/wp-json\/wp\/v2\/product_tag?post=505856"}],"curies":[{"name":"wp","href":"https:\/\/api.w.org\/{rel}","templated":true}]}}