{"id":505849,"date":"2025-10-31T01:00:02","date_gmt":"2025-10-31T00:00:02","guid":{"rendered":"https:\/\/lucacastelli.com\/prodotto\/stiga-st-5262-p\/"},"modified":"2026-03-01T00:10:19","modified_gmt":"2026-02-28T23:10:19","slug":"stiga-st-5262-p","status":"publish","type":"product","link":"https:\/\/lucacastelli.com\/de\/produkt\/stiga-st-5262-p\/","title":{"rendered":"STIGA ST 5262 P"},"content":{"rendered":"<p>Zweistufige Benzin-Schneefr\u00e4se mit 62 cm<br \/>\nArbeitsbreite Zweistufige Benzin-Schneefr\u00e4se mit 62 cm Arbeitsbreite und ausgestattet mit Motor.<br \/>\nZweistufiges<br \/>\nSchneer\u00e4um- und Sp\u00fclsystem Arbeitsbreite von 62 cm<br \/>\nAngetrieben von einem 252-cm\u00b3<br \/>\n-Benzinmotor Vorw\u00e4rts: Kupplungsscheibe &#8211; 8 G\u00e4nge (6 vorw\u00e4rts\/2 r\u00fcckw\u00e4rts)<br \/>\nMit STIGA Easy-Turn-Technologie<\/p>\n<p>Die ST 5262 P wurde f\u00fcr diejenigen entwickelt, die eine zuverl\u00e4ssige und langlebige zweistufige Schneefr\u00e4se suchen, und eignet sich f\u00fcr die Beseitigung von bis zu 50 cm tiefem Schnee auf mittleren bis gro\u00dfen Fl\u00e4chen wie Einfahrten, Gehwegen und Parkpl\u00e4tzen. Wendeskates und 14&#8243; Snow Hog Reifen verleihen der Schneefr\u00e4se eine hohe Traktion, w\u00e4hrend die Geschwindigkeit auf 6 Vorw\u00e4rts- und 2 R\u00fcckw\u00e4rtsg\u00e4nge einstellbar ist. Der leistungsstarke 252-cm\u00b3-Motor WS 250 und die 62 cm gekerbte Turbine erm\u00f6glichen es dieser Schneefr\u00e4se, jede Art von Schnee zu bew\u00e4ltigen und ihn bis zu 10 Meter weit zu bewegen. Das neue Fahrsystem mit Easy-Turn-Technologie zur automatischen Freigabe der Differenzialsperre verbessert das Handling der Schneefr\u00e4se, w\u00e4hrend die LED-Scheinwerfer, der beheizbare Griff und der 230-V-Elektrostart den Einsatz auch unter extremsten Bedingungen erm\u00f6glichen. \u00dcber das Bedienfeld k\u00f6nnen Sie alle Bedienelemente dieser Benzin-Schneefr\u00e4se einfach verwalten.    <\/p>\n<p>Ergonomische Bedienelemente<br \/>\nDie Bedienelemente befinden sich f\u00fcr eine bequeme Bedienung auf dem Bedienfeld.<\/p>\n<p>LED-Scheinwerfer<br \/>\nMit den LED-Scheinwerfern k\u00f6nnen Sie diese Schneefr\u00e4se auch bei schlechten Sichtverh\u00e4ltnissen einsetzen.<\/p>\n<p>Reversible<br \/>\nAnti-Rutsch-Pads Zwei umkehrbare Pads aus Metall und HDPE erm\u00f6glichen den Einsatz der Schneefr\u00e4se auf jedem Untergrund.<\/p>\n<p>Beheizter<br \/>\nGriff Der beheizte Griff wird \u00fcber eine Taste auf dem Bedienfeld aktiviert und erm\u00f6glicht es Ihnen, die Schneefr\u00e4se bei Frost zu bedienen.<\/p>\n<p>Elektrostart<br \/>\nDer 230-V-Elektrostart erm\u00f6glicht ein einfaches Starten der Schneefr\u00e4se auch bei sehr kalten Bedingungen.<\/p>\n","protected":false},"excerpt":{"rendered":"<p>Zweistufige Benzin-Schneefr\u00e4se mit 62 cm Arbeitsbreite Zweistufige Benzin-Schneefr\u00e4se mit 62 cm Arbeitsbreite und ausgestattet mit Motor. Zweistufiges Schneer\u00e4um- und Sp\u00fclsystem<\/p>\n","protected":false},"featured_media":57529,"template":"","meta":{"_seopress_robots_primary_cat":"none","_seopress_titles_title":"","_seopress_titles_desc":"","_seopress_robots_index":""},"product_brand":[4404],"product_cat":[29,514,559],"product_tag":[],"class_list":{"0":"post-505849","1":"product","2":"type-product","3":"status-publish","4":"has-post-thumbnail","6":"product_brand-stiga","7":"product_cat-macchinari","8":"product_cat-altri-dispositivi","9":"product_cat-frese-neve","11":"first","12":"instock","13":"shipping-taxable","14":"purchasable","15":"product-type-simple"},"_links":{"self":[{"href":"https:\/\/lucacastelli.com\/de\/wp-json\/wp\/v2\/product\/505849","targetHints":{"allow":["GET"]}}],"collection":[{"href":"https:\/\/lucacastelli.com\/de\/wp-json\/wp\/v2\/product"}],"about":[{"href":"https:\/\/lucacastelli.com\/de\/wp-json\/wp\/v2\/types\/product"}],"wp:featuredmedia":[{"embeddable":true,"href":"https:\/\/lucacastelli.com\/de\/wp-json\/wp\/v2\/media\/57529"}],"wp:attachment":[{"href":"https:\/\/lucacastelli.com\/de\/wp-json\/wp\/v2\/media?parent=505849"}],"wp:term":[{"taxonomy":"product_brand","embeddable":true,"href":"https:\/\/lucacastelli.com\/de\/wp-json\/wp\/v2\/product_brand?post=505849"},{"taxonomy":"product_cat","embeddable":true,"href":"https:\/\/lucacastelli.com\/de\/wp-json\/wp\/v2\/product_cat?post=505849"},{"taxonomy":"product_tag","embeddable":true,"href":"https:\/\/lucacastelli.com\/de\/wp-json\/wp\/v2\/product_tag?post=505849"}],"curies":[{"name":"wp","href":"https:\/\/api.w.org\/{rel}","templated":true}]}}