{"id":505841,"date":"2023-05-19T13:44:55","date_gmt":"2023-05-19T11:44:55","guid":{"rendered":"https:\/\/lucacastelli.com\/prodotto\/stema-athena-2\/"},"modified":"2025-08-05T13:47:44","modified_gmt":"2025-08-05T11:47:44","slug":"stema-athena-2","status":"publish","type":"product","link":"https:\/\/lucacastelli.com\/de\/produkt\/stema-athena-2\/","title":{"rendered":"STEMA ATHENA 2"},"content":{"rendered":"<p>Rasen-Hochgrasm\u00e4her \/ Tondeuse- Broyeuse<\/p>\n<p>Diese Maschine kann als Schredder und Zerkleinerer verwendet werden. Zum Reinigen und Schreddern<br \/>\nRasen wird der Fangsack von 70 Litern eingeh\u00e4ngt, das Mulchen von hohem Gras und Gestr\u00fcpp erfolgt mit dem leicht<br \/>\nmontierbaren Seitenauswurf. Dank der freien Anordnung der beiden Rassen ist dieses Tier sehr bequem und leicht zu handhaben.<br \/>\nlenken. Aufgrund der gro\u00dfen Hilfsmotoren ist die Bedienung der Maschine auch im Freien problematisch. Mit der 2-Haken-Maschine hat der Mensch maximale Flexibilit\u00e4t f\u00fcr jede Arbeit. Diese leistungsstarke Maschine ist auch sehr zuverl\u00e4ssig mit<br \/>\nnassem Gras fertig.     <\/p>\n<p>  Dieses vielseitige Ger\u00e4t ist sowohl Rasenm\u00e4her als auch H\u00e4cksler. Am Heck des M\u00e4hers kann ein 70 Liter fassender Grasbeh\u00e4lter angebracht werden.<br \/>\nDas Schnittgut kann direkt \u00fcber den Grasfangkorb entsorgt werden. F\u00fcr hohes Gras und Gestr\u00fcpp ist die Maschine mit einem einfach zu installierenden Seitenauswurf ausgestattet. Die Maschine ist dank des Differentialsystems mit<br \/>\nleicht zu man\u00f6vrieren. Die Maschine ist dank des Differentialsystems mit Stollen, die auf beide R\u00e4der wirken, leicht zu man\u00f6vrieren. Unebenes Gel\u00e4nde ist f\u00fcr diese Maschine kein Problem.<br \/>\nmit zwei gro\u00dfen Antriebsr\u00e4dern. Mit zwei Geschwindigkeiten bietet er f\u00fcr jede Situation das richtige Arbeitstempo.<br \/>\nDank des leistungsstarken Schneidwerks ist auch nasses Gras kein Problem.     <\/p>\n<p>Motor \/ Motor HONDA GCV 160 5 PS OHC \/ HP<br \/>\nG\u00e4nge \/ Speed 2 Vorw\u00e4rtsg\u00e4nge \/ 2 steps forward<br \/>\nFahrgeschwindigkeit 2,3 \/ 4,0 km\/h<br \/>\nKupplung \/ Clutch f\u00fcr Radantrieb im Oelbad \/ for oil bath drive wheels<br \/>\nMesserantrieb \/ direkter Messerantrieb mit drittem Lager und Sicherheitsschraube \/ direkt mit<br \/>\ndirekt mit 3. Lager und Sicherungsschraube<br \/>\nAntriebsr\u00e4der \/ Drive wheels 300 mm Durchmesser \/ diameter 300 mm<br \/>\nAchse \/ Differential leichtes Lenken durch Freilaufschaltung \/ cleat system for easy driving<br \/>\nSchwenkr\u00e4der \/ Swivel castors vorne 2 \/ 2 \u00e0 l\u02bcavant<br \/>\nHandholmen \/ Handlebar h\u00f6henverstellbar \/ height adjustable<br \/>\nSchnitth\u00f6he \/ Cutting height in 7 Positionen einstellbar \/ 7 positions<br \/>\nMulchgeh\u00e4use \/ Carter umstellbar von Seitenauswurf auf Heckaufnahme mit Fangkorb \/<br \/>\naustauschbar f\u00fcr Seitenauswurf oder Heckaufnahme<br \/>\nGrasfangkorb \/ Sammelbox 70 l<br \/>\nSchnittbreite \/ Cutting width 50 cm<br \/>\nGewicht \/ Weight approx. 58 kg \/ ca.<br \/>\nAbmessung \/ Dimensions L 147 cm, B 58 cm, H 100 cm<\/p>\n","protected":false},"excerpt":{"rendered":"<p>Rasen-Hochgrasm\u00e4her \/ Tondeuse- Broyeuse Diese Maschine kann als Schredder und Zerkleinerer verwendet werden. Zum Reinigen und Schreddern Rasen wird der<\/p>\n","protected":false},"featured_media":55492,"template":"","meta":{"_seopress_robots_primary_cat":"","_seopress_titles_title":"","_seopress_titles_desc":"","_seopress_robots_index":""},"product_brand":[4711],"product_cat":[1454,1500,169],"product_tag":[],"class_list":{"0":"post-505841","1":"product","2":"type-product","3":"status-publish","4":"has-post-thumbnail","6":"product_brand-stema-de","7":"product_cat-andere-gerate","8":"product_cat-mahmaschinen","9":"product_cat-maschinen","11":"first","12":"onbackorder","13":"shipping-taxable","14":"purchasable","15":"product-type-simple"},"_links":{"self":[{"href":"https:\/\/lucacastelli.com\/de\/wp-json\/wp\/v2\/product\/505841","targetHints":{"allow":["GET"]}}],"collection":[{"href":"https:\/\/lucacastelli.com\/de\/wp-json\/wp\/v2\/product"}],"about":[{"href":"https:\/\/lucacastelli.com\/de\/wp-json\/wp\/v2\/types\/product"}],"wp:featuredmedia":[{"embeddable":true,"href":"https:\/\/lucacastelli.com\/de\/wp-json\/wp\/v2\/media\/55492"}],"wp:attachment":[{"href":"https:\/\/lucacastelli.com\/de\/wp-json\/wp\/v2\/media?parent=505841"}],"wp:term":[{"taxonomy":"product_brand","embeddable":true,"href":"https:\/\/lucacastelli.com\/de\/wp-json\/wp\/v2\/product_brand?post=505841"},{"taxonomy":"product_cat","embeddable":true,"href":"https:\/\/lucacastelli.com\/de\/wp-json\/wp\/v2\/product_cat?post=505841"},{"taxonomy":"product_tag","embeddable":true,"href":"https:\/\/lucacastelli.com\/de\/wp-json\/wp\/v2\/product_tag?post=505841"}],"curies":[{"name":"wp","href":"https:\/\/api.w.org\/{rel}","templated":true}]}}