{"id":505822,"date":"2023-05-19T13:25:27","date_gmt":"2023-05-19T11:25:27","guid":{"rendered":"https:\/\/lucacastelli.com\/prodotto\/stema-p-55-sc\/"},"modified":"2025-08-05T13:47:42","modified_gmt":"2025-08-05T11:47:42","slug":"stema-p-55-sc","status":"publish","type":"product","link":"https:\/\/lucacastelli.com\/de\/produkt\/stema-p-55-sc\/","title":{"rendered":"STEMA P 55 SC"},"content":{"rendered":"<p>Scheibenm\u00e4her \/ Kreiselm\u00e4her<\/p>\n<p>Dieses kompakte und leistungsstarke Scheibenm\u00e4hwerk ist einfach zu warten und eignet sich zum M\u00e4hen von Futterwiesen.<br \/>\nforage meadows.<\/p>\n<p>Kompakter, leistungsstarker Kreiselm\u00e4her. Einfach zu bedienen. Besonders geeignet f\u00fcr Gr\u00fcnland<br \/>\nVierbeiner.  <\/p>\n<p>Einsatzbereich \/ Utilisation hohes Gras bis 60 cm \/ herbes hautes jusqu&#8217; \u00e0 60 cm<br \/>\nMotor \/ Motor B&amp;S 675 5,5 PS OHV \/ PS<br \/>\nG\u00e4nge \/ Vitesse 1 + 1 G\u00e4nge \/ Vitesse<br \/>\nGeschwindigkeit \/ Vitesse d&#8217;avancement 2,4 km\/h R 1,2 km\/h<br \/>\nBremse \/ Bremse mit automatischem Getriebe \/ \u00e0 transmission automatique<br \/>\nKupplung \/ Embrayage independent pour roues et faucheuse \/ ind\u00e9pendant pour roues et faucheuse<br \/>\nMancorrenti \/ Mancheron in der H\u00f6he verstellbar, klappbar \/ r\u00e9glable en hauteur, rabattable<br \/>\nReifen\/R\u00e4der 13&#215;5.00-6, \u00d8 34 cm<br \/>\nM\u00e4hwerk \/ Schneidsystem 57 cm 4-Messer-Scheibe \/ disque \u00e0 4 couteaux<br \/>\nGeschwindigkeit\/Drehzahl 2750 U\/min<br \/>\nGewicht \/ Poids 82 kg<br \/>\nAbmessungen \/ Abmessungen L 165 cm, B 63 cm, H 95 cm<\/p>\n","protected":false},"excerpt":{"rendered":"<p>Scheibenm\u00e4her \/ Kreiselm\u00e4her Dieses kompakte und leistungsstarke Scheibenm\u00e4hwerk ist einfach zu warten und eignet sich zum M\u00e4hen von Futterwiesen. forage<\/p>\n","protected":false},"featured_media":55487,"template":"","meta":{"_seopress_robots_primary_cat":"","_seopress_titles_title":"","_seopress_titles_desc":"","_seopress_robots_index":""},"product_brand":[4711],"product_cat":[1454,1500,169],"product_tag":[],"class_list":{"0":"post-505822","1":"product","2":"type-product","3":"status-publish","4":"has-post-thumbnail","6":"product_brand-stema-de","7":"product_cat-andere-gerate","8":"product_cat-mahmaschinen","9":"product_cat-maschinen","11":"first","12":"onbackorder","13":"shipping-taxable","14":"purchasable","15":"product-type-simple"},"_links":{"self":[{"href":"https:\/\/lucacastelli.com\/de\/wp-json\/wp\/v2\/product\/505822","targetHints":{"allow":["GET"]}}],"collection":[{"href":"https:\/\/lucacastelli.com\/de\/wp-json\/wp\/v2\/product"}],"about":[{"href":"https:\/\/lucacastelli.com\/de\/wp-json\/wp\/v2\/types\/product"}],"wp:featuredmedia":[{"embeddable":true,"href":"https:\/\/lucacastelli.com\/de\/wp-json\/wp\/v2\/media\/55487"}],"wp:attachment":[{"href":"https:\/\/lucacastelli.com\/de\/wp-json\/wp\/v2\/media?parent=505822"}],"wp:term":[{"taxonomy":"product_brand","embeddable":true,"href":"https:\/\/lucacastelli.com\/de\/wp-json\/wp\/v2\/product_brand?post=505822"},{"taxonomy":"product_cat","embeddable":true,"href":"https:\/\/lucacastelli.com\/de\/wp-json\/wp\/v2\/product_cat?post=505822"},{"taxonomy":"product_tag","embeddable":true,"href":"https:\/\/lucacastelli.com\/de\/wp-json\/wp\/v2\/product_tag?post=505822"}],"curies":[{"name":"wp","href":"https:\/\/api.w.org\/{rel}","templated":true}]}}