{"id":505799,"date":"2022-10-14T10:17:47","date_gmt":"2022-10-14T08:17:47","guid":{"rendered":"https:\/\/lucacastelli.com\/prodotto\/fennotex-tapio-expert-arbeitsjacke\/"},"modified":"2025-11-02T22:45:31","modified_gmt":"2025-11-02T21:45:31","slug":"fennotex-tapio-expert-arbeitsjacke","status":"publish","type":"product","link":"https:\/\/lucacastelli.com\/de\/produkt\/fennotex-tapio-expert-arbeitsjacke\/","title":{"rendered":"FENNOTEX Tapio Expert Arbeitsjacke"},"content":{"rendered":"<p>Diese Arbeitsjacke garantiert dank der rot-gelben Farbe zu jeder Jahreszeit eine gute Sichtbarkeit und damit Sicherheit.<\/p>\n<p>Dank des Stretchgewebes, aus dem es besteht, ist es auch sehr angenehm zu tragen. Dar\u00fcber hinaus ist die Arbeitsjacke Tapio EXPERT mit einem atmungsaktiven Innenfutter und Bel\u00fcftungs\u00f6ffnungen unter den Armen ausgestattet. <\/p>\n<p>&#8211; Farbe: HV gelb \/ rot \/ Konvoi<br \/>\n&#8211; angenehm zu tragen dank des Stretchgewebes<br \/>\n&#8211; es hat wasserdichtes TopTex-Gewebe an den Achseln, das an den Ellbogen<br \/>\n mit Kevlar\u00ae verst\u00e4rkt ist- 2 Brusttaschen und 2 Seitentaschen mit Rei\u00dfverschluss<br \/>\n&#8211; Atmungsaktives<br \/>\n Futter- Bel\u00fcftung unter den Armen<\/p>\n","protected":false},"excerpt":{"rendered":"<p>Diese Arbeitsjacke garantiert dank der rot-gelben Farbe zu jeder Jahreszeit eine gute Sichtbarkeit und damit Sicherheit. Dank des Stretchgewebes, aus<\/p>\n","protected":false},"featured_media":43496,"template":"","meta":{"_seopress_robots_primary_cat":"","_seopress_titles_title":"","_seopress_titles_desc":"","_seopress_robots_index":""},"product_brand":[4707],"product_cat":[1382,82],"product_tag":[5804],"class_list":{"0":"post-505799","1":"product","2":"type-product","3":"status-publish","4":"has-post-thumbnail","6":"product_brand-tapio-de","7":"product_cat-arbeitskleidung","8":"product_cat-kleidung","9":"product_tag-luzern2025","10":"sws-gruppo-abb-libero-de","11":"sws-conto-ricavi-merci-rivendita-abbigliamento-de","12":"sws-gruppo-iva-iva81-de","14":"first","15":"onbackorder","16":"shipping-taxable","17":"purchasable","18":"product-type-variable"},"_links":{"self":[{"href":"https:\/\/lucacastelli.com\/de\/wp-json\/wp\/v2\/product\/505799","targetHints":{"allow":["GET"]}}],"collection":[{"href":"https:\/\/lucacastelli.com\/de\/wp-json\/wp\/v2\/product"}],"about":[{"href":"https:\/\/lucacastelli.com\/de\/wp-json\/wp\/v2\/types\/product"}],"wp:featuredmedia":[{"embeddable":true,"href":"https:\/\/lucacastelli.com\/de\/wp-json\/wp\/v2\/media\/43496"}],"wp:attachment":[{"href":"https:\/\/lucacastelli.com\/de\/wp-json\/wp\/v2\/media?parent=505799"}],"wp:term":[{"taxonomy":"product_brand","embeddable":true,"href":"https:\/\/lucacastelli.com\/de\/wp-json\/wp\/v2\/product_brand?post=505799"},{"taxonomy":"product_cat","embeddable":true,"href":"https:\/\/lucacastelli.com\/de\/wp-json\/wp\/v2\/product_cat?post=505799"},{"taxonomy":"product_tag","embeddable":true,"href":"https:\/\/lucacastelli.com\/de\/wp-json\/wp\/v2\/product_tag?post=505799"}],"curies":[{"name":"wp","href":"https:\/\/api.w.org\/{rel}","templated":true}]}}