{"id":505788,"date":"2023-05-20T09:13:11","date_gmt":"2023-05-20T07:13:11","guid":{"rendered":"https:\/\/lucacastelli.com\/prodotto\/stema-p-70\/"},"modified":"2025-08-05T13:41:54","modified_gmt":"2025-08-05T11:41:54","slug":"stema-p-70","status":"publish","type":"product","link":"https:\/\/lucacastelli.com\/de\/produkt\/stema-p-70\/","title":{"rendered":"STEMA P 70"},"content":{"rendered":"<p>Eine Mehrzweckmaschine zum M\u00e4hen oder Mulchen von steilen H\u00e4ngen. Durch die Oszillation bleibt der Motor<br \/>\nbis zu einer Neigung von 40\u00b0 horizontal. Griffige Stahlr\u00e4der verhindern ein Abrutschen.  <\/p>\n<p>Eine Mehrzweckmaschine zum M\u00e4hen oder R\u00e4umen von steilen H\u00e4ngen. Dank eines Oszillationssystems bleibt der Motor bis zu einer Neigung von 40\u00b0 horizontal.<br \/>\nMotor bleibt bis zu einer Neigung von 40\u00b0 horizontal. Rollen mit Stahlbacken verhindern ein Verrutschen der Maschine.<br \/>\nslip. <\/p>\n<p>Motor \/ B&amp; MotorS 850E 6,5 PS OHV \/ cv<br \/>\nGears \/ Vitesses 3 forwards and 2 backwards \/ 3 marches avant et 2 marches arri\u00e8re<br \/>\nSpeed \/ Vitesse d&#8217;avancement V 1,08\/2,5\/3,4 &#8211; R 1,08\/2,1 km\/h<br \/>\nGetriebe \/ Gearbox oil-bath \/ par engrenages \u00e0 bain d&#8217;huile<br \/>\nKupplung \/ Embrayage unabh\u00e4ngig f\u00fcr Fahr- u.. M\u00e4hwerk \/ ind\u00e9pendant p. l&#8217;entra\u00eenement des roues et de l&#8217;outil<br \/>\nBrake \/ Frein Brake de transmission \/ sur la transmission<br \/>\nTyres \/ Wheels 15&#215;6.00 &#8211; 6<br \/>\nAxe \/ Axe Freilaufnabe lockbar \/ moyeu roue libre \u00e9quip\u00e9 d&#8217;un verrouilleur<br \/>\nHandholmen \/ Mancheron height- und seitenversbar, wendbar um 180\u00b0 \/ r\u00e9glable en hauteur et lat\u00e9ralment,<br \/>\n reversibel<br \/>\nSchnitth\u00f6he \/ Hauteur de coupe adjustable \/ reversible<br \/>\nMulchgeh\u00e4use \/ Carter with rear discharge \/ \u00e0 \u00e9jection arri\u00e8re<br \/>\nSchnittbreite \/ Largeur de coupe 65 cm<br \/>\nGewicht \/ Poids ca. 88 kg \/ environ<br \/>\nAbmessungen \/ Dimensions L 200 cm, B 67 cm, H 100 cm <\/p>\n","protected":false},"excerpt":{"rendered":"<p>Eine Mehrzweckmaschine zum M\u00e4hen oder Mulchen von steilen H\u00e4ngen. Durch die Oszillation bleibt der Motor bis zu einer Neigung von<\/p>\n","protected":false},"featured_media":55547,"template":"","meta":{"_seopress_robots_primary_cat":"","_seopress_titles_title":"","_seopress_titles_desc":"","_seopress_robots_index":""},"product_brand":[4711],"product_cat":[1454,169,1522],"product_tag":[],"class_list":{"0":"post-505788","1":"product","2":"type-product","3":"status-publish","4":"has-post-thumbnail","6":"product_brand-stema-de","7":"product_cat-andere-gerate","8":"product_cat-maschinen","9":"product_cat-mehrzweck-maschinen","11":"first","12":"onbackorder","13":"shipping-taxable","14":"purchasable","15":"product-type-simple"},"_links":{"self":[{"href":"https:\/\/lucacastelli.com\/de\/wp-json\/wp\/v2\/product\/505788","targetHints":{"allow":["GET"]}}],"collection":[{"href":"https:\/\/lucacastelli.com\/de\/wp-json\/wp\/v2\/product"}],"about":[{"href":"https:\/\/lucacastelli.com\/de\/wp-json\/wp\/v2\/types\/product"}],"wp:featuredmedia":[{"embeddable":true,"href":"https:\/\/lucacastelli.com\/de\/wp-json\/wp\/v2\/media\/55547"}],"wp:attachment":[{"href":"https:\/\/lucacastelli.com\/de\/wp-json\/wp\/v2\/media?parent=505788"}],"wp:term":[{"taxonomy":"product_brand","embeddable":true,"href":"https:\/\/lucacastelli.com\/de\/wp-json\/wp\/v2\/product_brand?post=505788"},{"taxonomy":"product_cat","embeddable":true,"href":"https:\/\/lucacastelli.com\/de\/wp-json\/wp\/v2\/product_cat?post=505788"},{"taxonomy":"product_tag","embeddable":true,"href":"https:\/\/lucacastelli.com\/de\/wp-json\/wp\/v2\/product_tag?post=505788"}],"curies":[{"name":"wp","href":"https:\/\/api.w.org\/{rel}","templated":true}]}}