{"id":505782,"date":"2023-05-20T08:42:16","date_gmt":"2023-05-20T06:42:16","guid":{"rendered":"https:\/\/lucacastelli.com\/prodotto\/stema-m-58\/"},"modified":"2025-08-05T13:43:45","modified_gmt":"2025-08-05T11:43:45","slug":"stema-m-58","status":"publish","type":"product","link":"https:\/\/lucacastelli.com\/de\/produkt\/stema-m-58\/","title":{"rendered":"STEMA M 58"},"content":{"rendered":"<p>Selbstfahrende S\u00e4maschine \/<br \/>\nSelbsts\u00e4maschine<\/p>\n<p>Pr\u00e4zise S\u00e4maschine f\u00fcr die Aussaat von Rasenfl\u00e4chen. Die Saatgutmenge wird mit dem Handhebel und<br \/>\ngenau dosiert und von der Stachelwalze eingearbeitet. Durch die geteilte F\u00fchrungsrolle ist die S\u00e4maschine leicht zu fahren.  <\/p>\n<p>Pr\u00e4zisionss\u00e4maschine f\u00fcr die Aussaat von Gazon. Die Saatgutmenge wird mit der<br \/>\nHauptwaage genau dosiert und dank des Stachelzylinders eingearbeitet. Mit dem separaten Zuf\u00fchrungszylinder l\u00e4sst sich das Saatgut einfach lenken.<br \/>\neasy to direct.  <\/p>\n<p>Motor \/ Motor HONDA GX100 2,8 PS \/ cv<br \/>\nGetriebe \/ Transmission 1 forward gear \/ 1 Vorw\u00e4rtsgang<br \/>\nFeststellbremse \/ Frein de stationnement Ja \/ Oui<br \/>\nLenkung \/ Direction by separate rollers \/ par des rouleaux s\u00e9par\u00e9s<br \/>\nTransmission roller \/ Rouleau d&#8217;entra\u00eenement autopulente \/ autonettoyant<br \/>\nBreite Arbeitsbreite \/ Largeur de travail 58 cm<br \/>\nSaatgutbeh\u00e4lter \/ R\u00e9cipient \u00e0 graines 40 litres \/ litres<br \/>\nMischen \/ M\u00e9lange avec un balais perlon \/ avec un balais perlon<br \/>\nDosierung \/ Dosierung mit Handhebel \/ avec levier \u00e0 main<br \/>\nGewicht \/ Poids 135 kg<br \/>\nAbmessung \/ Dimensions L 145, B 67, H 105 cm<\/p>\n","protected":false},"excerpt":{"rendered":"<p>Selbstfahrende S\u00e4maschine \/ Selbsts\u00e4maschine Pr\u00e4zise S\u00e4maschine f\u00fcr die Aussaat von Rasenfl\u00e4chen. Die Saatgutmenge wird mit dem Handhebel und genau dosiert<\/p>\n","protected":false},"featured_media":55542,"template":"","meta":{"_seopress_robots_primary_cat":"","_seopress_titles_title":"","_seopress_titles_desc":"","_seopress_robots_index":""},"product_brand":[4711],"product_cat":[1454,169,1536],"product_tag":[],"class_list":{"0":"post-505782","1":"product","2":"type-product","3":"status-publish","4":"has-post-thumbnail","6":"product_brand-stema-de","7":"product_cat-andere-gerate","8":"product_cat-maschinen","9":"product_cat-samaschinen","11":"first","12":"onbackorder","13":"shipping-taxable","14":"purchasable","15":"product-type-simple"},"_links":{"self":[{"href":"https:\/\/lucacastelli.com\/de\/wp-json\/wp\/v2\/product\/505782","targetHints":{"allow":["GET"]}}],"collection":[{"href":"https:\/\/lucacastelli.com\/de\/wp-json\/wp\/v2\/product"}],"about":[{"href":"https:\/\/lucacastelli.com\/de\/wp-json\/wp\/v2\/types\/product"}],"wp:featuredmedia":[{"embeddable":true,"href":"https:\/\/lucacastelli.com\/de\/wp-json\/wp\/v2\/media\/55542"}],"wp:attachment":[{"href":"https:\/\/lucacastelli.com\/de\/wp-json\/wp\/v2\/media?parent=505782"}],"wp:term":[{"taxonomy":"product_brand","embeddable":true,"href":"https:\/\/lucacastelli.com\/de\/wp-json\/wp\/v2\/product_brand?post=505782"},{"taxonomy":"product_cat","embeddable":true,"href":"https:\/\/lucacastelli.com\/de\/wp-json\/wp\/v2\/product_cat?post=505782"},{"taxonomy":"product_tag","embeddable":true,"href":"https:\/\/lucacastelli.com\/de\/wp-json\/wp\/v2\/product_tag?post=505782"}],"curies":[{"name":"wp","href":"https:\/\/api.w.org\/{rel}","templated":true}]}}