{"id":505779,"date":"2023-05-19T19:45:49","date_gmt":"2023-05-19T17:45:49","guid":{"rendered":"https:\/\/lucacastelli.com\/prodotto\/stema-rotex-75\/"},"modified":"2025-08-05T13:41:51","modified_gmt":"2025-08-05T11:41:51","slug":"stema-rotex-75","status":"publish","type":"product","link":"https:\/\/lucacastelli.com\/de\/produkt\/stema-rotex-75\/","title":{"rendered":"STEMA ROTEX 75"},"content":{"rendered":"<p>Hochgrasmulcher \/ M\u00e4her  <\/p>\n<p>Dieser robuste M\u00e4her kann auch mit dem Spezialmesser Hochgraswiesen und Wildwuchs m\u00fchelos<br \/>\nm\u00e4hen und ist in allen Arbeitsbereichen einsetzbar. Dank der Umstrukturierung der Anschlusspunkte und<br \/>\nlinks, ist die Maschine leicht verl\u00e4ngert. Die stabile Bauweise der Maschine, Boten und<br \/>\nAntriebes machen diese Maschine zu einem echten Gewinn.  <\/p>\n<p>Dieser robuste M\u00e4her mit seinem Spezialmesser schneidet fein in hohem Gras und Gestr\u00fcpp und garantiert auch bei nassem Gras ein optimales Ergebnis. Er verteilt das Schnittgut \u00fcber den gesamten Arbeitsbereich.<br \/>\nden gesamten Arbeitsbereich. Dank der rechten oder linken Radabschaltung l\u00e4sst sich die Maschine<br \/>\nleicht fahren. Die solide Konstruktion des Geh\u00e4uses und des Schneidwerks sowie die Robustheit des Motors machen ihn zu einem professionellen Ger\u00e4t.<br \/>\nprofessional.   <\/p>\n<p>Motor \/ Motor HONDA GXV390 13 PS OHV \/ hp<br \/>\nG\u00e4nge \/ Speed 2 Vor- und 1 R\u00fcckw\u00e4rtsgang \/ 2 vorw\u00e4rts und 1 r\u00fcckw\u00e4rts<br \/>\nGeschwindigkeit V 2,5 \/ 4,2 km\/h, R 1,5 km\/h<br \/>\nGetriebe \/ Transmission Zahnradgetriebe im Oelbad \/ mit geschlossenen Zahnr\u00e4dern im \u00d6lbad<br \/>\nBremse \/ Brakes automatische Getriebebremse \/ with automatic transmission<br \/>\nKupplung \/ Clutch f\u00fcr Radantrieb und M\u00e4hwerk unabh\u00e4ngig \/ independent for wheels and cutting element<br \/>\nBereifung \/ R\u00e4der 16&#215;6.50-8 Breitreifen \/ Breitreifen<br \/>\nAchse \/ Differential on Handhebel schaltbar \/ switchable with hand lever<br \/>\nHandholmen \/ Mancheron h\u00f6hen- und seitenverstellbar, schwingungsged\u00e4mpft \/ height- and side-adjustable, equipped with anti-vibration device<br \/>\nMulchgeh\u00e4use \/ Carter mit Heckauswurf und freischwingenden Messern \/ with rear ejection and movable knives<br \/>\nM\u00e4hbreite \/ Cutting width 75 cm<br \/>\nGewicht \/ Weight approx. 120 kg \/ approx.<br \/>\nAbmessung \/ Dimensions L 175 cm, B 77 cm, H 95\/60 cm<\/p>\n","protected":false},"excerpt":{"rendered":"<p>Hochgrasmulcher \/ M\u00e4her Dieser robuste M\u00e4her kann auch mit dem Spezialmesser Hochgraswiesen und Wildwuchs m\u00fchelos m\u00e4hen und ist in allen<\/p>\n","protected":false},"featured_media":55537,"template":"","meta":{"_seopress_robots_primary_cat":"","_seopress_titles_title":"","_seopress_titles_desc":"","_seopress_robots_index":""},"product_brand":[4390],"product_cat":[29,514,544],"product_tag":[],"class_list":{"0":"post-505779","1":"product","2":"type-product","3":"status-publish","4":"has-post-thumbnail","6":"product_brand-stema","7":"product_cat-macchinari","8":"product_cat-altri-dispositivi","9":"product_cat-falciatrici","11":"first","12":"onbackorder","13":"shipping-taxable","14":"purchasable","15":"product-type-simple"},"_links":{"self":[{"href":"https:\/\/lucacastelli.com\/de\/wp-json\/wp\/v2\/product\/505779","targetHints":{"allow":["GET"]}}],"collection":[{"href":"https:\/\/lucacastelli.com\/de\/wp-json\/wp\/v2\/product"}],"about":[{"href":"https:\/\/lucacastelli.com\/de\/wp-json\/wp\/v2\/types\/product"}],"wp:featuredmedia":[{"embeddable":true,"href":"https:\/\/lucacastelli.com\/de\/wp-json\/wp\/v2\/media\/55537"}],"wp:attachment":[{"href":"https:\/\/lucacastelli.com\/de\/wp-json\/wp\/v2\/media?parent=505779"}],"wp:term":[{"taxonomy":"product_brand","embeddable":true,"href":"https:\/\/lucacastelli.com\/de\/wp-json\/wp\/v2\/product_brand?post=505779"},{"taxonomy":"product_cat","embeddable":true,"href":"https:\/\/lucacastelli.com\/de\/wp-json\/wp\/v2\/product_cat?post=505779"},{"taxonomy":"product_tag","embeddable":true,"href":"https:\/\/lucacastelli.com\/de\/wp-json\/wp\/v2\/product_tag?post=505779"}],"curies":[{"name":"wp","href":"https:\/\/api.w.org\/{rel}","templated":true}]}}