{"id":505778,"date":"2023-05-19T19:45:27","date_gmt":"2023-05-19T17:45:27","guid":{"rendered":"https:\/\/lucacastelli.com\/prodotto\/stema-rl-1400\/"},"modified":"2025-08-05T13:41:53","modified_gmt":"2025-08-05T11:41:53","slug":"stema-rl-1400","status":"publish","type":"product","link":"https:\/\/lucacastelli.com\/de\/produkt\/stema-rl-1400\/","title":{"rendered":"STEMA RL 1400"},"content":{"rendered":"<p>Mulchger\u00e4t f\u00fcr hohes Gras \/ Broyeuses<\/p>\n<p>Leistungsstarkes Mulchger\u00e4t f\u00fcr hohes Gras und Gestr\u00fcpp zum M\u00e4hen von unbewirtschafteten Rasenfl\u00e4chen oder zum M\u00e4hen von W\u00e4ldern.<br \/>\nim Wald. Das integrierte Differenzial macht die Maschine leicht drehbar. Die robuste Konstruktion der Maschine<br \/>\nDie robuste Konstruktion des M\u00e4hwerks und des Getriebes machen ihn zu einer professionellen Maschine.  <\/p>\n<p>Leistungsstarker M\u00e4her f\u00fcr hohes Gras und Laub, zur Pflege von unbewirtschaftetem Gr\u00fcnland oder zum M\u00e4hen in W\u00e4ldern.<br \/>\nin W\u00e4ldern. Mit seinem separaten Differential ist die Maschine leicht zu handhaben. Die solide Konstruktion des Geh\u00e4uses<br \/>\nund die Robustheit des Motors machen ihn zu einer professionellen Maschine.  <\/p>\n<p>Motor \/ Motor GXV 340 11 HP OHV \/ hp<br \/>\nGears \/ Vitesses 4 vorw\u00e4rts und 1 r\u00fcckw\u00e4rts \/ 4 marches avant et 1 marche arri\u00e8re<br \/>\nGeschwindigkeit \/ Vitesse d&#8217;avancement 1,6 &#8211; 3,9 km\/h<br \/>\nBremse \/ Frein ja \/ oui<br \/>\nKupplung \/ Embrayage pour les roues et l&#8217;\u00e9l\u00e9ment de coupe independent \/ ind\u00e9pendant pour les roues et l&#8217;\u00e9l\u00e9ment de coupe<br \/>\nReifen \/ Roues 16&#215;6.50 &#8211; 8 Breitreifen \/ pneus larges<br \/>\nDifferenziale \/ Diff\u00e9rentiel bloccabile \/ blocable<br \/>\nHandlauf \/ Mancheron in der H\u00f6he verstellbar und klappbar \/ r\u00e9glable en hauteur et rabattable<br \/>\nSchnitth\u00f6he \/ Hauteur de coupe in 3 Positionen einstellbar \/ 3 positions r\u00e9glables<br \/>\nMulchgeh\u00e4use \/ Carter mit Heckauswurf \/ avec \u00e9jection \u00e0 l&#8217;arri\u00e8re<br \/>\nSchnittbreite \/ Largeur de coupe 63 cm<br \/>\nGewicht \/ Poids ca. 120 kg \/ environ<br \/>\nAbmessungen \/ Dimension L 187 cm, B 68 cm, H 107\/80 cm<\/p>\n","protected":false},"excerpt":{"rendered":"<p>Mulchger\u00e4t f\u00fcr hohes Gras \/ Broyeuses Leistungsstarkes Mulchger\u00e4t f\u00fcr hohes Gras und Gestr\u00fcpp zum M\u00e4hen von unbewirtschafteten Rasenfl\u00e4chen oder zum<\/p>\n","protected":false},"featured_media":55532,"template":"","meta":{"_seopress_robots_primary_cat":"","_seopress_titles_title":"","_seopress_titles_desc":"","_seopress_robots_index":""},"product_brand":[4711],"product_cat":[1454,1500,169],"product_tag":[],"class_list":{"0":"post-505778","1":"product","2":"type-product","3":"status-publish","4":"has-post-thumbnail","6":"product_brand-stema-de","7":"product_cat-andere-gerate","8":"product_cat-mahmaschinen","9":"product_cat-maschinen","11":"first","12":"onbackorder","13":"shipping-taxable","14":"purchasable","15":"product-type-simple"},"_links":{"self":[{"href":"https:\/\/lucacastelli.com\/de\/wp-json\/wp\/v2\/product\/505778","targetHints":{"allow":["GET"]}}],"collection":[{"href":"https:\/\/lucacastelli.com\/de\/wp-json\/wp\/v2\/product"}],"about":[{"href":"https:\/\/lucacastelli.com\/de\/wp-json\/wp\/v2\/types\/product"}],"wp:featuredmedia":[{"embeddable":true,"href":"https:\/\/lucacastelli.com\/de\/wp-json\/wp\/v2\/media\/55532"}],"wp:attachment":[{"href":"https:\/\/lucacastelli.com\/de\/wp-json\/wp\/v2\/media?parent=505778"}],"wp:term":[{"taxonomy":"product_brand","embeddable":true,"href":"https:\/\/lucacastelli.com\/de\/wp-json\/wp\/v2\/product_brand?post=505778"},{"taxonomy":"product_cat","embeddable":true,"href":"https:\/\/lucacastelli.com\/de\/wp-json\/wp\/v2\/product_cat?post=505778"},{"taxonomy":"product_tag","embeddable":true,"href":"https:\/\/lucacastelli.com\/de\/wp-json\/wp\/v2\/product_tag?post=505778"}],"curies":[{"name":"wp","href":"https:\/\/api.w.org\/{rel}","templated":true}]}}