{"id":505775,"date":"2023-05-19T19:33:03","date_gmt":"2023-05-19T17:33:03","guid":{"rendered":"https:\/\/lucacastelli.com\/prodotto\/stema-rl-115\/"},"modified":"2025-08-05T13:43:45","modified_gmt":"2025-08-05T11:43:45","slug":"stema-rl-115","status":"publish","type":"product","link":"https:\/\/lucacastelli.com\/de\/produkt\/stema-rl-115\/","title":{"rendered":"STEMA RL 115"},"content":{"rendered":"<p>Mulchger\u00e4t f\u00fcr hohes Gras\/ Faucheuse-Broyeuses<\/p>\n<p>Dieser robuste M\u00e4her mulcht hohes Gras und Wildwuchs m\u00fchelos, auch bei nassem Schnittgut, und verteilt es \u00fcber die gesamte Arbeitsbreite.<br \/>\n\u00fcber die gesamte Arbeitsbreite. Dank des feststellbaren Freilaufs ist die Maschine leicht zu man\u00f6vrieren.<br \/>\nwendig. Die robuste Konstruktion des M\u00e4hk\u00f6rpers, des Messerlagers und des Getriebes machen ihn zu einer professionellen Maschine.<br \/>\nprofessional machine.  <\/p>\n<p>Cette faucheuse-broyeuse robuste broie facilement herbes hautes et broussailles m\u00eame en cas d&#8217;herbe mouill\u00e9e. Elle<br \/>\nverteilt das Schneidgut \u00fcber die gesamte Arbeitsfl\u00e4che. Sein System von verschiedenen Klingen erleichtert das Man\u00f6vrieren.<br \/>\nmanoeuvre ais\u00e9e. Seine Robustheit und sein Design machen ihn zu einer Maschine f\u00fcr den professionellen Einsatz.   <\/p>\n<p>Motor \/ Motor B&amp;S 850e 6 hp OHV \/ hp<br \/>\nG\u00e4nge \/ Vitesses vorw\u00e4rts stufenlos, 1 R\u00fcckw\u00e4rtsgang \/ marche avant en continuum, 1 marche arri\u00e8re<br \/>\nGeschwindigkeit \/ Vitesse l&#8217;avancement 1,7 &#8211; 3,8 km\/h<br \/>\nBremse \/ Frein ja \/ oui<br \/>\nKupplung \/ Embrayage pour les roues et l&#8217;\u00e9l\u00e9ment de coupe independent \/ ind\u00e9pendant pour les roues et l&#8217;\u00e9l\u00e9ment de coupe<br \/>\nReifen\/R\u00e4der 3.50 &#8211; 6<br \/>\nAxle \/ Diff\u00e9rentiel lFreilaufnaben, abschlie\u00dfbar \/ syst\u00e8me \u00e0 taquets, blocable<br \/>\nHandholmen \/ Mancheron in der H\u00f6he verstellbar und faltbar f\u00fcr Trandsport \/ r\u00e9glable en hauteur et rabattable<br \/>\nSchnitth\u00f6he \/ Hauteur de coupe in 3 Positionen einstellbar \/ 3 positions r\u00e9glables<br \/>\nMulchgeh\u00e4use \/ Carter mit Heckauswurf \/ avec \u00e9jection \u00e0 l&#8217;arri\u00e8re<br \/>\nSchnittbreite \/ Largeur de coupe 55 cm<br \/>\nGewicht \/ Poids ca. 94 kg \/ environ<br \/>\nAbmessung \/ Dimensions L 151 cm, B 60 cm, H 104\/70 cm<\/p>\n","protected":false},"excerpt":{"rendered":"<p>Mulchger\u00e4t f\u00fcr hohes Gras\/ Faucheuse-Broyeuses Dieser robuste M\u00e4her mulcht hohes Gras und Wildwuchs m\u00fchelos, auch bei nassem Schnittgut, und verteilt<\/p>\n","protected":false},"featured_media":55527,"template":"","meta":{"_seopress_robots_primary_cat":"","_seopress_titles_title":"","_seopress_titles_desc":"","_seopress_robots_index":""},"product_brand":[4711],"product_cat":[1454,1500,169],"product_tag":[],"class_list":{"0":"post-505775","1":"product","2":"type-product","3":"status-publish","4":"has-post-thumbnail","6":"product_brand-stema-de","7":"product_cat-andere-gerate","8":"product_cat-mahmaschinen","9":"product_cat-maschinen","11":"first","12":"onbackorder","13":"shipping-taxable","14":"purchasable","15":"product-type-simple"},"_links":{"self":[{"href":"https:\/\/lucacastelli.com\/de\/wp-json\/wp\/v2\/product\/505775","targetHints":{"allow":["GET"]}}],"collection":[{"href":"https:\/\/lucacastelli.com\/de\/wp-json\/wp\/v2\/product"}],"about":[{"href":"https:\/\/lucacastelli.com\/de\/wp-json\/wp\/v2\/types\/product"}],"wp:featuredmedia":[{"embeddable":true,"href":"https:\/\/lucacastelli.com\/de\/wp-json\/wp\/v2\/media\/55527"}],"wp:attachment":[{"href":"https:\/\/lucacastelli.com\/de\/wp-json\/wp\/v2\/media?parent=505775"}],"wp:term":[{"taxonomy":"product_brand","embeddable":true,"href":"https:\/\/lucacastelli.com\/de\/wp-json\/wp\/v2\/product_brand?post=505775"},{"taxonomy":"product_cat","embeddable":true,"href":"https:\/\/lucacastelli.com\/de\/wp-json\/wp\/v2\/product_cat?post=505775"},{"taxonomy":"product_tag","embeddable":true,"href":"https:\/\/lucacastelli.com\/de\/wp-json\/wp\/v2\/product_tag?post=505775"}],"curies":[{"name":"wp","href":"https:\/\/api.w.org\/{rel}","templated":true}]}}