{"id":505769,"date":"2023-05-19T19:31:22","date_gmt":"2023-05-19T17:31:22","guid":{"rendered":"https:\/\/lucacastelli.com\/prodotto\/recato-system-60\/"},"modified":"2025-08-05T13:43:40","modified_gmt":"2025-08-05T11:43:40","slug":"recato-system-60","status":"publish","type":"product","link":"https:\/\/lucacastelli.com\/de\/produkt\/recato-system-60\/","title":{"rendered":"VERSENKTER SCHAFT 60"},"content":{"rendered":"<p>Sichelm\u00e4her \/ Faucheuse-broyeuse<\/p>\n<p>Leistungsstarker Hochgrasmulcher bis zu einer Fl\u00e4che von 6000 m2<br \/>\n. Der Heckauswurf ist ideal zum M\u00e4hen von Stra\u00dfenr\u00e4ndern<br \/>\nStra\u00dfenr\u00e4ndern, in Reihenkulturen oder zum M\u00e4hen von Weinbergen. Der selbsteinstellende vordere Spritzschutz wird<br \/>\nautomatisch an die H\u00f6he des zu m\u00e4henden Grases angepasst und verhindert, dass das M\u00e4hgut nach au\u00dfen gespritzt wird.<br \/>\nder reduzierten Schnitte. Die gro\u00dfen Antriebsr\u00e4der erm\u00f6glichen das Arbeiten auf unebenem Gel\u00e4nde und das Befahren steiler H\u00e4nge.<br \/>\nund das Befahren steiler H\u00e4nge. Die beiden feststellbaren vorderen Schwenkr\u00e4der verhindern, dass die Maschine<br \/>\nauf absch\u00fcssigem Gel\u00e4nde umkippt.    <\/p>\n<p>Faucheuse-broyeuse puissante pour une surface jusqu \u00e0 6000 m2<br \/>\n. Der Auswurf bei der Ankunft ist ideal f\u00fcr<br \/>\nStra\u00dfenr\u00e4nder, Reihenkulturen oder Weinberge. Die an der Vorderseite des Geh\u00e4uses<br \/>\nangebrachte Gelenkd\u00fcse passt sich automatisch an die H\u00f6he des Bodens an und vermeidet \u00dcberst\u00e4nde beim Auswerfen. Die gro\u00dfen R\u00e4der<br \/>\nDie gro\u00dfen R\u00e4der sorgen f\u00fcr ein optimales Fahrverhalten, auch in unebenem Gel\u00e4nde oder an steilen H\u00e4ngen. Die<br \/>\nzwei schwenkbaren R\u00e4der an der Vorderseite, die arretiert werden k\u00f6nnen, verhindern ein Umkippen der Maschine.    <\/p>\n<p>Motor \/ Motore HONDA GXV340 11 PS OHV \/ cv<br \/>\nIngranaggi \/ Vitesses 3 marches avant et 1 marche arri\u00e8re \/ 3 marches avant et 1 marche arri\u00e8re<br \/>\nSpeed \/ Vitesse d&#8217;avancement 1,9 \/ 2,5 \/ 3,3 km\/h<br \/>\nGetriebe \/ Cambio a bagno d&#8217;olio \/ engrenages \u00e0 bain d&#8217;huile<br \/>\nKupplung \/ Embrayage f\u00fcr Rad- u.. Messerantrieb \/ for wheel and hitch feed<br \/>\nReifen\/R\u00e4der 4.00-8AS<br \/>\nAxle \/ Diff\u00e9rentiel mit umschaltbaren Freilaufnaben \/ syst\u00e8me \u00e0 taquets commutable<br \/>\nVordere Lenkrollen \/ Roues pivotantes \u00e0 l&#8217;avant 2, lockable \/ 2, blocables<br \/>\nHandlauf \/ Mancheron in der H\u00f6he verstellbar \/ r\u00e9glable en hauteur<br \/>\nSchnitth\u00f6he \/ Hauteur de coupe in 4 Positionen einstellbar \/ 4 Positionen<br \/>\nMulchgeh\u00e4use \/ Carter mit Heckauswurf und Spritzschutz \/ \u00e9jection \u00e0 l&#8217;arri\u00e8re et capot de protection<br \/>\nSchnittbreite \/ Largeur de coupe 60 cm<br \/>\nGewicht \/ Poids ca. 120 kg \/ environ<br \/>\nAbmessungen \/ Abmessungen L 176 cm, B 65 cm, H 98 cm<\/p>\n","protected":false},"excerpt":{"rendered":"<p>Sichelm\u00e4her \/ Faucheuse-broyeuse Leistungsstarker Hochgrasmulcher bis zu einer Fl\u00e4che von 6000 m2 . Der Heckauswurf ist ideal zum M\u00e4hen von<\/p>\n","protected":false},"featured_media":55522,"template":"","meta":{"_seopress_robots_primary_cat":"","_seopress_titles_title":"","_seopress_titles_desc":"","_seopress_robots_index":""},"product_brand":[4711],"product_cat":[1454,1500,169],"product_tag":[],"class_list":{"0":"post-505769","1":"product","2":"type-product","3":"status-publish","4":"has-post-thumbnail","6":"product_brand-stema-de","7":"product_cat-andere-gerate","8":"product_cat-mahmaschinen","9":"product_cat-maschinen","11":"first","12":"onbackorder","13":"shipping-taxable","14":"purchasable","15":"product-type-simple"},"_links":{"self":[{"href":"https:\/\/lucacastelli.com\/de\/wp-json\/wp\/v2\/product\/505769","targetHints":{"allow":["GET"]}}],"collection":[{"href":"https:\/\/lucacastelli.com\/de\/wp-json\/wp\/v2\/product"}],"about":[{"href":"https:\/\/lucacastelli.com\/de\/wp-json\/wp\/v2\/types\/product"}],"wp:featuredmedia":[{"embeddable":true,"href":"https:\/\/lucacastelli.com\/de\/wp-json\/wp\/v2\/media\/55522"}],"wp:attachment":[{"href":"https:\/\/lucacastelli.com\/de\/wp-json\/wp\/v2\/media?parent=505769"}],"wp:term":[{"taxonomy":"product_brand","embeddable":true,"href":"https:\/\/lucacastelli.com\/de\/wp-json\/wp\/v2\/product_brand?post=505769"},{"taxonomy":"product_cat","embeddable":true,"href":"https:\/\/lucacastelli.com\/de\/wp-json\/wp\/v2\/product_cat?post=505769"},{"taxonomy":"product_tag","embeddable":true,"href":"https:\/\/lucacastelli.com\/de\/wp-json\/wp\/v2\/product_tag?post=505769"}],"curies":[{"name":"wp","href":"https:\/\/api.w.org\/{rel}","templated":true}]}}