{"id":505766,"date":"2023-05-19T14:51:45","date_gmt":"2023-05-19T12:51:45","guid":{"rendered":"https:\/\/lucacastelli.com\/prodotto\/stema-horizont\/"},"modified":"2025-08-05T13:43:33","modified_gmt":"2025-08-05T11:43:33","slug":"stema-horizont","status":"publish","type":"product","link":"https:\/\/lucacastelli.com\/de\/produkt\/stema-horizont\/","title":{"rendered":"STEMA HORIZON"},"content":{"rendered":"<p>M\u00e4hmaschine \/ Faucheuse-broyeuse<\/p>\n<p>M\u00e4her zum Mulchen von Rasenfl\u00e4chen und hohem Gras. Dank seiner robusten Bauweise kann das Ger\u00e4t<br \/>\nauf privaten und professionellen Fl\u00e4chen von bis zu 4000 m2 eingesetzt werden.<br \/>\n. Die gro\u00dfen, rutschfesten Antriebsr\u00e4der erm\u00f6glichen den Einsatz der Maschine auch auf unebenem Boden.  <\/p>\n<p>  Eine Maschine f\u00fcr Gazellen und hohes Gras. Ihre Robustheit macht sie zu einer idealen Maschine f\u00fcr den privaten und professionellen Einsatz.<br \/>\nprivaten und professionellen Einsatz. Die gro\u00dfen motorisierten R\u00e4der sorgen f\u00fcr optimalen Halt und maximale Leistung auch auf unwegsamem Gel\u00e4nde.<br \/>\nauf unwegsamem Gel\u00e4nde.  <\/p>\n<p>HONDA GCV160 5-PS-OHC-Motor<br \/>\nG\u00e4nge \/ Vitesse 1 Vorw\u00e4rtsgang \/ 1 Vorw\u00e4rtsgang<br \/>\nGeschwindigkeit \/ Vitesse d&#8217;avancement 3,0 km\/h<br \/>\nKupplung \/ Transmission pour les roues motrices \/ pour les roues motrices<br \/>\nLamellen\u00fcbertragung \/ Entra\u00eenement des couteaux indirect via V-belt (Motorschutz) mit Lamellenbremse \/<br \/>\nindirekt \u00fcber Riemen (Motorschutz) mit Lamellenbremse \/ indirect par courroie (protection du moteur) avec frein de lame<br \/>\nReifen \/ Bereifung 3.50-6 AS<br \/>\nAxle \/ Diff\u00e9rentiel easy steering by freewheel hubs, lockable \/ syst\u00e8me \u00e0 taquets, blocable<br \/>\nLenker \/ Mancheron adjustable in height, foldable \/ r\u00e9glable en hauteur et rabattable<br \/>\nSchnitth\u00f6he \/ Hauteur de coupe centralis\u00e9, 5 Positionen 50-90 mm \/ r\u00e9glage centralis\u00e9, 5 positions, 50 \u00e0 90 mm<br \/>\nAbsaugen von Gras \/ Ouverture du carter mit selbstregulierendem Spritzschutzblech \/ la coupole s&#8217;adapte automaquement \u00e0 la hauteur de l&#8217;herbe<br \/>\nCarter mit Heckauswurf und Spritzschutz \/ Au\u00dfenauswurf und Schutz<br \/>\nSchnittbreite \/ Largeur de coupe 51 cm<br \/>\nGewicht \/ Poids ca. 64 kg \/ environ<br \/>\nAbmessungen \/ Dimensions L 155 cm, B 54 cm, H 95\/53 cm<\/p>\n","protected":false},"excerpt":{"rendered":"<p>M\u00e4hmaschine \/ Faucheuse-broyeuse M\u00e4her zum Mulchen von Rasenfl\u00e4chen und hohem Gras. Dank seiner robusten Bauweise kann das Ger\u00e4t auf privaten<\/p>\n","protected":false},"featured_media":55512,"template":"","meta":{"_seopress_robots_primary_cat":"","_seopress_titles_title":"","_seopress_titles_desc":"","_seopress_robots_index":""},"product_brand":[4390],"product_cat":[29,514,544],"product_tag":[],"class_list":{"0":"post-505766","1":"product","2":"type-product","3":"status-publish","4":"has-post-thumbnail","6":"product_brand-stema","7":"product_cat-macchinari","8":"product_cat-altri-dispositivi","9":"product_cat-falciatrici","11":"first","12":"onbackorder","13":"shipping-taxable","14":"purchasable","15":"product-type-simple"},"_links":{"self":[{"href":"https:\/\/lucacastelli.com\/de\/wp-json\/wp\/v2\/product\/505766","targetHints":{"allow":["GET"]}}],"collection":[{"href":"https:\/\/lucacastelli.com\/de\/wp-json\/wp\/v2\/product"}],"about":[{"href":"https:\/\/lucacastelli.com\/de\/wp-json\/wp\/v2\/types\/product"}],"wp:featuredmedia":[{"embeddable":true,"href":"https:\/\/lucacastelli.com\/de\/wp-json\/wp\/v2\/media\/55512"}],"wp:attachment":[{"href":"https:\/\/lucacastelli.com\/de\/wp-json\/wp\/v2\/media?parent=505766"}],"wp:term":[{"taxonomy":"product_brand","embeddable":true,"href":"https:\/\/lucacastelli.com\/de\/wp-json\/wp\/v2\/product_brand?post=505766"},{"taxonomy":"product_cat","embeddable":true,"href":"https:\/\/lucacastelli.com\/de\/wp-json\/wp\/v2\/product_cat?post=505766"},{"taxonomy":"product_tag","embeddable":true,"href":"https:\/\/lucacastelli.com\/de\/wp-json\/wp\/v2\/product_tag?post=505766"}],"curies":[{"name":"wp","href":"https:\/\/api.w.org\/{rel}","templated":true}]}}