{"id":505763,"date":"2023-05-19T19:18:38","date_gmt":"2023-05-19T17:18:38","guid":{"rendered":"https:\/\/lucacastelli.com\/prodotto\/stema-rl-210\/"},"modified":"2025-08-05T13:47:54","modified_gmt":"2025-08-05T11:47:54","slug":"stema-rl-210","status":"publish","type":"product","link":"https:\/\/lucacastelli.com\/de\/produkt\/stema-rl-210\/","title":{"rendered":"STEMA RL 210"},"content":{"rendered":"<p>M\u00e4hmaschine \/ Faucheuse-broyeuse<\/p>\n<p>Der M\u00e4her f\u00fcr hohes Gras und Gestr\u00fcpp bis zu einer Fl\u00e4che von 5000 m2<br \/>\n. M\u00e4hen und mulchen Sie nach Belieben.<br \/>\nGrasschnitt. Mit dem stufenlosen Getriebe k\u00f6nnen Sie in jedem Gel\u00e4nde die richtige Geschwindigkeit einstellen.<br \/>\nDas dickwandige Mulchgeh\u00e4use und der robuste Rahmen sorgen f\u00fcr eine lange Lebensdauer.<br \/>\nlange Lebensdauer.  <\/p>\n<p>Der Grasmulcher f\u00fcr hohes, geschnittenes Gras bis zu einer Fl\u00e4che von 5000 m2<br \/>\n. Fauche oder Broie<br \/>\nSie haben die Wahl des Auswurfelements. Das stufenlos einstellbare Getriebe erm\u00f6glicht die Anpassung der Arbeitsgeschwindigkeit an jedes Gel\u00e4nde.<br \/>\njedes Gel\u00e4nde. Die weich gepolsterte Verkleidung und der robuste Rahmen sorgen f\u00fcr eine hohe Lebensdauer der Maschine auch bei<br \/>\nrepetitiven und schwierigen Arbeiten.   <\/p>\n<p>Motor \/ Motor B&amp;S 850E 6 hp OHV \/ hp<br \/>\nG\u00e4nge \/ Vitesses vorw\u00e4rts stufenlos, 1 R\u00fcckw\u00e4rtsgang \/ marche avant en continuum, 1 marche arri\u00e8re<br \/>\nGeschwindigkeit \/ Vitesse 1,7 &#8211; 3,8 km\/h<br \/>\nBremse \/ Frein ja \/ oui<br \/>\nKupplung \/ Embrayage pour l&#8217;entra\u00eenement des roues \/ pour l&#8217;entra\u00eenement des roues<br \/>\nKupplung \/ Embrayage pour l&#8217;entra\u00eenement de lame avec frein \/ pour l&#8217;entra\u00eenement de lame avec frein<br \/>\nReifen\/R\u00e4der 3.50-6 AS<br \/>\nAxle \/ Diff\u00e9rentiel Freewheel hubs, lockable \/ syst\u00e8me \u00e0 taquets, blocable<br \/>\nVordere Lenkrollen \/ Roues pivotantes avant lockable \/ blocables<br \/>\nHandlauf \/ Mancheron mit H\u00f6henverstellung und klappbar f\u00fcr Transport \/ r\u00e9glable en hauteur, rabattable<br \/>\nSchnitth\u00f6he \/ Hauteur de coupe in 3 Stufen \/ 3 Positionen einstellbar<br \/>\nMulchgeh\u00e4use \/ Carter mit Seitenauswurf und Spritzschutz \/ avec \u00e9jection lat\u00e9rale et coupole de protection<br \/>\nSchnittbreite \/ Largeur de coupe 53 cm<br \/>\nGewicht \/ Poids ca. 80 kg \/ environ<br \/>\nAbmessungen \/ Dimensions L 176 cm, B 69 cm, H 101\/70 cm<\/p>\n","protected":false},"excerpt":{"rendered":"<p>M\u00e4hmaschine \/ Faucheuse-broyeuse Der M\u00e4her f\u00fcr hohes Gras und Gestr\u00fcpp bis zu einer Fl\u00e4che von 5000 m2 . M\u00e4hen und<\/p>\n","protected":false},"featured_media":55517,"template":"","meta":{"_seopress_robots_primary_cat":"","_seopress_titles_title":"","_seopress_titles_desc":"","_seopress_robots_index":""},"product_brand":[4711],"product_cat":[1454,1500,169],"product_tag":[],"class_list":{"0":"post-505763","1":"product","2":"type-product","3":"status-publish","4":"has-post-thumbnail","6":"product_brand-stema-de","7":"product_cat-andere-gerate","8":"product_cat-mahmaschinen","9":"product_cat-maschinen","11":"first","12":"onbackorder","13":"shipping-taxable","14":"purchasable","15":"product-type-simple"},"_links":{"self":[{"href":"https:\/\/lucacastelli.com\/de\/wp-json\/wp\/v2\/product\/505763","targetHints":{"allow":["GET"]}}],"collection":[{"href":"https:\/\/lucacastelli.com\/de\/wp-json\/wp\/v2\/product"}],"about":[{"href":"https:\/\/lucacastelli.com\/de\/wp-json\/wp\/v2\/types\/product"}],"wp:featuredmedia":[{"embeddable":true,"href":"https:\/\/lucacastelli.com\/de\/wp-json\/wp\/v2\/media\/55517"}],"wp:attachment":[{"href":"https:\/\/lucacastelli.com\/de\/wp-json\/wp\/v2\/media?parent=505763"}],"wp:term":[{"taxonomy":"product_brand","embeddable":true,"href":"https:\/\/lucacastelli.com\/de\/wp-json\/wp\/v2\/product_brand?post=505763"},{"taxonomy":"product_cat","embeddable":true,"href":"https:\/\/lucacastelli.com\/de\/wp-json\/wp\/v2\/product_cat?post=505763"},{"taxonomy":"product_tag","embeddable":true,"href":"https:\/\/lucacastelli.com\/de\/wp-json\/wp\/v2\/product_tag?post=505763"}],"curies":[{"name":"wp","href":"https:\/\/api.w.org\/{rel}","templated":true}]}}