{"id":505724,"date":"2024-08-31T14:30:49","date_gmt":"2024-08-31T12:30:49","guid":{"rendered":"https:\/\/lucacastelli.com\/prodotto\/eisbaer-cullen-os-mue-007\/"},"modified":"2026-03-01T00:10:56","modified_gmt":"2026-02-28T23:10:56","slug":"eisbaer-cullen-os-mue-007","status":"publish","type":"product","link":"https:\/\/lucacastelli.com\/de\/produkt\/eisbaer-cullen-os-mue-007\/","title":{"rendered":"EISB\u00c4R Cullen OS M\u00dc 007"},"content":{"rendered":"<p>Beschreibung<br \/>\nMit zwei dekorativen Kn\u00f6pfen an der Seite als Highlight ist mein schlankes, strukturiertes Strickmuster in Oversize-Passform nicht anders.<\/p>\n<p>Die bew\u00e4hrte Allwettertauglichkeit dank des bew\u00e4hrten 50\/50-Materialmixes: Mit einer mulesingfreien Mischung aus Merinowolle und Polyacryl biete ich eine hervorragende Isolierung bei niedrigen Temperaturen und leite Feuchtigkeit bei hoher Atmungsaktivit\u00e4t effektiv ab. Dank des zus\u00e4tzlichen Innenstirnbandes aus kuscheligem Fleece halte ich meine Ohren auch an den k\u00e4ltesten Wintertagen warm. <\/p>\n","protected":false},"excerpt":{"rendered":"<p>Beschreibung Mit zwei dekorativen Kn\u00f6pfen an der Seite als Highlight ist mein schlankes, strukturiertes Strickmuster in Oversize-Passform nicht anders. Die<\/p>\n","protected":false},"featured_media":97172,"template":"","meta":{"_seopress_robots_primary_cat":"","_seopress_titles_title":"","_seopress_titles_desc":"","_seopress_robots_index":""},"product_brand":[4397],"product_cat":[21,186],"product_tag":[],"class_list":{"0":"post-505724","1":"product","2":"type-product","3":"status-publish","4":"has-post-thumbnail","6":"product_brand-eisbar","7":"product_cat-abbigliamento","8":"product_cat-accessori-per-labbigliamento","10":"first","11":"instock","12":"shipping-taxable","13":"purchasable","14":"product-type-simple"},"_links":{"self":[{"href":"https:\/\/lucacastelli.com\/de\/wp-json\/wp\/v2\/product\/505724","targetHints":{"allow":["GET"]}}],"collection":[{"href":"https:\/\/lucacastelli.com\/de\/wp-json\/wp\/v2\/product"}],"about":[{"href":"https:\/\/lucacastelli.com\/de\/wp-json\/wp\/v2\/types\/product"}],"wp:featuredmedia":[{"embeddable":true,"href":"https:\/\/lucacastelli.com\/de\/wp-json\/wp\/v2\/media\/97172"}],"wp:attachment":[{"href":"https:\/\/lucacastelli.com\/de\/wp-json\/wp\/v2\/media?parent=505724"}],"wp:term":[{"taxonomy":"product_brand","embeddable":true,"href":"https:\/\/lucacastelli.com\/de\/wp-json\/wp\/v2\/product_brand?post=505724"},{"taxonomy":"product_cat","embeddable":true,"href":"https:\/\/lucacastelli.com\/de\/wp-json\/wp\/v2\/product_cat?post=505724"},{"taxonomy":"product_tag","embeddable":true,"href":"https:\/\/lucacastelli.com\/de\/wp-json\/wp\/v2\/product_tag?post=505724"}],"curies":[{"name":"wp","href":"https:\/\/api.w.org\/{rel}","templated":true}]}}