{"id":505713,"date":"2023-09-19T10:46:51","date_gmt":"2023-09-19T08:46:51","guid":{"rendered":"https:\/\/lucacastelli.com\/prodotto\/eisbaer-jay-pompon-kinder\/"},"modified":"2026-03-01T00:24:43","modified_gmt":"2026-02-28T23:24:43","slug":"eisbaer-jay-pompon-kinder","status":"publish","type":"product","link":"https:\/\/lucacastelli.com\/de\/produkt\/eisbaer-jay-pompon-kinder\/","title":{"rendered":"EISB\u00c4R Jay Pompon Kinder"},"content":{"rendered":"<p>BESCHREIBUNG<br \/>\nMit einem gut gew\u00e4hlten Farbmix hebt sich das handgestickte Eisb\u00e4r-Motiv von der groben Textur der H\u00e4kelnadel ab und peppt mit einem Wollpompon das Gesamtbild auf. Als Kinderm\u00fctze sitzt sie auch auf kleinsten Kopfumf\u00e4ngen bequem und sicher. <\/p>\n<p>Dank des zus\u00e4tzlichen Innenstirnbandes aus kuscheligem Fleece garantiere ich auch an den k\u00e4ltesten Wintertagen warme Ohren.<\/p>\n<p>MATERIAL<br \/>\n100% Polyacryl<br \/>\nINNENMATERIAL<br \/>\n100% Polyester<br \/>\nFIT<br \/>\nRegular<br \/>\nFit GR\u00d6SSE<br \/>\n55<\/p>\n","protected":false},"excerpt":{"rendered":"<p>BESCHREIBUNG Mit einem gut gew\u00e4hlten Farbmix hebt sich das handgestickte Eisb\u00e4r-Motiv von der groben Textur der H\u00e4kelnadel ab und peppt<\/p>\n","protected":false},"featured_media":97854,"template":"","meta":{"_seopress_robots_primary_cat":"","_seopress_titles_title":"","_seopress_titles_desc":"","_seopress_robots_index":""},"product_brand":[4675],"product_cat":[974,1385,82],"product_tag":[],"class_list":{"0":"post-505713","1":"product","2":"type-product","3":"status-publish","4":"has-post-thumbnail","6":"product_brand-eisbar-de","7":"product_cat-freizeitkleidung","8":"product_cat-kinderbekleidung","9":"product_cat-kleidung","11":"first","12":"instock","13":"shipping-taxable","14":"purchasable","15":"product-type-variable"},"_links":{"self":[{"href":"https:\/\/lucacastelli.com\/de\/wp-json\/wp\/v2\/product\/505713","targetHints":{"allow":["GET"]}}],"collection":[{"href":"https:\/\/lucacastelli.com\/de\/wp-json\/wp\/v2\/product"}],"about":[{"href":"https:\/\/lucacastelli.com\/de\/wp-json\/wp\/v2\/types\/product"}],"wp:featuredmedia":[{"embeddable":true,"href":"https:\/\/lucacastelli.com\/de\/wp-json\/wp\/v2\/media\/97854"}],"wp:attachment":[{"href":"https:\/\/lucacastelli.com\/de\/wp-json\/wp\/v2\/media?parent=505713"}],"wp:term":[{"taxonomy":"product_brand","embeddable":true,"href":"https:\/\/lucacastelli.com\/de\/wp-json\/wp\/v2\/product_brand?post=505713"},{"taxonomy":"product_cat","embeddable":true,"href":"https:\/\/lucacastelli.com\/de\/wp-json\/wp\/v2\/product_cat?post=505713"},{"taxonomy":"product_tag","embeddable":true,"href":"https:\/\/lucacastelli.com\/de\/wp-json\/wp\/v2\/product_tag?post=505713"}],"curies":[{"name":"wp","href":"https:\/\/api.w.org\/{rel}","templated":true}]}}