{"id":505678,"date":"2022-07-12T09:55:13","date_gmt":"2022-07-12T07:55:13","guid":{"rendered":"https:\/\/lucacastelli.com\/prodotto\/francital-schuetzende-kapselgehoerschuetzer-fuer-kinder\/"},"modified":"2022-07-12T09:55:13","modified_gmt":"2022-07-12T07:55:13","slug":"francital-schuetzende-kapselgehoerschuetzer-fuer-kinder","status":"publish","type":"product","link":"https:\/\/lucacastelli.com\/de\/produkt\/francital-schuetzende-kapselgehoerschuetzer-fuer-kinder\/","title":{"rendered":"FRANCITAL Sch\u00fctzende Kapselgeh\u00f6rsch\u00fctzer f\u00fcr Kinder"},"content":{"rendered":"<p>Geh\u00f6rschutz f\u00fcr Kinder<\/p>\n<p>EN352-1<\/p>\n","protected":false},"excerpt":{"rendered":"<p>Geh\u00f6rschutz f\u00fcr Kinder EN352-1<\/p>\n","protected":false},"featured_media":75891,"template":"","meta":{"_seopress_robots_primary_cat":"","_seopress_titles_title":"","_seopress_titles_desc":"","_seopress_robots_index":""},"product_brand":[4679],"product_cat":[974,1385,82],"product_tag":[],"class_list":{"0":"post-505678","1":"product","2":"type-product","3":"status-publish","4":"has-post-thumbnail","6":"product_brand-francital-de","7":"product_cat-freizeitkleidung","8":"product_cat-kinderbekleidung","9":"product_cat-kleidung","11":"first","12":"instock","13":"shipping-taxable","14":"purchasable","15":"product-type-variable"},"_links":{"self":[{"href":"https:\/\/lucacastelli.com\/de\/wp-json\/wp\/v2\/product\/505678","targetHints":{"allow":["GET"]}}],"collection":[{"href":"https:\/\/lucacastelli.com\/de\/wp-json\/wp\/v2\/product"}],"about":[{"href":"https:\/\/lucacastelli.com\/de\/wp-json\/wp\/v2\/types\/product"}],"wp:featuredmedia":[{"embeddable":true,"href":"https:\/\/lucacastelli.com\/de\/wp-json\/wp\/v2\/media\/75891"}],"wp:attachment":[{"href":"https:\/\/lucacastelli.com\/de\/wp-json\/wp\/v2\/media?parent=505678"}],"wp:term":[{"taxonomy":"product_brand","embeddable":true,"href":"https:\/\/lucacastelli.com\/de\/wp-json\/wp\/v2\/product_brand?post=505678"},{"taxonomy":"product_cat","embeddable":true,"href":"https:\/\/lucacastelli.com\/de\/wp-json\/wp\/v2\/product_cat?post=505678"},{"taxonomy":"product_tag","embeddable":true,"href":"https:\/\/lucacastelli.com\/de\/wp-json\/wp\/v2\/product_tag?post=505678"}],"curies":[{"name":"wp","href":"https:\/\/api.w.org\/{rel}","templated":true}]}}