{"id":505667,"date":"2023-06-21T08:16:08","date_gmt":"2023-06-21T06:16:08","guid":{"rendered":"https:\/\/lucacastelli.com\/prodotto\/gm-tech-faellkeil-fk-20\/"},"modified":"2026-03-09T00:37:16","modified_gmt":"2026-03-08T23:37:16","slug":"gm-tech-faellkeil-fk-20","status":"publish","type":"product","link":"https:\/\/lucacastelli.com\/de\/produkt\/gm-tech-faellkeil-fk-20\/","title":{"rendered":"GM Tech Mechanischer F\u00e4llkeil FK 20"},"content":{"rendered":"<p>1\/2 Zoll Steckschl\u00fcssel im<br \/>\nSpannfutter Ausgelegt f\u00fcr Schlagschrauber bis 800Nm<\/p>\n<p>Ableitkraft gleich ca. 20to<\/p>\n<p>Gewicht: 2,9 kg<\/p>\n<p>L\u00e4nge &#8211; Breite &#8211; H\u00f6he: 435 mm &#8211; 69 mm &#8211; 78 mm<\/p>\n<p>Arml\u00e4nge: 100 mm<\/p>\n","protected":false},"excerpt":{"rendered":"<p>1\/2 Zoll Steckschl\u00fcssel im Spannfutter Ausgelegt f\u00fcr Schlagschrauber bis 800Nm Ableitkraft gleich ca. 20to Gewicht: 2,9 kg L\u00e4nge &#8211; Breite<\/p>\n","protected":false},"featured_media":92279,"template":"","meta":{"_seopress_robots_primary_cat":"","_seopress_titles_title":"","_seopress_titles_desc":"","_seopress_robots_index":""},"product_brand":[4683],"product_cat":[169,1700],"product_tag":[],"class_list":{"0":"post-505667","1":"product","2":"type-product","3":"status-publish","4":"has-post-thumbnail","6":"product_brand-gm-tech-de","7":"product_cat-maschinen","8":"product_cat-forstwirtschaftliche-werkzeuge-und-zubehor","9":"sws-gruppo-attrezz","10":"sws-categoria-sito","11":"sws-conto-ricavi-merci-rivendita-macchinari","12":"sws-gruppo-iva-iva81","14":"first","15":"instock","16":"shipping-taxable","17":"purchasable","18":"product-type-simple"},"_links":{"self":[{"href":"https:\/\/lucacastelli.com\/de\/wp-json\/wp\/v2\/product\/505667","targetHints":{"allow":["GET"]}}],"collection":[{"href":"https:\/\/lucacastelli.com\/de\/wp-json\/wp\/v2\/product"}],"about":[{"href":"https:\/\/lucacastelli.com\/de\/wp-json\/wp\/v2\/types\/product"}],"wp:featuredmedia":[{"embeddable":true,"href":"https:\/\/lucacastelli.com\/de\/wp-json\/wp\/v2\/media\/92279"}],"wp:attachment":[{"href":"https:\/\/lucacastelli.com\/de\/wp-json\/wp\/v2\/media?parent=505667"}],"wp:term":[{"taxonomy":"product_brand","embeddable":true,"href":"https:\/\/lucacastelli.com\/de\/wp-json\/wp\/v2\/product_brand?post=505667"},{"taxonomy":"product_cat","embeddable":true,"href":"https:\/\/lucacastelli.com\/de\/wp-json\/wp\/v2\/product_cat?post=505667"},{"taxonomy":"product_tag","embeddable":true,"href":"https:\/\/lucacastelli.com\/de\/wp-json\/wp\/v2\/product_tag?post=505667"}],"curies":[{"name":"wp","href":"https:\/\/api.w.org\/{rel}","templated":true}]}}