{"id":505595,"date":"2023-04-03T12:14:39","date_gmt":"2023-04-03T10:14:39","guid":{"rendered":"https:\/\/lucacastelli.com\/prodotto\/cmp-kid-hose-mit-reissverschluss\/"},"modified":"2023-04-03T12:14:39","modified_gmt":"2023-04-03T10:14:39","slug":"cmp-kid-hose-mit-reissverschluss","status":"publish","type":"product","link":"https:\/\/lucacastelli.com\/de\/produkt\/cmp-kid-hose-mit-reissverschluss\/","title":{"rendered":"CMP Kid Hose mit Rei\u00dfverschluss"},"content":{"rendered":"<p>Wanderhose im Cargo-Modell mit Rei\u00dfverschluss \u00fcber den Knien, um sie bei Sommerwanderungen, bei denen das Wetter pl\u00f6tzlich umschlagen kann, leicht in Bermudashorts zu verwandeln. Die Dry Function-Technologie erleichtert die Transpiration von Feuchtigkeit und die normale W\u00e4rmeregulierung des K\u00f6rpers, was in Kombination mit dem Stretchgewebe, das auch vor Sonnenstrahlen sch\u00fctzen kann, Komfort und Wohlbefinden auch bei den intensivsten Ausfl\u00fcgen garantiert. Die zahlreichen Taschen, wie die Seitentaschen mit Rei\u00dfverschluss und die tiefen \u00fcber den Knien, erm\u00f6glichen es Ihnen, alles zu transportieren, was Sie brauchen.  <\/p>\n","protected":false},"excerpt":{"rendered":"<p>Wanderhose im Cargo-Modell mit Rei\u00dfverschluss \u00fcber den Knien, um sie bei Sommerwanderungen, bei denen das Wetter pl\u00f6tzlich umschlagen kann, leicht<\/p>\n","protected":false},"featured_media":88481,"template":"","meta":{"_seopress_robots_primary_cat":"","_seopress_titles_title":"","_seopress_titles_desc":"","_seopress_robots_index":""},"product_brand":[4498],"product_cat":[974,1385,82],"product_tag":[],"class_list":{"0":"post-505595","1":"product","2":"type-product","3":"status-publish","4":"has-post-thumbnail","6":"product_brand-cmp-de","7":"product_cat-freizeitkleidung","8":"product_cat-kinderbekleidung","9":"product_cat-kleidung","11":"first","12":"instock","13":"shipping-taxable","14":"purchasable","15":"product-type-variable"},"_links":{"self":[{"href":"https:\/\/lucacastelli.com\/de\/wp-json\/wp\/v2\/product\/505595","targetHints":{"allow":["GET"]}}],"collection":[{"href":"https:\/\/lucacastelli.com\/de\/wp-json\/wp\/v2\/product"}],"about":[{"href":"https:\/\/lucacastelli.com\/de\/wp-json\/wp\/v2\/types\/product"}],"wp:featuredmedia":[{"embeddable":true,"href":"https:\/\/lucacastelli.com\/de\/wp-json\/wp\/v2\/media\/88481"}],"wp:attachment":[{"href":"https:\/\/lucacastelli.com\/de\/wp-json\/wp\/v2\/media?parent=505595"}],"wp:term":[{"taxonomy":"product_brand","embeddable":true,"href":"https:\/\/lucacastelli.com\/de\/wp-json\/wp\/v2\/product_brand?post=505595"},{"taxonomy":"product_cat","embeddable":true,"href":"https:\/\/lucacastelli.com\/de\/wp-json\/wp\/v2\/product_cat?post=505595"},{"taxonomy":"product_tag","embeddable":true,"href":"https:\/\/lucacastelli.com\/de\/wp-json\/wp\/v2\/product_tag?post=505595"}],"curies":[{"name":"wp","href":"https:\/\/api.w.org\/{rel}","templated":true}]}}