{"id":505543,"date":"2023-04-03T08:46:56","date_gmt":"2023-04-03T06:46:56","guid":{"rendered":"https:\/\/lucacastelli.com\/prodotto\/cmp-kind-jersey-t-shirt\/"},"modified":"2023-04-03T08:46:56","modified_gmt":"2023-04-03T06:46:56","slug":"cmp-kind-jersey-t-shirt","status":"publish","type":"product","link":"https:\/\/lucacastelli.com\/de\/produkt\/cmp-kind-jersey-t-shirt\/","title":{"rendered":"CMP Kind Jersey T-Shirt"},"content":{"rendered":"<p>Melange T-Shirt aus Polyester-Jersey, frisch und leicht. Die Behandlung, die die Bildung von schlechten Ger\u00fcchen hemmt, und die Dry-Function-Technologie garantieren ein Gef\u00fchl des Wohlbefindens auch bei intensivsten sportlichen Aktivit\u00e4ten. <\/p>\n","protected":false},"excerpt":{"rendered":"<p>Melange T-Shirt aus Polyester-Jersey, frisch und leicht. Die Behandlung, die die Bildung von schlechten Ger\u00fcchen hemmt, und die Dry-Function-Technologie garantieren<\/p>\n","protected":false},"featured_media":88335,"template":"","meta":{"_seopress_robots_primary_cat":"","_seopress_titles_title":"","_seopress_titles_desc":"","_seopress_robots_index":""},"product_brand":[4498],"product_cat":[974,1385,82],"product_tag":[],"class_list":{"0":"post-505543","1":"product","2":"type-product","3":"status-publish","4":"has-post-thumbnail","6":"product_brand-cmp-de","7":"product_cat-freizeitkleidung","8":"product_cat-kinderbekleidung","9":"product_cat-kleidung","11":"first","12":"instock","13":"shipping-taxable","14":"purchasable","15":"product-type-variable"},"_links":{"self":[{"href":"https:\/\/lucacastelli.com\/de\/wp-json\/wp\/v2\/product\/505543","targetHints":{"allow":["GET"]}}],"collection":[{"href":"https:\/\/lucacastelli.com\/de\/wp-json\/wp\/v2\/product"}],"about":[{"href":"https:\/\/lucacastelli.com\/de\/wp-json\/wp\/v2\/types\/product"}],"wp:featuredmedia":[{"embeddable":true,"href":"https:\/\/lucacastelli.com\/de\/wp-json\/wp\/v2\/media\/88335"}],"wp:attachment":[{"href":"https:\/\/lucacastelli.com\/de\/wp-json\/wp\/v2\/media?parent=505543"}],"wp:term":[{"taxonomy":"product_brand","embeddable":true,"href":"https:\/\/lucacastelli.com\/de\/wp-json\/wp\/v2\/product_brand?post=505543"},{"taxonomy":"product_cat","embeddable":true,"href":"https:\/\/lucacastelli.com\/de\/wp-json\/wp\/v2\/product_cat?post=505543"},{"taxonomy":"product_tag","embeddable":true,"href":"https:\/\/lucacastelli.com\/de\/wp-json\/wp\/v2\/product_tag?post=505543"}],"curies":[{"name":"wp","href":"https:\/\/api.w.org\/{rel}","templated":true}]}}