{"id":505532,"date":"2023-03-23T11:06:43","date_gmt":"2023-03-23T10:06:43","guid":{"rendered":"https:\/\/lucacastelli.com\/prodotto\/cmp-kid-hybrid-weste-fix-kapuze\/"},"modified":"2023-03-23T11:06:43","modified_gmt":"2023-03-23T10:06:43","slug":"cmp-kid-hybrid-weste-fix-kapuze","status":"publish","type":"product","link":"https:\/\/lucacastelli.com\/de\/produkt\/cmp-kid-hybrid-weste-fix-kapuze\/","title":{"rendered":"CMP Kid Hybrid Weste Fix Kapuze"},"content":{"rendered":"<p>Hybridweste mit fester Kapuze. Das extraleichte Ripstop-Gewebe in Kombination mit der Feel Warm Flat-Wattierung bietet Schutz vor den Elementen und W\u00e4rme. Die wasserabweisende Au\u00dfenbehandlung ist vollst\u00e4ndig PFC-frei. Die Weste wird durch den Frontrei\u00dfverschluss mit winddichter und scheuerfester Klappe, eine elastische Kapuze und einen elastischen Boden sowie zwei Rei\u00dfverschlusstaschen vervollst\u00e4ndigt.   <\/p>\n","protected":false},"excerpt":{"rendered":"<p>Hybridweste mit fester Kapuze. Das extraleichte Ripstop-Gewebe in Kombination mit der Feel Warm Flat-Wattierung bietet Schutz vor den Elementen und<\/p>\n","protected":false},"featured_media":87791,"template":"","meta":{"_seopress_robots_primary_cat":"","_seopress_titles_title":"","_seopress_titles_desc":"","_seopress_robots_index":""},"product_brand":[4498],"product_cat":[974,1385,82],"product_tag":[],"class_list":{"0":"post-505532","1":"product","2":"type-product","3":"status-publish","4":"has-post-thumbnail","6":"product_brand-cmp-de","7":"product_cat-freizeitkleidung","8":"product_cat-kinderbekleidung","9":"product_cat-kleidung","11":"first","12":"instock","13":"shipping-taxable","14":"purchasable","15":"product-type-variable"},"_links":{"self":[{"href":"https:\/\/lucacastelli.com\/de\/wp-json\/wp\/v2\/product\/505532","targetHints":{"allow":["GET"]}}],"collection":[{"href":"https:\/\/lucacastelli.com\/de\/wp-json\/wp\/v2\/product"}],"about":[{"href":"https:\/\/lucacastelli.com\/de\/wp-json\/wp\/v2\/types\/product"}],"wp:featuredmedia":[{"embeddable":true,"href":"https:\/\/lucacastelli.com\/de\/wp-json\/wp\/v2\/media\/87791"}],"wp:attachment":[{"href":"https:\/\/lucacastelli.com\/de\/wp-json\/wp\/v2\/media?parent=505532"}],"wp:term":[{"taxonomy":"product_brand","embeddable":true,"href":"https:\/\/lucacastelli.com\/de\/wp-json\/wp\/v2\/product_brand?post=505532"},{"taxonomy":"product_cat","embeddable":true,"href":"https:\/\/lucacastelli.com\/de\/wp-json\/wp\/v2\/product_cat?post=505532"},{"taxonomy":"product_tag","embeddable":true,"href":"https:\/\/lucacastelli.com\/de\/wp-json\/wp\/v2\/product_tag?post=505532"}],"curies":[{"name":"wp","href":"https:\/\/api.w.org\/{rel}","templated":true}]}}