{"id":505512,"date":"2023-04-03T08:29:30","date_gmt":"2023-04-03T06:29:30","guid":{"rendered":"https:\/\/lucacastelli.com\/prodotto\/cmp-kid-bermuda\/"},"modified":"2023-04-03T08:29:30","modified_gmt":"2023-04-03T06:29:30","slug":"cmp-kid-bermuda","status":"publish","type":"product","link":"https:\/\/lucacastelli.com\/de\/produkt\/cmp-kid-bermuda\/","title":{"rendered":"CMP Kid Bermuda"},"content":{"rendered":"<p>Cargo-Trekkingshorts mit aufgesetzten Taschen. Die Dry Function-Technologie erleichtert die Transpiration von Feuchtigkeit und die normale W\u00e4rmeregulierung des K\u00f6rpers, was in Kombination mit dem Stretchgewebe, das auch vor Sonnenstrahlen sch\u00fctzen kann, Komfort und Wohlbefinden auch bei den intensivsten Ausfl\u00fcgen garantiert. Die zahlreichen Taschen, wie die Seitentaschen mit Rei\u00dfverschluss und die tiefen \u00fcber den Knien, erm\u00f6glichen es Ihnen, alles zu transportieren, was Sie brauchen.  <\/p>\n","protected":false},"excerpt":{"rendered":"<p>Cargo-Trekkingshorts mit aufgesetzten Taschen. Die Dry Function-Technologie erleichtert die Transpiration von Feuchtigkeit und die normale W\u00e4rmeregulierung des K\u00f6rpers, was in<\/p>\n","protected":false},"featured_media":88312,"template":"","meta":{"_seopress_robots_primary_cat":"","_seopress_titles_title":"","_seopress_titles_desc":"","_seopress_robots_index":""},"product_brand":[4498],"product_cat":[974,1385,82],"product_tag":[],"class_list":{"0":"post-505512","1":"product","2":"type-product","3":"status-publish","4":"has-post-thumbnail","6":"product_brand-cmp-de","7":"product_cat-freizeitkleidung","8":"product_cat-kinderbekleidung","9":"product_cat-kleidung","11":"first","12":"instock","13":"shipping-taxable","14":"purchasable","15":"product-type-variable"},"_links":{"self":[{"href":"https:\/\/lucacastelli.com\/de\/wp-json\/wp\/v2\/product\/505512","targetHints":{"allow":["GET"]}}],"collection":[{"href":"https:\/\/lucacastelli.com\/de\/wp-json\/wp\/v2\/product"}],"about":[{"href":"https:\/\/lucacastelli.com\/de\/wp-json\/wp\/v2\/types\/product"}],"wp:featuredmedia":[{"embeddable":true,"href":"https:\/\/lucacastelli.com\/de\/wp-json\/wp\/v2\/media\/88312"}],"wp:attachment":[{"href":"https:\/\/lucacastelli.com\/de\/wp-json\/wp\/v2\/media?parent=505512"}],"wp:term":[{"taxonomy":"product_brand","embeddable":true,"href":"https:\/\/lucacastelli.com\/de\/wp-json\/wp\/v2\/product_brand?post=505512"},{"taxonomy":"product_cat","embeddable":true,"href":"https:\/\/lucacastelli.com\/de\/wp-json\/wp\/v2\/product_cat?post=505512"},{"taxonomy":"product_tag","embeddable":true,"href":"https:\/\/lucacastelli.com\/de\/wp-json\/wp\/v2\/product_tag?post=505512"}],"curies":[{"name":"wp","href":"https:\/\/api.w.org\/{rel}","templated":true}]}}