{"id":505499,"date":"2023-03-21T11:17:18","date_gmt":"2023-03-21T10:17:18","guid":{"rendered":"https:\/\/lucacastelli.com\/prodotto\/cmp-kid-g-hybrid-jacke-in-stretch-performance\/"},"modified":"2023-03-21T11:17:18","modified_gmt":"2023-03-21T10:17:18","slug":"cmp-kid-g-hybrid-jacke-in-stretch-performance","status":"publish","type":"product","link":"https:\/\/lucacastelli.com\/de\/produkt\/cmp-kid-g-hybrid-jacke-in-stretch-performance\/","title":{"rendered":"CMP Kid G Hybrid Jacke in Stretch Performance"},"content":{"rendered":"<p>Hybrid-Jacke aus Stretch-Performance mit Wattierung auf der Vorderseite und Kapuze aus Feel Warm Flat, einem wasserabweisenden Sintermaterial. Der Frontrei\u00dfverschluss ist mit einer winddichten und scheuerfesten Klappe ausgestattet. Abgerundet wird das Kleidungsst\u00fcck durch zwei Seitentaschen, elastische B\u00fcndchen, Saum und Kapuze f\u00fcr eine bessere Passform am K\u00f6rper. Ein perfektes Kleidungsst\u00fcck f\u00fcr Outdoor-Aktivit\u00e4ten, als erste Schicht oder als zweite Schicht unter einer Shell, wenn die Temperaturen niedriger sind.   <\/p>\n","protected":false},"excerpt":{"rendered":"<p>Hybrid-Jacke aus Stretch-Performance mit Wattierung auf der Vorderseite und Kapuze aus Feel Warm Flat, einem wasserabweisenden Sintermaterial. Der Frontrei\u00dfverschluss ist<\/p>\n","protected":false},"featured_media":87601,"template":"","meta":{"_seopress_robots_primary_cat":"","_seopress_titles_title":"","_seopress_titles_desc":"","_seopress_robots_index":""},"product_brand":[4498],"product_cat":[974,1385,82],"product_tag":[],"class_list":{"0":"post-505499","1":"product","2":"type-product","3":"status-publish","4":"has-post-thumbnail","6":"product_brand-cmp-de","7":"product_cat-freizeitkleidung","8":"product_cat-kinderbekleidung","9":"product_cat-kleidung","10":"sws-gruppo-abb-libero-de","11":"sws-categoria-sito-de","12":"sws-conto-ricavi-merci-rivendita-abbigliamento-de","13":"sws-gruppo-iva-iva81-de","15":"first","16":"instock","17":"shipping-taxable","18":"purchasable","19":"product-type-variable"},"_links":{"self":[{"href":"https:\/\/lucacastelli.com\/de\/wp-json\/wp\/v2\/product\/505499","targetHints":{"allow":["GET"]}}],"collection":[{"href":"https:\/\/lucacastelli.com\/de\/wp-json\/wp\/v2\/product"}],"about":[{"href":"https:\/\/lucacastelli.com\/de\/wp-json\/wp\/v2\/types\/product"}],"wp:featuredmedia":[{"embeddable":true,"href":"https:\/\/lucacastelli.com\/de\/wp-json\/wp\/v2\/media\/87601"}],"wp:attachment":[{"href":"https:\/\/lucacastelli.com\/de\/wp-json\/wp\/v2\/media?parent=505499"}],"wp:term":[{"taxonomy":"product_brand","embeddable":true,"href":"https:\/\/lucacastelli.com\/de\/wp-json\/wp\/v2\/product_brand?post=505499"},{"taxonomy":"product_cat","embeddable":true,"href":"https:\/\/lucacastelli.com\/de\/wp-json\/wp\/v2\/product_cat?post=505499"},{"taxonomy":"product_tag","embeddable":true,"href":"https:\/\/lucacastelli.com\/de\/wp-json\/wp\/v2\/product_tag?post=505499"}],"curies":[{"name":"wp","href":"https:\/\/api.w.org\/{rel}","templated":true}]}}