{"id":505482,"date":"2023-03-21T12:46:18","date_gmt":"2023-03-21T11:46:18","guid":{"rendered":"https:\/\/lucacastelli.com\/prodotto\/cmp-kid-grid-tech-stretch-fleece\/"},"modified":"2023-03-21T12:46:18","modified_gmt":"2023-03-21T11:46:18","slug":"cmp-kid-grid-tech-stretch-fleece","status":"publish","type":"product","link":"https:\/\/lucacastelli.com\/de\/produkt\/cmp-kid-grid-tech-stretch-fleece\/","title":{"rendered":"CMP Kid Grid Tech Stretch Fleece"},"content":{"rendered":"<p>Jacke aus Grid-Tech-Fleece, einem leichten, isolierenden und atmungsaktiven Material dank seiner besonderen Gitterstruktur. Ein perfektes Kleidungsst\u00fcck f\u00fcr jede Outdoor-Aktivit\u00e4t, bereichert durch Color-Blocking, zwei Seitentaschen, elastischen Saum und B\u00fcndchen <\/p>\n","protected":false},"excerpt":{"rendered":"<p>Jacke aus Grid-Tech-Fleece, einem leichten, isolierenden und atmungsaktiven Material dank seiner besonderen Gitterstruktur. Ein perfektes Kleidungsst\u00fcck f\u00fcr jede Outdoor-Aktivit\u00e4t, bereichert<\/p>\n","protected":false},"featured_media":87634,"template":"","meta":{"_seopress_robots_primary_cat":"","_seopress_titles_title":"","_seopress_titles_desc":"","_seopress_robots_index":""},"product_brand":[4498],"product_cat":[974,1385,82],"product_tag":[],"class_list":{"0":"post-505482","1":"product","2":"type-product","3":"status-publish","4":"has-post-thumbnail","6":"product_brand-cmp-de","7":"product_cat-freizeitkleidung","8":"product_cat-kinderbekleidung","9":"product_cat-kleidung","11":"first","12":"instock","13":"shipping-taxable","14":"purchasable","15":"product-type-variable"},"_links":{"self":[{"href":"https:\/\/lucacastelli.com\/de\/wp-json\/wp\/v2\/product\/505482","targetHints":{"allow":["GET"]}}],"collection":[{"href":"https:\/\/lucacastelli.com\/de\/wp-json\/wp\/v2\/product"}],"about":[{"href":"https:\/\/lucacastelli.com\/de\/wp-json\/wp\/v2\/types\/product"}],"wp:featuredmedia":[{"embeddable":true,"href":"https:\/\/lucacastelli.com\/de\/wp-json\/wp\/v2\/media\/87634"}],"wp:attachment":[{"href":"https:\/\/lucacastelli.com\/de\/wp-json\/wp\/v2\/media?parent=505482"}],"wp:term":[{"taxonomy":"product_brand","embeddable":true,"href":"https:\/\/lucacastelli.com\/de\/wp-json\/wp\/v2\/product_brand?post=505482"},{"taxonomy":"product_cat","embeddable":true,"href":"https:\/\/lucacastelli.com\/de\/wp-json\/wp\/v2\/product_cat?post=505482"},{"taxonomy":"product_tag","embeddable":true,"href":"https:\/\/lucacastelli.com\/de\/wp-json\/wp\/v2\/product_tag?post=505482"}],"curies":[{"name":"wp","href":"https:\/\/api.w.org\/{rel}","templated":true}]}}