{"id":505474,"date":"2023-03-21T10:49:14","date_gmt":"2023-03-21T09:49:14","guid":{"rendered":"https:\/\/lucacastelli.com\/prodotto\/cmp-kid-sweatshirt-mit-kapuze-aus-knit-tech-fleece\/"},"modified":"2023-03-21T10:49:14","modified_gmt":"2023-03-21T09:49:14","slug":"cmp-kid-sweatshirt-mit-kapuze-aus-knit-tech-fleece","status":"publish","type":"product","link":"https:\/\/lucacastelli.com\/de\/produkt\/cmp-kid-sweatshirt-mit-kapuze-aus-knit-tech-fleece\/","title":{"rendered":"CMP Kid Sweatshirt mit Kapuze aus Knit-Tech Fleece"},"content":{"rendered":"<p>Ein technischer Look f\u00fcr diese melierte Fleece-Kapuzenjacke, die f\u00fcr kleine Liebhaber der Natur entwickelt wurde. Hergestellt aus einer speziellen Mischung von Stoffen, die einen Melange-Effekt erzeugen, ist es ein leichtes und atmungsaktives Kleidungsst\u00fcck mit ergonomischem Schnitt, das im Fr\u00fchling und Sommer als Zwischen- oder Au\u00dfenschicht verwendet werden kann. Sie verf\u00fcgt \u00fcber eine praktische Kapuze und zwei gro\u00dfe Taschen auf der Vorderseite.  <\/p>\n","protected":false},"excerpt":{"rendered":"<p>Ein technischer Look f\u00fcr diese melierte Fleece-Kapuzenjacke, die f\u00fcr kleine Liebhaber der Natur entwickelt wurde. Hergestellt aus einer speziellen Mischung<\/p>\n","protected":false},"featured_media":87565,"template":"","meta":{"_seopress_robots_primary_cat":"","_seopress_titles_title":"","_seopress_titles_desc":"","_seopress_robots_index":""},"product_brand":[4498],"product_cat":[974,1385,82],"product_tag":[],"class_list":{"0":"post-505474","1":"product","2":"type-product","3":"status-publish","4":"has-post-thumbnail","6":"product_brand-cmp-de","7":"product_cat-freizeitkleidung","8":"product_cat-kinderbekleidung","9":"product_cat-kleidung","11":"first","12":"instock","13":"shipping-taxable","14":"purchasable","15":"product-type-variable"},"_links":{"self":[{"href":"https:\/\/lucacastelli.com\/de\/wp-json\/wp\/v2\/product\/505474","targetHints":{"allow":["GET"]}}],"collection":[{"href":"https:\/\/lucacastelli.com\/de\/wp-json\/wp\/v2\/product"}],"about":[{"href":"https:\/\/lucacastelli.com\/de\/wp-json\/wp\/v2\/types\/product"}],"wp:featuredmedia":[{"embeddable":true,"href":"https:\/\/lucacastelli.com\/de\/wp-json\/wp\/v2\/media\/87565"}],"wp:attachment":[{"href":"https:\/\/lucacastelli.com\/de\/wp-json\/wp\/v2\/media?parent=505474"}],"wp:term":[{"taxonomy":"product_brand","embeddable":true,"href":"https:\/\/lucacastelli.com\/de\/wp-json\/wp\/v2\/product_brand?post=505474"},{"taxonomy":"product_cat","embeddable":true,"href":"https:\/\/lucacastelli.com\/de\/wp-json\/wp\/v2\/product_cat?post=505474"},{"taxonomy":"product_tag","embeddable":true,"href":"https:\/\/lucacastelli.com\/de\/wp-json\/wp\/v2\/product_tag?post=505474"}],"curies":[{"name":"wp","href":"https:\/\/api.w.org\/{rel}","templated":true}]}}