{"id":505451,"date":"2022-12-01T10:01:38","date_gmt":"2022-12-01T09:01:38","guid":{"rendered":"https:\/\/lucacastelli.com\/prodotto\/cmp-kid-sweat-fix-kapuze\/"},"modified":"2026-01-31T00:02:37","modified_gmt":"2026-01-30T23:02:37","slug":"cmp-kid-sweat-fix-kapuze","status":"publish","type":"product","link":"https:\/\/lucacastelli.com\/de\/produkt\/cmp-kid-sweat-fix-kapuze\/","title":{"rendered":"CMP Kid Sweat Fix Kapuze"},"content":{"rendered":"<p>Sweatshirt aus Stretch Performance-Gewebe, leicht, isolierend und in der Lage, selbst die schwierigsten Bewegungen des K\u00f6rpers zu begleiten. Ein unverzichtbares Kleidungsst\u00fcck, das durch Outdoor-inspirierte Grafiken auf der Vorderseite bereichert und mit Details ausgestattet ist, die den Komfort und die Funktionalit\u00e4t verbessern, wie z. B. die beiden Kordelz\u00fcge zum Anpassen der Kapuze und der elastische Saum an den B\u00fcndchen und am Saum. Dieses Kleidungsst\u00fcck wird vollst\u00e4ndig in unseren eigenen Fabriken hergestellt und ist nach \u00d6ko-Tex\u00ae Standard 100 zertifiziert, da es die gr\u00f6\u00dfte Aufmerksamkeit auf die Verwendung von Materialien und Farbstoffen garantiert, die f\u00fcr die Umwelt nicht umweltsch\u00e4dlich und f\u00fcr den Menschen giftig sind.  <\/p>\n","protected":false},"excerpt":{"rendered":"<p>Sweatshirt aus Stretch Performance-Gewebe, leicht, isolierend und in der Lage, selbst die schwierigsten Bewegungen des K\u00f6rpers zu begleiten. Ein unverzichtbares<\/p>\n","protected":false},"featured_media":84717,"template":"","meta":{"_seopress_robots_primary_cat":"","_seopress_titles_title":"","_seopress_titles_desc":"","_seopress_robots_index":""},"product_brand":[4498],"product_cat":[974,1385,82],"product_tag":[],"class_list":{"0":"post-505451","1":"product","2":"type-product","3":"status-publish","4":"has-post-thumbnail","6":"product_brand-cmp-de","7":"product_cat-freizeitkleidung","8":"product_cat-kinderbekleidung","9":"product_cat-kleidung","11":"first","12":"instock","13":"shipping-taxable","14":"purchasable","15":"product-type-variable"},"_links":{"self":[{"href":"https:\/\/lucacastelli.com\/de\/wp-json\/wp\/v2\/product\/505451","targetHints":{"allow":["GET"]}}],"collection":[{"href":"https:\/\/lucacastelli.com\/de\/wp-json\/wp\/v2\/product"}],"about":[{"href":"https:\/\/lucacastelli.com\/de\/wp-json\/wp\/v2\/types\/product"}],"wp:featuredmedia":[{"embeddable":true,"href":"https:\/\/lucacastelli.com\/de\/wp-json\/wp\/v2\/media\/84717"}],"wp:attachment":[{"href":"https:\/\/lucacastelli.com\/de\/wp-json\/wp\/v2\/media?parent=505451"}],"wp:term":[{"taxonomy":"product_brand","embeddable":true,"href":"https:\/\/lucacastelli.com\/de\/wp-json\/wp\/v2\/product_brand?post=505451"},{"taxonomy":"product_cat","embeddable":true,"href":"https:\/\/lucacastelli.com\/de\/wp-json\/wp\/v2\/product_cat?post=505451"},{"taxonomy":"product_tag","embeddable":true,"href":"https:\/\/lucacastelli.com\/de\/wp-json\/wp\/v2\/product_tag?post=505451"}],"curies":[{"name":"wp","href":"https:\/\/api.w.org\/{rel}","templated":true}]}}