{"id":505431,"date":"2022-11-08T08:41:36","date_gmt":"2022-11-08T07:41:36","guid":{"rendered":"https:\/\/lucacastelli.com\/prodotto\/cmp-kid-g-lange-hose\/"},"modified":"2026-04-18T01:34:51","modified_gmt":"2026-04-17T23:34:51","slug":"cmp-kid-g-lange-hose","status":"publish","type":"product","link":"https:\/\/lucacastelli.com\/de\/produkt\/cmp-kid-g-lange-hose\/","title":{"rendered":"CMP Kid G Long Pant"},"content":{"rendered":"<p>Diese Hose wurde f\u00fcr Wintertrekking und Wanderungen Ihrer Kleinen entwickelt, wobei die Clima Protect-Membran vor Witterungseinfl\u00fcssen sch\u00fctzt, ohne die Atmungsaktivit\u00e4t zu beeintr\u00e4chtigen (Wassers\u00e4ule 7.000, MVP 1.000). Die Innenseite ist angeraut und sorgt f\u00fcr ein angenehmes Gef\u00fchl auf der Haut. In den zwei Seitentaschen lassen sich alle n\u00fctzlichen Gegenst\u00e4nde f\u00fcr die Abenteuer Ihrer Kleinen verstauen!  <\/p>\n","protected":false},"excerpt":{"rendered":"<p>Diese Hose wurde f\u00fcr Wintertrekking und Wanderungen Ihrer Kleinen entwickelt, wobei die Clima Protect-Membran vor Witterungseinfl\u00fcssen sch\u00fctzt, ohne die Atmungsaktivit\u00e4t<\/p>\n","protected":false},"featured_media":83551,"template":"","meta":{"_seopress_robots_primary_cat":"none","_seopress_titles_title":"","_seopress_titles_desc":"","_seopress_robots_index":""},"product_brand":[4498],"product_cat":[974,1385,82],"product_tag":[],"class_list":{"0":"post-505431","1":"product","2":"type-product","3":"status-publish","4":"has-post-thumbnail","6":"product_brand-cmp-de","7":"product_cat-freizeitkleidung","8":"product_cat-kinderbekleidung","9":"product_cat-kleidung","11":"first","12":"instock","13":"shipping-taxable","14":"purchasable","15":"product-type-variable"},"_links":{"self":[{"href":"https:\/\/lucacastelli.com\/de\/wp-json\/wp\/v2\/product\/505431","targetHints":{"allow":["GET"]}}],"collection":[{"href":"https:\/\/lucacastelli.com\/de\/wp-json\/wp\/v2\/product"}],"about":[{"href":"https:\/\/lucacastelli.com\/de\/wp-json\/wp\/v2\/types\/product"}],"wp:featuredmedia":[{"embeddable":true,"href":"https:\/\/lucacastelli.com\/de\/wp-json\/wp\/v2\/media\/83551"}],"wp:attachment":[{"href":"https:\/\/lucacastelli.com\/de\/wp-json\/wp\/v2\/media?parent=505431"}],"wp:term":[{"taxonomy":"product_brand","embeddable":true,"href":"https:\/\/lucacastelli.com\/de\/wp-json\/wp\/v2\/product_brand?post=505431"},{"taxonomy":"product_cat","embeddable":true,"href":"https:\/\/lucacastelli.com\/de\/wp-json\/wp\/v2\/product_cat?post=505431"},{"taxonomy":"product_tag","embeddable":true,"href":"https:\/\/lucacastelli.com\/de\/wp-json\/wp\/v2\/product_tag?post=505431"}],"curies":[{"name":"wp","href":"https:\/\/api.w.org\/{rel}","templated":true}]}}