{"id":505428,"date":"2025-02-20T13:45:22","date_gmt":"2025-02-20T12:45:22","guid":{"rendered":"https:\/\/lucacastelli.com\/prodotto\/courant-cross-pro-54-l\/"},"modified":"2025-02-20T13:45:22","modified_gmt":"2025-02-20T12:45:22","slug":"courant-cross-pro-54-l","status":"publish","type":"product","link":"https:\/\/lucacastelli.com\/de\/produkt\/courant-cross-pro-54-l\/","title":{"rendered":"Courant Cross Pro 54 l"},"content":{"rendered":"<p>Baumpfleger-Werkzeugtasche mit zahlreichen Schlaufen und F\u00e4chern. Einfacher Zugang zu den Ger\u00e4ten. Gepolsterte Schultergurte. Gewicht 1,5 kg.   <\/p>\n<p>Die Courant Cross Pro L 54 l ist eine ger\u00e4umige Werkzeugtasche f\u00fcr Baumpfleger. Er l\u00e4sst sich komplett \u00f6ffnen und dank der zahlreichen F\u00e4cher und Schlaufen verstaut er die Ausr\u00fcstung \u00fcbersichtlich und geordnet. Dank der gepolsterten Schultergurte wird das Gewicht w\u00e4hrend des Transports gleichm\u00e4\u00dfig verteilt.  <\/p>\n<ul>\n<li>Tasche aus Baumpfleger-Material<\/li>\n<li>Fassungsverm\u00f6gen 54 Liter<\/li>\n<li>zahlreiche Schlaufen und F\u00e4cher<\/li>\n<li>Einfacher Zugang zu den Ger\u00e4ten<\/li>\n<li>mit gepolsterten Schultergurten<\/li>\n<li>Abmessungen 76 x 32 x 25 cm<\/li>\n<li>Gewicht 1,5 kg<\/li>\n<\/ul>\n","protected":false},"excerpt":{"rendered":"<p>Baumpfleger-Werkzeugtasche mit zahlreichen Schlaufen und F\u00e4chern. Einfacher Zugang zu den Ger\u00e4ten. Gepolsterte Schultergurte. Gewicht 1,5 kg. Die Courant Cross Pro<\/p>\n","protected":false},"featured_media":92685,"template":"","meta":{"_seopress_robots_primary_cat":"","_seopress_titles_title":"","_seopress_titles_desc":"","_seopress_robots_index":""},"product_brand":[4492],"product_cat":[1396,150,1494],"product_tag":[],"class_list":{"0":"post-505428","1":"product","2":"type-product","3":"status-publish","4":"has-post-thumbnail","6":"product_brand-courant-de","7":"product_cat-arbeitsausrustung","8":"product_cat-ausrustung","9":"product_cat-sonstige-arbeitsausrustung","10":"sws-gruppo-attrezz-de","11":"sws-conto-ricavi-merci-rivendita-abbigliamento-de","12":"sws-gruppo-iva-iva81-de","14":"first","15":"instock","16":"shipping-taxable","17":"purchasable","18":"product-type-simple"},"_links":{"self":[{"href":"https:\/\/lucacastelli.com\/de\/wp-json\/wp\/v2\/product\/505428","targetHints":{"allow":["GET"]}}],"collection":[{"href":"https:\/\/lucacastelli.com\/de\/wp-json\/wp\/v2\/product"}],"about":[{"href":"https:\/\/lucacastelli.com\/de\/wp-json\/wp\/v2\/types\/product"}],"wp:featuredmedia":[{"embeddable":true,"href":"https:\/\/lucacastelli.com\/de\/wp-json\/wp\/v2\/media\/92685"}],"wp:attachment":[{"href":"https:\/\/lucacastelli.com\/de\/wp-json\/wp\/v2\/media?parent=505428"}],"wp:term":[{"taxonomy":"product_brand","embeddable":true,"href":"https:\/\/lucacastelli.com\/de\/wp-json\/wp\/v2\/product_brand?post=505428"},{"taxonomy":"product_cat","embeddable":true,"href":"https:\/\/lucacastelli.com\/de\/wp-json\/wp\/v2\/product_cat?post=505428"},{"taxonomy":"product_tag","embeddable":true,"href":"https:\/\/lucacastelli.com\/de\/wp-json\/wp\/v2\/product_tag?post=505428"}],"curies":[{"name":"wp","href":"https:\/\/api.w.org\/{rel}","templated":true}]}}