{"id":505401,"date":"2025-02-11T13:31:48","date_gmt":"2025-02-11T12:31:48","guid":{"rendered":"https:\/\/lucacastelli.com\/prodotto\/husqvarna-schnittschutzbeinlinge-functional\/"},"modified":"2025-02-11T13:31:48","modified_gmt":"2025-02-11T12:31:48","slug":"husqvarna-schnittschutzbeinlinge-functional","status":"publish","type":"product","link":"https:\/\/lucacastelli.com\/de\/produkt\/husqvarna-schnittschutzbeinlinge-functional\/","title":{"rendered":"Husqvarna Schnittschutzbeinlinge Functional"},"content":{"rendered":"<p>Funktionelle<br \/>\nBeinlinge Komfortable schnittfeste Stulpen f\u00fcr die gelegentliche Arbeit mit der Kettens\u00e4ge. Einfach anzuziehen und \u00fcber der Arbeitshose zu tragen. Die Passform an Taille und Beinen l\u00e4sst sich mit Tr\u00e4gern und Schnallen sowie einem Velcro-Verschluss an den Waden leicht anpassen. Cordura-Verst\u00e4rkungen\u00ae an Knien und Kn\u00f6cheln sorgen f\u00fcr zus\u00e4tzliche Strapazierf\u00e4higkeit. Die leuchtend orangefarbene Front mit reflektierendem Logo sorgt f\u00fcr gute Sichtbarkeit. Entspricht EN ISO 11393-2:2019 Klasse 1 (20 m\/s).     <\/p>\n","protected":false},"excerpt":{"rendered":"<p>Funktionelle Beinlinge Komfortable schnittfeste Stulpen f\u00fcr die gelegentliche Arbeit mit der Kettens\u00e4ge. Einfach anzuziehen und \u00fcber der Arbeitshose zu tragen.<\/p>\n","protected":false},"featured_media":96631,"template":"","meta":{"_seopress_robots_primary_cat":"","_seopress_titles_title":"","_seopress_titles_desc":"","_seopress_robots_index":""},"product_brand":[4370],"product_cat":[82,1382],"product_tag":[],"class_list":{"0":"post-505401","1":"product","2":"type-product","3":"status-publish","4":"has-post-thumbnail","6":"product_brand-husqvarna-de","7":"product_cat-kleidung","8":"product_cat-arbeitskleidung","9":"sws-gruppo-abb-libero-de","10":"sws-conto-ricavi-merci-rivendita-abbigliamento-de","11":"sws-gruppo-iva-iva81-de","13":"first","14":"instock","15":"shipping-taxable","16":"purchasable","17":"product-type-variable"},"_links":{"self":[{"href":"https:\/\/lucacastelli.com\/de\/wp-json\/wp\/v2\/product\/505401","targetHints":{"allow":["GET"]}}],"collection":[{"href":"https:\/\/lucacastelli.com\/de\/wp-json\/wp\/v2\/product"}],"about":[{"href":"https:\/\/lucacastelli.com\/de\/wp-json\/wp\/v2\/types\/product"}],"wp:featuredmedia":[{"embeddable":true,"href":"https:\/\/lucacastelli.com\/de\/wp-json\/wp\/v2\/media\/96631"}],"wp:attachment":[{"href":"https:\/\/lucacastelli.com\/de\/wp-json\/wp\/v2\/media?parent=505401"}],"wp:term":[{"taxonomy":"product_brand","embeddable":true,"href":"https:\/\/lucacastelli.com\/de\/wp-json\/wp\/v2\/product_brand?post=505401"},{"taxonomy":"product_cat","embeddable":true,"href":"https:\/\/lucacastelli.com\/de\/wp-json\/wp\/v2\/product_cat?post=505401"},{"taxonomy":"product_tag","embeddable":true,"href":"https:\/\/lucacastelli.com\/de\/wp-json\/wp\/v2\/product_tag?post=505401"}],"curies":[{"name":"wp","href":"https:\/\/api.w.org\/{rel}","templated":true}]}}