{"id":505395,"date":"2023-10-12T13:08:40","date_gmt":"2023-10-12T11:08:40","guid":{"rendered":"https:\/\/lucacastelli.com\/prodotto\/husqvarna-gehoerschutz-h300-technisch\/"},"modified":"2023-10-12T13:08:40","modified_gmt":"2023-10-12T11:08:40","slug":"husqvarna-gehoerschutz-h300-technisch","status":"publish","type":"product","link":"https:\/\/lucacastelli.com\/de\/produkt\/husqvarna-gehoerschutz-h300-technisch\/","title":{"rendered":"Husqvarna Geh\u00f6rschutz H300 Technisch"},"content":{"rendered":"<p>Husqvarna H300<br \/>\nGeh\u00f6rschutz Dieser Geh\u00f6rschutz wurde entwickelt, um eine optimale Ergonomie und eine lange Lebensdauer zu gew\u00e4hrleisten. Er verf\u00fcgt \u00fcber einen einzigartigen Polyurethan-Einsatz, der maximalen Platz f\u00fcr die Ohren bietet. Die beste Wahl in Bezug auf Komfort und individuelle Vorlieben.  <\/p>\n<p>Geeignet f\u00fcr Forsthelme.<\/p>\n","protected":false},"excerpt":{"rendered":"<p>Husqvarna H300 Geh\u00f6rschutz Dieser Geh\u00f6rschutz wurde entwickelt, um eine optimale Ergonomie und eine lange Lebensdauer zu gew\u00e4hrleisten. Er verf\u00fcgt \u00fcber<\/p>\n","protected":false},"featured_media":94661,"template":"","meta":{"_seopress_robots_primary_cat":"","_seopress_titles_title":"","_seopress_titles_desc":"","_seopress_robots_index":""},"product_brand":[4368],"product_cat":[33,537,815,816],"product_tag":[],"class_list":{"0":"post-505395","1":"product","2":"type-product","3":"status-publish","4":"has-post-thumbnail","6":"product_brand-husqvarna","7":"product_cat-attrezzature","8":"product_cat-attrezzatura-da-lavoro","9":"product_cat-caschi","10":"product_cat-visiere-e-occhiali-protettivi","11":"sws-gruppo-abb-libero-de","12":"sws-conto-ricavi-merci-rivendita-abbigliamento","13":"sws-gruppo-iva-iva81-fr","15":"first","16":"instock","17":"shipping-taxable","18":"purchasable","19":"product-type-simple"},"_links":{"self":[{"href":"https:\/\/lucacastelli.com\/de\/wp-json\/wp\/v2\/product\/505395","targetHints":{"allow":["GET"]}}],"collection":[{"href":"https:\/\/lucacastelli.com\/de\/wp-json\/wp\/v2\/product"}],"about":[{"href":"https:\/\/lucacastelli.com\/de\/wp-json\/wp\/v2\/types\/product"}],"wp:featuredmedia":[{"embeddable":true,"href":"https:\/\/lucacastelli.com\/de\/wp-json\/wp\/v2\/media\/94661"}],"wp:attachment":[{"href":"https:\/\/lucacastelli.com\/de\/wp-json\/wp\/v2\/media?parent=505395"}],"wp:term":[{"taxonomy":"product_brand","embeddable":true,"href":"https:\/\/lucacastelli.com\/de\/wp-json\/wp\/v2\/product_brand?post=505395"},{"taxonomy":"product_cat","embeddable":true,"href":"https:\/\/lucacastelli.com\/de\/wp-json\/wp\/v2\/product_cat?post=505395"},{"taxonomy":"product_tag","embeddable":true,"href":"https:\/\/lucacastelli.com\/de\/wp-json\/wp\/v2\/product_tag?post=505395"}],"curies":[{"name":"wp","href":"https:\/\/api.w.org\/{rel}","templated":true}]}}