{"id":505382,"date":"2025-02-11T13:03:33","date_gmt":"2025-02-11T12:03:33","guid":{"rendered":"https:\/\/lucacastelli.com\/prodotto\/husqvarna-schnittschutzhose-technical-high-viz\/"},"modified":"2025-02-11T13:03:33","modified_gmt":"2025-02-11T12:03:33","slug":"husqvarna-schnittschutzhose-technical-high-viz","status":"publish","type":"product","link":"https:\/\/lucacastelli.com\/de\/produkt\/husqvarna-schnittschutzhose-technical-high-viz\/","title":{"rendered":"Husqvarna Schnittschutzhose Technical High-Viz"},"content":{"rendered":"<p>High Viz<br \/>\nTechnical Pants F\u00fcr Arbeiten auf der Stra\u00dfe oder dort, wo Sie gut sichtbar sein m\u00fcssen. Das 4-Wege-Stretch-Material erm\u00f6glicht es Ihnen, sich frei, sicher und bequem zu bewegen. Die vorgeformten Beine bieten maximale Mobilit\u00e4t, die reflektierenden Streifen sorgen f\u00fcr hohe Sichtbarkeit und erh\u00f6hte Sicherheit, w\u00e4hrend die verst\u00e4rkten Knie und Beine f\u00fcr die n\u00f6tige Widerstandsf\u00e4higkeit bei schwierigen Bedingungen sorgen. Zugelassen nach EN 381 Klasse 1 (20 m\/s) und EN ISO 20471 Klasse 2.   <\/p>\n","protected":false},"excerpt":{"rendered":"<p>High Viz Technical Pants F\u00fcr Arbeiten auf der Stra\u00dfe oder dort, wo Sie gut sichtbar sein m\u00fcssen. Das 4-Wege-Stretch-Material erm\u00f6glicht<\/p>\n","protected":false},"featured_media":96625,"template":"","meta":{"_seopress_robots_primary_cat":"","_seopress_titles_title":"","_seopress_titles_desc":"","_seopress_robots_index":""},"product_brand":[4370],"product_cat":[82,1382],"product_tag":[],"class_list":{"0":"post-505382","1":"product","2":"type-product","3":"status-publish","4":"has-post-thumbnail","6":"product_brand-husqvarna-de","7":"product_cat-kleidung","8":"product_cat-arbeitskleidung","9":"sws-gruppo-abb-libero-de","10":"sws-categoria-sito-de","11":"sws-conto-ricavi-merci-rivendita-abbigliamento-de","12":"sws-gruppo-iva-iva81-de","14":"first","15":"instock","16":"shipping-taxable","17":"purchasable","18":"product-type-variable"},"_links":{"self":[{"href":"https:\/\/lucacastelli.com\/de\/wp-json\/wp\/v2\/product\/505382","targetHints":{"allow":["GET"]}}],"collection":[{"href":"https:\/\/lucacastelli.com\/de\/wp-json\/wp\/v2\/product"}],"about":[{"href":"https:\/\/lucacastelli.com\/de\/wp-json\/wp\/v2\/types\/product"}],"wp:featuredmedia":[{"embeddable":true,"href":"https:\/\/lucacastelli.com\/de\/wp-json\/wp\/v2\/media\/96625"}],"wp:attachment":[{"href":"https:\/\/lucacastelli.com\/de\/wp-json\/wp\/v2\/media?parent=505382"}],"wp:term":[{"taxonomy":"product_brand","embeddable":true,"href":"https:\/\/lucacastelli.com\/de\/wp-json\/wp\/v2\/product_brand?post=505382"},{"taxonomy":"product_cat","embeddable":true,"href":"https:\/\/lucacastelli.com\/de\/wp-json\/wp\/v2\/product_cat?post=505382"},{"taxonomy":"product_tag","embeddable":true,"href":"https:\/\/lucacastelli.com\/de\/wp-json\/wp\/v2\/product_tag?post=505382"}],"curies":[{"name":"wp","href":"https:\/\/api.w.org\/{rel}","templated":true}]}}