{"id":505366,"date":"2023-10-06T09:57:16","date_gmt":"2023-10-06T07:57:16","guid":{"rendered":"https:\/\/lucacastelli.com\/prodotto\/cmp-kinder-fleece-muetze\/"},"modified":"2023-10-06T09:57:16","modified_gmt":"2023-10-06T07:57:16","slug":"cmp-kinder-fleece-muetze","status":"publish","type":"product","link":"https:\/\/lucacastelli.com\/de\/produkt\/cmp-kinder-fleece-muetze\/","title":{"rendered":"CMP KINDER FLEECE M\u00dcTZE"},"content":{"rendered":"<p>Ein fr\u00f6hlicher Akzent f\u00fcr den Winterlook Ihres Kindes, egal ob im Schnee oder in der Stadt an kalten Wintertagen. Dieses Accessoire besteht aus weichem und warmem Fleece und ist mit einem Kinnriemen zum Binden der M\u00fctze ausgestattet. <\/p>\n<p>TECHNISCHE EIGENSCHAFTEN<br \/>\nGewicht<br \/>\n40 gr<\/p>\n<p>EIGENSCHAFTEN<br \/>\nWarmes und weiches Fleece, leicht zu waschen<\/p>\n<p>TECHNOLOGIE<br \/>\nArktis-Fleece<\/p>\n","protected":false},"excerpt":{"rendered":"<p>Ein fr\u00f6hlicher Akzent f\u00fcr den Winterlook Ihres Kindes, egal ob im Schnee oder in der Stadt an kalten Wintertagen. Dieses<\/p>\n","protected":false},"featured_media":98037,"template":"","meta":{"_seopress_robots_primary_cat":"","_seopress_titles_title":"","_seopress_titles_desc":"","_seopress_robots_index":""},"product_brand":[4388],"product_cat":[21,189,685],"product_tag":[],"class_list":{"0":"post-505366","1":"product","2":"type-product","3":"status-publish","4":"has-post-thumbnail","6":"product_brand-cmp","7":"product_cat-abbigliamento","8":"product_cat-abbigliamento-per-il-tempo-libero","9":"product_cat-abbigliamento-da-bambino","11":"first","12":"instock","13":"shipping-taxable","14":"purchasable","15":"product-type-variable"},"_links":{"self":[{"href":"https:\/\/lucacastelli.com\/de\/wp-json\/wp\/v2\/product\/505366","targetHints":{"allow":["GET"]}}],"collection":[{"href":"https:\/\/lucacastelli.com\/de\/wp-json\/wp\/v2\/product"}],"about":[{"href":"https:\/\/lucacastelli.com\/de\/wp-json\/wp\/v2\/types\/product"}],"wp:featuredmedia":[{"embeddable":true,"href":"https:\/\/lucacastelli.com\/de\/wp-json\/wp\/v2\/media\/98037"}],"wp:attachment":[{"href":"https:\/\/lucacastelli.com\/de\/wp-json\/wp\/v2\/media?parent=505366"}],"wp:term":[{"taxonomy":"product_brand","embeddable":true,"href":"https:\/\/lucacastelli.com\/de\/wp-json\/wp\/v2\/product_brand?post=505366"},{"taxonomy":"product_cat","embeddable":true,"href":"https:\/\/lucacastelli.com\/de\/wp-json\/wp\/v2\/product_cat?post=505366"},{"taxonomy":"product_tag","embeddable":true,"href":"https:\/\/lucacastelli.com\/de\/wp-json\/wp\/v2\/product_tag?post=505366"}],"curies":[{"name":"wp","href":"https:\/\/api.w.org\/{rel}","templated":true}]}}