{"id":505335,"date":"2023-10-06T09:22:52","date_gmt":"2023-10-06T07:22:52","guid":{"rendered":"https:\/\/lucacastelli.com\/prodotto\/cmp-kinder-sweat\/"},"modified":"2023-10-06T09:22:52","modified_gmt":"2023-10-06T07:22:52","slug":"cmp-kinder-sweat","status":"publish","type":"product","link":"https:\/\/lucacastelli.com\/de\/produkt\/cmp-kinder-sweat\/","title":{"rendered":"CMP KINDER-SWEAT"},"content":{"rendered":"<p>Fleece aus Softech-Gewebe, einem leichten, abriebfesten und elastischen Gewebe mit Carbon-Behandlung, das das Kleidungsst\u00fcck weicher macht und die Verdunstung von Schwei\u00df f\u00f6rdert. Das von den winterlichen Bergen inspirierte Frontdesign bereichert das Kleidungsst\u00fcck. Dieses Kleidungsst\u00fcck wird vollst\u00e4ndig in unseren Fabriken hergestellt und ist nach \u00d6ko-Tex\u00ae Standard 100 zertifiziert, was die Verwendung von Materialien und Farbstoffen garantiert, die die Umwelt nicht sch\u00e4digen oder f\u00fcr den Menschen giftig sind.  <\/p>\n<p>TECHNISCHE DATEN<br \/>\nGewicht 150 gr<\/p>\n<p>EIGENSCHAFTEN<br \/>\nStretch<\/p>\n<p>TECHNOLOGIE<br \/>\nOeko Tex<br \/>\nSoftech<\/p>\n","protected":false},"excerpt":{"rendered":"<p>Fleece aus Softech-Gewebe, einem leichten, abriebfesten und elastischen Gewebe mit Carbon-Behandlung, das das Kleidungsst\u00fcck weicher macht und die Verdunstung von<\/p>\n","protected":false},"featured_media":98000,"template":"","meta":{"_seopress_robots_primary_cat":"","_seopress_titles_title":"","_seopress_titles_desc":"","_seopress_robots_index":""},"product_brand":[4498],"product_cat":[974,1385,82],"product_tag":[],"class_list":{"0":"post-505335","1":"product","2":"type-product","3":"status-publish","4":"has-post-thumbnail","6":"product_brand-cmp-de","7":"product_cat-freizeitkleidung","8":"product_cat-kinderbekleidung","9":"product_cat-kleidung","11":"first","12":"instock","13":"shipping-taxable","14":"purchasable","15":"product-type-variable"},"_links":{"self":[{"href":"https:\/\/lucacastelli.com\/de\/wp-json\/wp\/v2\/product\/505335","targetHints":{"allow":["GET"]}}],"collection":[{"href":"https:\/\/lucacastelli.com\/de\/wp-json\/wp\/v2\/product"}],"about":[{"href":"https:\/\/lucacastelli.com\/de\/wp-json\/wp\/v2\/types\/product"}],"wp:featuredmedia":[{"embeddable":true,"href":"https:\/\/lucacastelli.com\/de\/wp-json\/wp\/v2\/media\/98000"}],"wp:attachment":[{"href":"https:\/\/lucacastelli.com\/de\/wp-json\/wp\/v2\/media?parent=505335"}],"wp:term":[{"taxonomy":"product_brand","embeddable":true,"href":"https:\/\/lucacastelli.com\/de\/wp-json\/wp\/v2\/product_brand?post=505335"},{"taxonomy":"product_cat","embeddable":true,"href":"https:\/\/lucacastelli.com\/de\/wp-json\/wp\/v2\/product_cat?post=505335"},{"taxonomy":"product_tag","embeddable":true,"href":"https:\/\/lucacastelli.com\/de\/wp-json\/wp\/v2\/product_tag?post=505335"}],"curies":[{"name":"wp","href":"https:\/\/api.w.org\/{rel}","templated":true}]}}