{"id":505327,"date":"2023-10-06T09:40:27","date_gmt":"2023-10-06T07:40:27","guid":{"rendered":"https:\/\/lucacastelli.com\/prodotto\/cmp-kid-strickmuetze\/"},"modified":"2023-10-06T09:40:27","modified_gmt":"2023-10-06T07:40:27","slug":"cmp-kid-strickmuetze","status":"publish","type":"product","link":"https:\/\/lucacastelli.com\/de\/produkt\/cmp-kid-strickmuetze\/","title":{"rendered":"CMP KID STRICKM\u00dcTZE"},"content":{"rendered":"<p>Klassische Strickm\u00fctze mit Bommeln, um Ihren Winterlook zu vervollst\u00e4ndigen.<\/p>\n<p>Gewicht<br \/>\n75 gr<\/p>\n","protected":false},"excerpt":{"rendered":"<p>Klassische Strickm\u00fctze mit Bommeln, um Ihren Winterlook zu vervollst\u00e4ndigen. Gewicht 75 gr<\/p>\n","protected":false},"featured_media":98022,"template":"","meta":{"_seopress_robots_primary_cat":"","_seopress_titles_title":"","_seopress_titles_desc":"","_seopress_robots_index":""},"product_brand":[4498],"product_cat":[974,1385,82],"product_tag":[],"class_list":{"0":"post-505327","1":"product","2":"type-product","3":"status-publish","4":"has-post-thumbnail","6":"product_brand-cmp-de","7":"product_cat-freizeitkleidung","8":"product_cat-kinderbekleidung","9":"product_cat-kleidung","11":"first","12":"instock","13":"shipping-taxable","14":"purchasable","15":"product-type-variable"},"_links":{"self":[{"href":"https:\/\/lucacastelli.com\/de\/wp-json\/wp\/v2\/product\/505327","targetHints":{"allow":["GET"]}}],"collection":[{"href":"https:\/\/lucacastelli.com\/de\/wp-json\/wp\/v2\/product"}],"about":[{"href":"https:\/\/lucacastelli.com\/de\/wp-json\/wp\/v2\/types\/product"}],"wp:featuredmedia":[{"embeddable":true,"href":"https:\/\/lucacastelli.com\/de\/wp-json\/wp\/v2\/media\/98022"}],"wp:attachment":[{"href":"https:\/\/lucacastelli.com\/de\/wp-json\/wp\/v2\/media?parent=505327"}],"wp:term":[{"taxonomy":"product_brand","embeddable":true,"href":"https:\/\/lucacastelli.com\/de\/wp-json\/wp\/v2\/product_brand?post=505327"},{"taxonomy":"product_cat","embeddable":true,"href":"https:\/\/lucacastelli.com\/de\/wp-json\/wp\/v2\/product_cat?post=505327"},{"taxonomy":"product_tag","embeddable":true,"href":"https:\/\/lucacastelli.com\/de\/wp-json\/wp\/v2\/product_tag?post=505327"}],"curies":[{"name":"wp","href":"https:\/\/api.w.org\/{rel}","templated":true}]}}