{"id":505252,"date":"2023-09-28T06:37:30","date_gmt":"2023-09-28T04:37:30","guid":{"rendered":"https:\/\/lucacastelli.com\/prodotto\/cmp-kid-g-jacke-feste-kapuze\/"},"modified":"2023-09-28T06:37:30","modified_gmt":"2023-09-28T04:37:30","slug":"cmp-kid-g-jacke-feste-kapuze","status":"publish","type":"product","link":"https:\/\/lucacastelli.com\/de\/produkt\/cmp-kid-g-jacke-feste-kapuze\/","title":{"rendered":"CMP KID G JACKE FESTE KAPUZE"},"content":{"rendered":"<p>Highloft-Fleecejacke mit geometrischem Jacquard-Finish. Die spezielle hochflorige Struktur dieses Fleeces speichert W\u00e4rme auf der Innenseite und sorgt f\u00fcr ein angenehm weiches Tragegef\u00fchl. Ein isolierender Midlayer an milden Tagen, der das Winteroutfit unverwechselbar outdoor, warm und bequem macht. Frontrei\u00dfverschluss mit winddichtem und kratzfestem Einsatz, Seitentaschen mit Rei\u00dfverschluss, elastischer Saum und B\u00fcndchen f\u00fcr eine bessere Passform.   <\/p>\n<p>TECHNISCHE DATEN<br \/>\nGewicht<br \/>\n330 gr<\/p>\n<p>TECHNOLOGIE<br \/>\nHoher Schutz<\/p>\n","protected":false},"excerpt":{"rendered":"<p>Highloft-Fleecejacke mit geometrischem Jacquard-Finish. Die spezielle hochflorige Struktur dieses Fleeces speichert W\u00e4rme auf der Innenseite und sorgt f\u00fcr ein angenehm<\/p>\n","protected":false},"featured_media":97882,"template":"","meta":{"_seopress_robots_primary_cat":"","_seopress_titles_title":"","_seopress_titles_desc":"","_seopress_robots_index":""},"product_brand":[4388],"product_cat":[21,189,685],"product_tag":[],"class_list":{"0":"post-505252","1":"product","2":"type-product","3":"status-publish","4":"has-post-thumbnail","6":"product_brand-cmp","7":"product_cat-abbigliamento","8":"product_cat-abbigliamento-per-il-tempo-libero","9":"product_cat-abbigliamento-da-bambino","10":"sws-gruppo-abb-libero","11":"sws-categoria-sito","12":"sws-conto-ricavi-merci-rivendita-abbigliamento","13":"sws-gruppo-iva-iva81","15":"first","16":"instock","17":"shipping-taxable","18":"purchasable","19":"product-type-variable"},"_links":{"self":[{"href":"https:\/\/lucacastelli.com\/de\/wp-json\/wp\/v2\/product\/505252","targetHints":{"allow":["GET"]}}],"collection":[{"href":"https:\/\/lucacastelli.com\/de\/wp-json\/wp\/v2\/product"}],"about":[{"href":"https:\/\/lucacastelli.com\/de\/wp-json\/wp\/v2\/types\/product"}],"wp:featuredmedia":[{"embeddable":true,"href":"https:\/\/lucacastelli.com\/de\/wp-json\/wp\/v2\/media\/97882"}],"wp:attachment":[{"href":"https:\/\/lucacastelli.com\/de\/wp-json\/wp\/v2\/media?parent=505252"}],"wp:term":[{"taxonomy":"product_brand","embeddable":true,"href":"https:\/\/lucacastelli.com\/de\/wp-json\/wp\/v2\/product_brand?post=505252"},{"taxonomy":"product_cat","embeddable":true,"href":"https:\/\/lucacastelli.com\/de\/wp-json\/wp\/v2\/product_cat?post=505252"},{"taxonomy":"product_tag","embeddable":true,"href":"https:\/\/lucacastelli.com\/de\/wp-json\/wp\/v2\/product_tag?post=505252"}],"curies":[{"name":"wp","href":"https:\/\/api.w.org\/{rel}","templated":true}]}}