{"id":505184,"date":"2023-09-12T10:30:19","date_gmt":"2023-09-12T08:30:19","guid":{"rendered":"https:\/\/lucacastelli.com\/prodotto\/cmp-jungen-t-shirt\/"},"modified":"2023-09-12T10:30:19","modified_gmt":"2023-09-12T08:30:19","slug":"cmp-jungen-t-shirt","status":"publish","type":"product","link":"https:\/\/lucacastelli.com\/de\/produkt\/cmp-jungen-t-shirt\/","title":{"rendered":"CMP Jungen T-Shirt"},"content":{"rendered":"<p>Lang\u00e4rmeliges T-Shirt aus atmungsaktivem und elastischem Polyester-Jersey. Die Dry Function-Technologie f\u00f6rdert die Verdunstung von Schwei\u00df und die nat\u00fcrliche W\u00e4rmeregulierung des K\u00f6rpers. Die Anti-Geruchs-Behandlung sorgt f\u00fcr Wohlbefinden und Komfort auch bei den intensivsten Aktivit\u00e4ten. Der Stoff ist au\u00dferdem leicht zu waschen und schnell zu trocknen.   <\/p>\n<p>TECHNISCHE DATEN<br \/>\nGewicht<br \/>\n140 gr<\/p>\n<p>TECHNOLOGIE<br \/>\nTrockenfunktion<br \/>\nGeruchshemmung<\/p>\n","protected":false},"excerpt":{"rendered":"<p>Lang\u00e4rmeliges T-Shirt aus atmungsaktivem und elastischem Polyester-Jersey. Die Dry Function-Technologie f\u00f6rdert die Verdunstung von Schwei\u00df und die nat\u00fcrliche W\u00e4rmeregulierung des<\/p>\n","protected":false},"featured_media":97721,"template":"","meta":{"_seopress_robots_primary_cat":"","_seopress_titles_title":"","_seopress_titles_desc":"","_seopress_robots_index":""},"product_brand":[4498],"product_cat":[82,974,1385],"product_tag":[],"class_list":{"0":"post-505184","1":"product","2":"type-product","3":"status-publish","4":"has-post-thumbnail","6":"product_brand-cmp-de","7":"product_cat-kleidung","8":"product_cat-freizeitkleidung","9":"product_cat-kinderbekleidung","11":"first","12":"instock","13":"shipping-taxable","14":"purchasable","15":"product-type-variable"},"_links":{"self":[{"href":"https:\/\/lucacastelli.com\/de\/wp-json\/wp\/v2\/product\/505184","targetHints":{"allow":["GET"]}}],"collection":[{"href":"https:\/\/lucacastelli.com\/de\/wp-json\/wp\/v2\/product"}],"about":[{"href":"https:\/\/lucacastelli.com\/de\/wp-json\/wp\/v2\/types\/product"}],"wp:featuredmedia":[{"embeddable":true,"href":"https:\/\/lucacastelli.com\/de\/wp-json\/wp\/v2\/media\/97721"}],"wp:attachment":[{"href":"https:\/\/lucacastelli.com\/de\/wp-json\/wp\/v2\/media?parent=505184"}],"wp:term":[{"taxonomy":"product_brand","embeddable":true,"href":"https:\/\/lucacastelli.com\/de\/wp-json\/wp\/v2\/product_brand?post=505184"},{"taxonomy":"product_cat","embeddable":true,"href":"https:\/\/lucacastelli.com\/de\/wp-json\/wp\/v2\/product_cat?post=505184"},{"taxonomy":"product_tag","embeddable":true,"href":"https:\/\/lucacastelli.com\/de\/wp-json\/wp\/v2\/product_tag?post=505184"}],"curies":[{"name":"wp","href":"https:\/\/api.w.org\/{rel}","templated":true}]}}