{"id":505171,"date":"2023-09-11T10:57:31","date_gmt":"2023-09-11T08:57:31","guid":{"rendered":"https:\/\/lucacastelli.com\/prodotto\/cmp-kinderjacke-fix-kapuze-detachble-inn-jacke\/"},"modified":"2026-01-31T00:02:36","modified_gmt":"2026-01-30T23:02:36","slug":"cmp-kinderjacke-fix-kapuze-detachble-inn-jacke","status":"publish","type":"product","link":"https:\/\/lucacastelli.com\/de\/produkt\/cmp-kinderjacke-fix-kapuze-detachble-inn-jacke\/","title":{"rendered":"CMP KINDERJACKE FIX KAPUZE DETACHBLE INN. JACKE"},"content":{"rendered":"<p>3-in-1-Modell, das die Wasserdichtigkeit einer Windjacke mit den isolierenden Eigenschaften des Arctic Fleece-Sweatshirts mit durchgehendem Rei\u00dfverschluss kombiniert. Die wetterfeste Au\u00dfenseite (Waterproof 5.000) bietet dank der vollst\u00e4ndig versiegelten N\u00e4hte und des Clima-Protect Thermolaminats eine gute Atmungsaktivit\u00e4t (Windproof 3.000). Mit abnehmbarer Kapuze, verstellbaren \u00c4rmelb\u00fcndchen mit Velcro und zwei praktischen Seitentaschen mit Rei\u00dfverschluss. Innenschicht aus Arctic Fleece, leicht, isolierend und atmungsaktiv, die sich leicht waschen und schnell trocknen l\u00e4sst.   <\/p>\n<p>TECHNISCHE DATEN<br \/>\nGewicht<br \/>\n725 gr<br \/>\nL\u00e4nge<br \/>\n62 cm<\/p>\n<p>FUNKTIONEN<br \/>\nPFC-freies, wasserabweisendes Gewebe<br \/>\nWP 5.000<br \/>\nMVP 3.000<br \/>\nVersiegelte N\u00e4hte<br \/>\nReflektierend<br \/>\nVerstellbare \u00c4rmelb\u00fcndchen mit Klettverschluss<br \/>\nErgonomische Passform<br \/>\nSchn\u00fcrung am Saum<br \/>\nBel\u00fcftung unter den Armen<br \/>\nHochfunktional<br \/>\n2 Seitentaschen mit wasserdichten Rei\u00dfverschl\u00fcssen<br \/>\nFrontrei\u00dfverschluss mit winddichter Innenklappe und scheuerfestem Garagenrei\u00dfverschluss<br \/>\nFeste Kapuze verstellbar, vorne und hinten, mit Kordelzug<br \/>\nTaschen mit Bel\u00fcftung<br \/>\nWasserdichter Rei\u00dfverschluss auf der Vorderseite<br \/>\nIn die Vorderseite der Kapuze integrierter Schutzkragen, der bis zum Kinn reicht<\/p>\n<p>TECHNOLOGIE<br \/>\nClimate Protect<br \/>\nArctic Fleece<\/p>\n","protected":false},"excerpt":{"rendered":"<p>3-in-1-Modell, das die Wasserdichtigkeit einer Windjacke mit den isolierenden Eigenschaften des Arctic Fleece-Sweatshirts mit durchgehendem Rei\u00dfverschluss kombiniert. Die wetterfeste Au\u00dfenseite<\/p>\n","protected":false},"featured_media":97661,"template":"","meta":{"_seopress_robots_primary_cat":"","_seopress_titles_title":"","_seopress_titles_desc":"","_seopress_robots_index":""},"product_brand":[4498],"product_cat":[974,1385,82],"product_tag":[],"class_list":{"0":"post-505171","1":"product","2":"type-product","3":"status-publish","4":"has-post-thumbnail","6":"product_brand-cmp-de","7":"product_cat-freizeitkleidung","8":"product_cat-kinderbekleidung","9":"product_cat-kleidung","10":"sws-gruppo-abb-libero-de","11":"sws-categoria-sito-de","12":"sws-conto-ricavi-merci-rivendita-abbigliamento-de","13":"sws-gruppo-iva-iva81-de","15":"first","16":"instock","17":"shipping-taxable","18":"purchasable","19":"product-type-variable"},"_links":{"self":[{"href":"https:\/\/lucacastelli.com\/de\/wp-json\/wp\/v2\/product\/505171","targetHints":{"allow":["GET"]}}],"collection":[{"href":"https:\/\/lucacastelli.com\/de\/wp-json\/wp\/v2\/product"}],"about":[{"href":"https:\/\/lucacastelli.com\/de\/wp-json\/wp\/v2\/types\/product"}],"wp:featuredmedia":[{"embeddable":true,"href":"https:\/\/lucacastelli.com\/de\/wp-json\/wp\/v2\/media\/97661"}],"wp:attachment":[{"href":"https:\/\/lucacastelli.com\/de\/wp-json\/wp\/v2\/media?parent=505171"}],"wp:term":[{"taxonomy":"product_brand","embeddable":true,"href":"https:\/\/lucacastelli.com\/de\/wp-json\/wp\/v2\/product_brand?post=505171"},{"taxonomy":"product_cat","embeddable":true,"href":"https:\/\/lucacastelli.com\/de\/wp-json\/wp\/v2\/product_cat?post=505171"},{"taxonomy":"product_tag","embeddable":true,"href":"https:\/\/lucacastelli.com\/de\/wp-json\/wp\/v2\/product_tag?post=505171"}],"curies":[{"name":"wp","href":"https:\/\/api.w.org\/{rel}","templated":true}]}}