{"id":505147,"date":"2023-09-11T11:00:13","date_gmt":"2023-09-11T09:00:13","guid":{"rendered":"https:\/\/lucacastelli.com\/prodotto\/cmp-kid-g-jacke-fix-kapuze-detachble-inn-jacke\/"},"modified":"2026-01-31T00:02:36","modified_gmt":"2026-01-30T23:02:36","slug":"cmp-kid-g-jacke-fix-kapuze-detachble-inn-jacke","status":"publish","type":"product","link":"https:\/\/lucacastelli.com\/de\/produkt\/cmp-kid-g-jacke-fix-kapuze-detachble-inn-jacke\/","title":{"rendered":"CMP KID G JACKE FIX KAPUZE DETACHBLE INN. JACKE"},"content":{"rendered":"<p>Ein 3-in-1-Kleidungsst\u00fcck, das die Wasserdichtigkeit einer Windjacke mit den isolierenden Eigenschaften des Arctic Fleece-Sweatshirts mit durchgehendem Rei\u00dfverschluss kombiniert. Die Twill-Au\u00dfenschicht sch\u00fctzt vor den Elementen (Waterproof 5000) und garantiert eine gute Atmungsaktivit\u00e4t (Waterproof 3000), dank der vollst\u00e4ndig versiegelten N\u00e4hte und des Clima Protect Thermolaminats. Er ist mit einer Fix-Kapuze, verstellbaren \u00c4rmeln mit Velcro und zwei praktischen Seitentaschen mit Rei\u00dfverschluss ausgestattet. Die Innenschicht besteht aus Arctic Fleece, das leicht, isolierend, atmungsaktiv, waschbar und schnell trocknend ist.   <\/p>\n<p>TECHNISCHE DATEN<br \/>\nGewicht<br \/>\n690 gr<br \/>\nL\u00e4nge<br \/>\n59 cm<\/p>\n<p>EIGENSCHAFTEN<br \/>\nWP 5.000<br \/>\nMVP 3.000<br \/>\nVersiegelte<br \/>\nN\u00e4hte Reflektierende<br \/>\nverstellbare \u00c4rmelb\u00fcndchen mit Velcro<br \/>\nErgonomische<br \/>\nPassform Schn\u00fcrung am Saum<br \/>\nBel\u00fcftung unter den Armen<br \/>\nHochfunktionelle<br \/>\n2 Seitentaschen mit wasserdichten<br \/>\nRei\u00dfverschl\u00fcssen Frontrei\u00dfverschluss mit innenliegender Windklappe und scheuerfestem Garagenrei\u00dfverschluss<br \/>\nFixierte, verstellbare Kapuze, vorne und hinten, mit Kordelzug<br \/>\nTaschen mit Bel\u00fcftung<br \/>\nWasserdichter Rei\u00dfverschluss auf der Vorderseite<br \/>\nIn die Vorderseite der Kapuze integrierter Schutzkragen, der bis zum Kinn reicht<\/p>\n<p>TECHNOLOGIE<br \/>\nClimate Protect<br \/>\nArctic Fleece<\/p>\n","protected":false},"excerpt":{"rendered":"<p>Ein 3-in-1-Kleidungsst\u00fcck, das die Wasserdichtigkeit einer Windjacke mit den isolierenden Eigenschaften des Arctic Fleece-Sweatshirts mit durchgehendem Rei\u00dfverschluss kombiniert. Die Twill-Au\u00dfenschicht<\/p>\n","protected":false},"featured_media":97686,"template":"","meta":{"_seopress_robots_primary_cat":"","_seopress_titles_title":"","_seopress_titles_desc":"","_seopress_robots_index":""},"product_brand":[4498],"product_cat":[82,974,1385],"product_tag":[],"class_list":{"0":"post-505147","1":"product","2":"type-product","3":"status-publish","4":"has-post-thumbnail","6":"product_brand-cmp-de","7":"product_cat-kleidung","8":"product_cat-freizeitkleidung","9":"product_cat-kinderbekleidung","10":"sws-gruppo-abb-libero-de","11":"sws-categoria-sito-de","12":"sws-conto-ricavi-merci-rivendita-abbigliamento-de","13":"sws-gruppo-iva-iva81-de","15":"first","16":"instock","17":"shipping-taxable","18":"purchasable","19":"product-type-variable"},"_links":{"self":[{"href":"https:\/\/lucacastelli.com\/de\/wp-json\/wp\/v2\/product\/505147","targetHints":{"allow":["GET"]}}],"collection":[{"href":"https:\/\/lucacastelli.com\/de\/wp-json\/wp\/v2\/product"}],"about":[{"href":"https:\/\/lucacastelli.com\/de\/wp-json\/wp\/v2\/types\/product"}],"wp:featuredmedia":[{"embeddable":true,"href":"https:\/\/lucacastelli.com\/de\/wp-json\/wp\/v2\/media\/97686"}],"wp:attachment":[{"href":"https:\/\/lucacastelli.com\/de\/wp-json\/wp\/v2\/media?parent=505147"}],"wp:term":[{"taxonomy":"product_brand","embeddable":true,"href":"https:\/\/lucacastelli.com\/de\/wp-json\/wp\/v2\/product_brand?post=505147"},{"taxonomy":"product_cat","embeddable":true,"href":"https:\/\/lucacastelli.com\/de\/wp-json\/wp\/v2\/product_cat?post=505147"},{"taxonomy":"product_tag","embeddable":true,"href":"https:\/\/lucacastelli.com\/de\/wp-json\/wp\/v2\/product_tag?post=505147"}],"curies":[{"name":"wp","href":"https:\/\/api.w.org\/{rel}","templated":true}]}}