{"id":505121,"date":"2023-08-14T13:05:02","date_gmt":"2023-08-14T11:05:02","guid":{"rendered":"https:\/\/lucacastelli.com\/prodotto\/cmp-kid-lange-hose\/"},"modified":"2023-08-14T13:05:02","modified_gmt":"2023-08-14T11:05:02","slug":"cmp-kid-lange-hose","status":"publish","type":"product","link":"https:\/\/lucacastelli.com\/de\/produkt\/cmp-kid-lange-hose\/","title":{"rendered":"CMP Kid Lange Hose"},"content":{"rendered":"<p>Dieses Modell aus Stretch-Baumwolle sorgt f\u00fcr Komfort und Bewegungsfreiheit. Perfekt f\u00fcr Schule und Freizeit. Elastische Taillen- und Beinabschl\u00fcsse f\u00fcr eine bessere Passform am K\u00f6rper. Verstellbare Taille dank des Kordelzugs. Zwei Seitentaschen runden das Modell ab.    <\/p>\n","protected":false},"excerpt":{"rendered":"<p>Dieses Modell aus Stretch-Baumwolle sorgt f\u00fcr Komfort und Bewegungsfreiheit. Perfekt f\u00fcr Schule und Freizeit. Elastische Taillen- und Beinabschl\u00fcsse f\u00fcr eine<\/p>\n","protected":false},"featured_media":97555,"template":"","meta":{"_seopress_robots_primary_cat":"","_seopress_titles_title":"","_seopress_titles_desc":"","_seopress_robots_index":""},"product_brand":[4498],"product_cat":[974,1385,82],"product_tag":[],"class_list":{"0":"post-505121","1":"product","2":"type-product","3":"status-publish","4":"has-post-thumbnail","6":"product_brand-cmp-de","7":"product_cat-freizeitkleidung","8":"product_cat-kinderbekleidung","9":"product_cat-kleidung","11":"first","12":"instock","13":"shipping-taxable","14":"purchasable","15":"product-type-variable"},"_links":{"self":[{"href":"https:\/\/lucacastelli.com\/de\/wp-json\/wp\/v2\/product\/505121","targetHints":{"allow":["GET"]}}],"collection":[{"href":"https:\/\/lucacastelli.com\/de\/wp-json\/wp\/v2\/product"}],"about":[{"href":"https:\/\/lucacastelli.com\/de\/wp-json\/wp\/v2\/types\/product"}],"wp:featuredmedia":[{"embeddable":true,"href":"https:\/\/lucacastelli.com\/de\/wp-json\/wp\/v2\/media\/97555"}],"wp:attachment":[{"href":"https:\/\/lucacastelli.com\/de\/wp-json\/wp\/v2\/media?parent=505121"}],"wp:term":[{"taxonomy":"product_brand","embeddable":true,"href":"https:\/\/lucacastelli.com\/de\/wp-json\/wp\/v2\/product_brand?post=505121"},{"taxonomy":"product_cat","embeddable":true,"href":"https:\/\/lucacastelli.com\/de\/wp-json\/wp\/v2\/product_cat?post=505121"},{"taxonomy":"product_tag","embeddable":true,"href":"https:\/\/lucacastelli.com\/de\/wp-json\/wp\/v2\/product_tag?post=505121"}],"curies":[{"name":"wp","href":"https:\/\/api.w.org\/{rel}","templated":true}]}}