{"id":505105,"date":"2023-09-07T16:33:58","date_gmt":"2023-09-07T14:33:58","guid":{"rendered":"https:\/\/lucacastelli.com\/prodotto\/cmp-kinderjacke\/"},"modified":"2023-09-07T16:33:58","modified_gmt":"2023-09-07T14:33:58","slug":"cmp-kinderjacke","status":"publish","type":"product","link":"https:\/\/lucacastelli.com\/de\/produkt\/cmp-kinderjacke\/","title":{"rendered":"CMP KINDERJACKE"},"content":{"rendered":"<p>Eine super bequeme Jacke, die Ihr Kind die ganze Zeit tragen m\u00f6chte. Sehr warm und komfortabel dank einer speziellen Struktur, die die Abwesenheit von W\u00e4rme garantiert. Perfekt als Zwischenschicht oder Au\u00dfenschicht an milderen Tagen. Hoher Kragen f\u00fcr zus\u00e4tzlichen Schutz. Durchgehender Rei\u00dfverschluss und zwei gro\u00dfe Seitentaschen.    <\/p>\n<p>TECHNISCHE DATEN<br \/>\nGewicht<br \/>\n355 gr<\/p>\n<p>MERKMALE<br \/>\nElastischer Saum und \u00c4rmelb\u00fcndchen<br \/>\n2 Seitentaschen, 1 Brusttasche mit Rei\u00dfverschluss<br \/>\nBrusttasche mit Rei\u00dfverschluss<br \/>\nMesh-Futtertasche<br \/>\nTeilweise Frontrei\u00dfverschluss mit winddichter Innenklappe und scheuerfester Rei\u00dfverschlussgarage<\/p>\n<p>TECHNOLOGIE<br \/>\nHoher Schutz<\/p>\n","protected":false},"excerpt":{"rendered":"<p>Eine super bequeme Jacke, die Ihr Kind die ganze Zeit tragen m\u00f6chte. Sehr warm und komfortabel dank einer speziellen Struktur,<\/p>\n","protected":false},"featured_media":97585,"template":"","meta":{"_seopress_robots_primary_cat":"","_seopress_titles_title":"","_seopress_titles_desc":"","_seopress_robots_index":""},"product_brand":[4498],"product_cat":[974,1385,82],"product_tag":[],"class_list":{"0":"post-505105","1":"product","2":"type-product","3":"status-publish","4":"has-post-thumbnail","6":"product_brand-cmp-de","7":"product_cat-freizeitkleidung","8":"product_cat-kinderbekleidung","9":"product_cat-kleidung","10":"sws-gruppo-abb-libero-de","11":"sws-categoria-sito-de","12":"sws-conto-ricavi-merci-rivendita-abbigliamento-de","13":"sws-gruppo-iva-iva81-de","15":"first","16":"instock","17":"shipping-taxable","18":"purchasable","19":"product-type-variable"},"_links":{"self":[{"href":"https:\/\/lucacastelli.com\/de\/wp-json\/wp\/v2\/product\/505105","targetHints":{"allow":["GET"]}}],"collection":[{"href":"https:\/\/lucacastelli.com\/de\/wp-json\/wp\/v2\/product"}],"about":[{"href":"https:\/\/lucacastelli.com\/de\/wp-json\/wp\/v2\/types\/product"}],"wp:featuredmedia":[{"embeddable":true,"href":"https:\/\/lucacastelli.com\/de\/wp-json\/wp\/v2\/media\/97585"}],"wp:attachment":[{"href":"https:\/\/lucacastelli.com\/de\/wp-json\/wp\/v2\/media?parent=505105"}],"wp:term":[{"taxonomy":"product_brand","embeddable":true,"href":"https:\/\/lucacastelli.com\/de\/wp-json\/wp\/v2\/product_brand?post=505105"},{"taxonomy":"product_cat","embeddable":true,"href":"https:\/\/lucacastelli.com\/de\/wp-json\/wp\/v2\/product_cat?post=505105"},{"taxonomy":"product_tag","embeddable":true,"href":"https:\/\/lucacastelli.com\/de\/wp-json\/wp\/v2\/product_tag?post=505105"}],"curies":[{"name":"wp","href":"https:\/\/api.w.org\/{rel}","templated":true}]}}