{"id":505093,"date":"2023-04-20T11:18:18","date_gmt":"2023-04-20T09:18:18","guid":{"rendered":"https:\/\/lucacastelli.com\/prodotto\/cmp-kid-fleecejacke-mit-durchgehendem-reissverschluss\/"},"modified":"2023-04-20T11:18:18","modified_gmt":"2023-04-20T09:18:18","slug":"cmp-kid-fleecejacke-mit-durchgehendem-reissverschluss","status":"publish","type":"product","link":"https:\/\/lucacastelli.com\/de\/produkt\/cmp-kid-fleecejacke-mit-durchgehendem-reissverschluss\/","title":{"rendered":"CMP Kid Fleecejacke mit durchgehendem Rei\u00dfverschluss"},"content":{"rendered":"<p>Ein vielseitiges Fleece, das f\u00fcr alle Outdoor-Aktivit\u00e4ten geeignet ist. Das Kleidungsst\u00fcck zeichnet sich durch die besondere horizontale Verarbeitung aus. Ausgestattet mit Frontrei\u00dfverschluss mit winddichter und scheuerfester Klappe, zwei Seitentaschen mit Rei\u00dfverschluss, elastischem Boden und B\u00fcndchen.  <\/p>\n","protected":false},"excerpt":{"rendered":"<p>Ein vielseitiges Fleece, das f\u00fcr alle Outdoor-Aktivit\u00e4ten geeignet ist. Das Kleidungsst\u00fcck zeichnet sich durch die besondere horizontale Verarbeitung aus. Ausgestattet<\/p>\n","protected":false},"featured_media":97512,"template":"","meta":{"_seopress_robots_primary_cat":"","_seopress_titles_title":"","_seopress_titles_desc":"","_seopress_robots_index":""},"product_brand":[4498],"product_cat":[974,1385,82],"product_tag":[],"class_list":{"0":"post-505093","1":"product","2":"type-product","3":"status-publish","4":"has-post-thumbnail","6":"product_brand-cmp-de","7":"product_cat-freizeitkleidung","8":"product_cat-kinderbekleidung","9":"product_cat-kleidung","11":"first","12":"instock","13":"shipping-taxable","14":"purchasable","15":"product-type-variable"},"_links":{"self":[{"href":"https:\/\/lucacastelli.com\/de\/wp-json\/wp\/v2\/product\/505093","targetHints":{"allow":["GET"]}}],"collection":[{"href":"https:\/\/lucacastelli.com\/de\/wp-json\/wp\/v2\/product"}],"about":[{"href":"https:\/\/lucacastelli.com\/de\/wp-json\/wp\/v2\/types\/product"}],"wp:featuredmedia":[{"embeddable":true,"href":"https:\/\/lucacastelli.com\/de\/wp-json\/wp\/v2\/media\/97512"}],"wp:attachment":[{"href":"https:\/\/lucacastelli.com\/de\/wp-json\/wp\/v2\/media?parent=505093"}],"wp:term":[{"taxonomy":"product_brand","embeddable":true,"href":"https:\/\/lucacastelli.com\/de\/wp-json\/wp\/v2\/product_brand?post=505093"},{"taxonomy":"product_cat","embeddable":true,"href":"https:\/\/lucacastelli.com\/de\/wp-json\/wp\/v2\/product_cat?post=505093"},{"taxonomy":"product_tag","embeddable":true,"href":"https:\/\/lucacastelli.com\/de\/wp-json\/wp\/v2\/product_tag?post=505093"}],"curies":[{"name":"wp","href":"https:\/\/api.w.org\/{rel}","templated":true}]}}