{"id":505044,"date":"2023-04-05T07:58:31","date_gmt":"2023-04-05T05:58:31","guid":{"rendered":"https:\/\/lucacastelli.com\/prodotto\/cmp-kinder-g-shorts\/"},"modified":"2023-04-05T07:58:31","modified_gmt":"2023-04-05T05:58:31","slug":"cmp-kinder-g-shorts","status":"publish","type":"product","link":"https:\/\/lucacastelli.com\/de\/produkt\/cmp-kinder-g-shorts\/","title":{"rendered":"CMP Kinder G Shorts"},"content":{"rendered":"<p>M\u00e4dchen-Shorts aus Bio-Baumwolle, einem Material, das gesund f\u00fcr das \u00d6kosystem, die Umwelt und den Menschen ist. Der Stoff ist dehnbar, um mehr Bewegungsfreiheit zu erm\u00f6glichen. Mit verstellbarem, elastischem Bund  <\/p>\n","protected":false},"excerpt":{"rendered":"<p>M\u00e4dchen-Shorts aus Bio-Baumwolle, einem Material, das gesund f\u00fcr das \u00d6kosystem, die Umwelt und den Menschen ist. Der Stoff ist dehnbar,<\/p>\n","protected":false},"featured_media":89122,"template":"","meta":{"_seopress_robots_primary_cat":"","_seopress_titles_title":"","_seopress_titles_desc":"","_seopress_robots_index":""},"product_brand":[4498],"product_cat":[974,1385,82],"product_tag":[],"class_list":{"0":"post-505044","1":"product","2":"type-product","3":"status-publish","4":"has-post-thumbnail","6":"product_brand-cmp-de","7":"product_cat-freizeitkleidung","8":"product_cat-kinderbekleidung","9":"product_cat-kleidung","11":"first","12":"instock","13":"shipping-taxable","14":"purchasable","15":"product-type-variable"},"_links":{"self":[{"href":"https:\/\/lucacastelli.com\/de\/wp-json\/wp\/v2\/product\/505044","targetHints":{"allow":["GET"]}}],"collection":[{"href":"https:\/\/lucacastelli.com\/de\/wp-json\/wp\/v2\/product"}],"about":[{"href":"https:\/\/lucacastelli.com\/de\/wp-json\/wp\/v2\/types\/product"}],"wp:featuredmedia":[{"embeddable":true,"href":"https:\/\/lucacastelli.com\/de\/wp-json\/wp\/v2\/media\/89122"}],"wp:attachment":[{"href":"https:\/\/lucacastelli.com\/de\/wp-json\/wp\/v2\/media?parent=505044"}],"wp:term":[{"taxonomy":"product_brand","embeddable":true,"href":"https:\/\/lucacastelli.com\/de\/wp-json\/wp\/v2\/product_brand?post=505044"},{"taxonomy":"product_cat","embeddable":true,"href":"https:\/\/lucacastelli.com\/de\/wp-json\/wp\/v2\/product_cat?post=505044"},{"taxonomy":"product_tag","embeddable":true,"href":"https:\/\/lucacastelli.com\/de\/wp-json\/wp\/v2\/product_tag?post=505044"}],"curies":[{"name":"wp","href":"https:\/\/api.w.org\/{rel}","templated":true}]}}