{"id":505028,"date":"2023-04-04T08:17:33","date_gmt":"2023-04-04T06:17:33","guid":{"rendered":"https:\/\/lucacastelli.com\/prodotto\/cmp-kid-color-block-jacke-fix-kapuze\/"},"modified":"2023-04-04T08:17:33","modified_gmt":"2023-04-04T06:17:33","slug":"cmp-kid-color-block-jacke-fix-kapuze","status":"publish","type":"product","link":"https:\/\/lucacastelli.com\/de\/produkt\/cmp-kid-color-block-jacke-fix-kapuze\/","title":{"rendered":"CMP Kid Color Block Jacke Fix Kapuze"},"content":{"rendered":"<p>Jacke mit Feel Warm, flacher Wattierung, einer Kunstfaser, die auch bei N\u00e4sse Isolierung garantiert. Mit technischem Look, mit horizontaler Steppung, auf der Vorderseite der durchgehende Rei\u00dfverschluss und zwei praktische Seitentaschen mit Rei\u00dfverschluss. Die PFC-freie, wasserabweisende Au\u00dfenbehandlung garantiert Isolierung und Schutz bei leichtem Regen.  <\/p>\n","protected":false},"excerpt":{"rendered":"<p>Jacke mit Feel Warm, flacher Wattierung, einer Kunstfaser, die auch bei N\u00e4sse Isolierung garantiert. Mit technischem Look, mit horizontaler Steppung,<\/p>\n","protected":false},"featured_media":88847,"template":"","meta":{"_seopress_robots_primary_cat":"","_seopress_titles_title":"","_seopress_titles_desc":"","_seopress_robots_index":""},"product_brand":[4498],"product_cat":[974,1385,82],"product_tag":[],"class_list":{"0":"post-505028","1":"product","2":"type-product","3":"status-publish","4":"has-post-thumbnail","6":"product_brand-cmp-de","7":"product_cat-freizeitkleidung","8":"product_cat-kinderbekleidung","9":"product_cat-kleidung","10":"sws-gruppo-abb-libero","11":"sws-categoria-sito","12":"sws-conto-ricavi-merci-rivendita-abbigliamento","13":"sws-gruppo-iva-iva81","15":"first","16":"instock","17":"shipping-taxable","18":"purchasable","19":"product-type-variable"},"_links":{"self":[{"href":"https:\/\/lucacastelli.com\/de\/wp-json\/wp\/v2\/product\/505028","targetHints":{"allow":["GET"]}}],"collection":[{"href":"https:\/\/lucacastelli.com\/de\/wp-json\/wp\/v2\/product"}],"about":[{"href":"https:\/\/lucacastelli.com\/de\/wp-json\/wp\/v2\/types\/product"}],"wp:featuredmedia":[{"embeddable":true,"href":"https:\/\/lucacastelli.com\/de\/wp-json\/wp\/v2\/media\/88847"}],"wp:attachment":[{"href":"https:\/\/lucacastelli.com\/de\/wp-json\/wp\/v2\/media?parent=505028"}],"wp:term":[{"taxonomy":"product_brand","embeddable":true,"href":"https:\/\/lucacastelli.com\/de\/wp-json\/wp\/v2\/product_brand?post=505028"},{"taxonomy":"product_cat","embeddable":true,"href":"https:\/\/lucacastelli.com\/de\/wp-json\/wp\/v2\/product_cat?post=505028"},{"taxonomy":"product_tag","embeddable":true,"href":"https:\/\/lucacastelli.com\/de\/wp-json\/wp\/v2\/product_tag?post=505028"}],"curies":[{"name":"wp","href":"https:\/\/api.w.org\/{rel}","templated":true}]}}