{"id":505027,"date":"2023-04-05T07:01:29","date_gmt":"2023-04-05T05:01:29","guid":{"rendered":"https:\/\/lucacastelli.com\/prodotto\/cmp-kid-g-bermuda-light-climb\/"},"modified":"2023-04-05T07:01:29","modified_gmt":"2023-04-05T05:01:29","slug":"cmp-kid-g-bermuda-light-climb","status":"publish","type":"product","link":"https:\/\/lucacastelli.com\/de\/produkt\/cmp-kid-g-bermuda-light-climb\/","title":{"rendered":"CMP Kid G Bermuda Light Climb"},"content":{"rendered":"<p>Kurze Trekkinghose aus d\u00fcnnem und elastischem Funktionsgewebe, ausgestattet mit der Dry Function-Technologie, die die Feuchtigkeitstranspiration und die normale W\u00e4rmeregulierung des K\u00f6rpers f\u00f6rdert. Mit zwei tiefen Seitentaschen und bequemer Lycra-Melange-Taille mit innenliegendem Kordelzug. <\/p>\n","protected":false},"excerpt":{"rendered":"<p>Kurze Trekkinghose aus d\u00fcnnem und elastischem Funktionsgewebe, ausgestattet mit der Dry Function-Technologie, die die Feuchtigkeitstranspiration und die normale W\u00e4rmeregulierung des<\/p>\n","protected":false},"featured_media":89029,"template":"","meta":{"_seopress_robots_primary_cat":"","_seopress_titles_title":"","_seopress_titles_desc":"","_seopress_robots_index":""},"product_brand":[4498],"product_cat":[974,1385,82],"product_tag":[],"class_list":{"0":"post-505027","1":"product","2":"type-product","3":"status-publish","4":"has-post-thumbnail","6":"product_brand-cmp-de","7":"product_cat-freizeitkleidung","8":"product_cat-kinderbekleidung","9":"product_cat-kleidung","11":"first","12":"instock","13":"shipping-taxable","14":"purchasable","15":"product-type-variable"},"_links":{"self":[{"href":"https:\/\/lucacastelli.com\/de\/wp-json\/wp\/v2\/product\/505027","targetHints":{"allow":["GET"]}}],"collection":[{"href":"https:\/\/lucacastelli.com\/de\/wp-json\/wp\/v2\/product"}],"about":[{"href":"https:\/\/lucacastelli.com\/de\/wp-json\/wp\/v2\/types\/product"}],"wp:featuredmedia":[{"embeddable":true,"href":"https:\/\/lucacastelli.com\/de\/wp-json\/wp\/v2\/media\/89029"}],"wp:attachment":[{"href":"https:\/\/lucacastelli.com\/de\/wp-json\/wp\/v2\/media?parent=505027"}],"wp:term":[{"taxonomy":"product_brand","embeddable":true,"href":"https:\/\/lucacastelli.com\/de\/wp-json\/wp\/v2\/product_brand?post=505027"},{"taxonomy":"product_cat","embeddable":true,"href":"https:\/\/lucacastelli.com\/de\/wp-json\/wp\/v2\/product_cat?post=505027"},{"taxonomy":"product_tag","embeddable":true,"href":"https:\/\/lucacastelli.com\/de\/wp-json\/wp\/v2\/product_tag?post=505027"}],"curies":[{"name":"wp","href":"https:\/\/api.w.org\/{rel}","templated":true}]}}