{"id":504953,"date":"2023-04-04T08:52:47","date_gmt":"2023-04-04T06:52:47","guid":{"rendered":"https:\/\/lucacastelli.com\/prodotto\/cmp-kind-g-burn-out-t-shirt\/"},"modified":"2023-04-04T08:52:47","modified_gmt":"2023-04-04T06:52:47","slug":"cmp-kind-g-burn-out-t-shirt","status":"publish","type":"product","link":"https:\/\/lucacastelli.com\/de\/produkt\/cmp-kind-g-burn-out-t-shirt\/","title":{"rendered":"CMP Kind G Burn Out T-Shirt"},"content":{"rendered":"<p>T-Shirt aus Baumwollmischung. Das Allover-Muster mit Blumenmotiven wird mit der Burn-Out-Technik hergestellt, bei der das Design in den Stoff graviert wird. Ein Kleidungsst\u00fcck, das f\u00fcr alle Outdoor-Aktivit\u00e4ten in der Natur und in der Stadt geeignet ist.  <\/p>\n","protected":false},"excerpt":{"rendered":"<p>T-Shirt aus Baumwollmischung. Das Allover-Muster mit Blumenmotiven wird mit der Burn-Out-Technik hergestellt, bei der das Design in den Stoff graviert<\/p>\n","protected":false},"featured_media":88915,"template":"","meta":{"_seopress_robots_primary_cat":"","_seopress_titles_title":"","_seopress_titles_desc":"","_seopress_robots_index":""},"product_brand":[4498],"product_cat":[974,1385,82],"product_tag":[],"class_list":{"0":"post-504953","1":"product","2":"type-product","3":"status-publish","4":"has-post-thumbnail","6":"product_brand-cmp-de","7":"product_cat-freizeitkleidung","8":"product_cat-kinderbekleidung","9":"product_cat-kleidung","11":"first","12":"instock","13":"shipping-taxable","14":"purchasable","15":"product-type-variable"},"_links":{"self":[{"href":"https:\/\/lucacastelli.com\/de\/wp-json\/wp\/v2\/product\/504953","targetHints":{"allow":["GET"]}}],"collection":[{"href":"https:\/\/lucacastelli.com\/de\/wp-json\/wp\/v2\/product"}],"about":[{"href":"https:\/\/lucacastelli.com\/de\/wp-json\/wp\/v2\/types\/product"}],"wp:featuredmedia":[{"embeddable":true,"href":"https:\/\/lucacastelli.com\/de\/wp-json\/wp\/v2\/media\/88915"}],"wp:attachment":[{"href":"https:\/\/lucacastelli.com\/de\/wp-json\/wp\/v2\/media?parent=504953"}],"wp:term":[{"taxonomy":"product_brand","embeddable":true,"href":"https:\/\/lucacastelli.com\/de\/wp-json\/wp\/v2\/product_brand?post=504953"},{"taxonomy":"product_cat","embeddable":true,"href":"https:\/\/lucacastelli.com\/de\/wp-json\/wp\/v2\/product_cat?post=504953"},{"taxonomy":"product_tag","embeddable":true,"href":"https:\/\/lucacastelli.com\/de\/wp-json\/wp\/v2\/product_tag?post=504953"}],"curies":[{"name":"wp","href":"https:\/\/api.w.org\/{rel}","templated":true}]}}