{"id":504944,"date":"2023-04-04T07:30:03","date_gmt":"2023-04-04T05:30:03","guid":{"rendered":"https:\/\/lucacastelli.com\/prodotto\/cmp-kid-g-oberteil\/"},"modified":"2023-04-04T07:30:03","modified_gmt":"2023-04-04T05:30:03","slug":"cmp-kid-g-oberteil","status":"publish","type":"product","link":"https:\/\/lucacastelli.com\/de\/produkt\/cmp-kid-g-oberteil\/","title":{"rendered":"CMP Kid G Oberteil"},"content":{"rendered":"<p>Kurz\u00e4rmeliges Tanktop f\u00fcr M\u00e4dchen aus Piqu\u00e9-Gewebe, das dank der Dry Function-Technologie eine hervorragende Atmungsaktivit\u00e4t garantiert und die normale W\u00e4rmeregulierung des K\u00f6rpers f\u00f6rdert. Die Behandlung, die die Bildung von schlechten Ger\u00fcchen hemmt, macht dieses Kleidungsst\u00fcck ideal auch f\u00fcr die intensivsten Spielmomente Ihres Kindes. <\/p>\n","protected":false},"excerpt":{"rendered":"<p>Kurz\u00e4rmeliges Tanktop f\u00fcr M\u00e4dchen aus Piqu\u00e9-Gewebe, das dank der Dry Function-Technologie eine hervorragende Atmungsaktivit\u00e4t garantiert und die normale W\u00e4rmeregulierung des<\/p>\n","protected":false},"featured_media":88738,"template":"","meta":{"_seopress_robots_primary_cat":"","_seopress_titles_title":"","_seopress_titles_desc":"","_seopress_robots_index":""},"product_brand":[4498],"product_cat":[974,1385,82],"product_tag":[],"class_list":{"0":"post-504944","1":"product","2":"type-product","3":"status-publish","4":"has-post-thumbnail","6":"product_brand-cmp-de","7":"product_cat-freizeitkleidung","8":"product_cat-kinderbekleidung","9":"product_cat-kleidung","11":"first","12":"instock","13":"shipping-taxable","14":"purchasable","15":"product-type-variable"},"_links":{"self":[{"href":"https:\/\/lucacastelli.com\/de\/wp-json\/wp\/v2\/product\/504944","targetHints":{"allow":["GET"]}}],"collection":[{"href":"https:\/\/lucacastelli.com\/de\/wp-json\/wp\/v2\/product"}],"about":[{"href":"https:\/\/lucacastelli.com\/de\/wp-json\/wp\/v2\/types\/product"}],"wp:featuredmedia":[{"embeddable":true,"href":"https:\/\/lucacastelli.com\/de\/wp-json\/wp\/v2\/media\/88738"}],"wp:attachment":[{"href":"https:\/\/lucacastelli.com\/de\/wp-json\/wp\/v2\/media?parent=504944"}],"wp:term":[{"taxonomy":"product_brand","embeddable":true,"href":"https:\/\/lucacastelli.com\/de\/wp-json\/wp\/v2\/product_brand?post=504944"},{"taxonomy":"product_cat","embeddable":true,"href":"https:\/\/lucacastelli.com\/de\/wp-json\/wp\/v2\/product_cat?post=504944"},{"taxonomy":"product_tag","embeddable":true,"href":"https:\/\/lucacastelli.com\/de\/wp-json\/wp\/v2\/product_tag?post=504944"}],"curies":[{"name":"wp","href":"https:\/\/api.w.org\/{rel}","templated":true}]}}