{"id":504927,"date":"2022-06-26T20:02:09","date_gmt":"2022-06-26T18:02:09","guid":{"rendered":"https:\/\/lucacastelli.com\/prodotto\/trabaldo-identity-t-shirt-wildschwein\/"},"modified":"2026-03-01T00:25:12","modified_gmt":"2026-02-28T23:25:12","slug":"trabaldo-identity-t-shirt-wildschwein","status":"publish","type":"product","link":"https:\/\/lucacastelli.com\/de\/produkt\/trabaldo-identity-t-shirt-wildschwein\/","title":{"rendered":"TRABALDO IDENTITY T-SHIRT WILDSCHWEIN"},"content":{"rendered":"<p>Ein Erkennungszeichen, ein Symbol der Zugeh\u00f6rigkeit, etwas, an das man glauben kann. IDENTITY T-SHIRT wurde entwickelt, um aufzufallen, um unsere Leidenschaft immer in den Alltag zu bringen. Elastisches T-Shirt aus Baumwolle mit ergonomischem Schnitt, das in Zusammenarbeit mit Sanguemiele Design hergestellt wurde und das ganze Jahr \u00fcber allein oder in Kombination mit einer zweiten Schicht tragbar ist. Drei Versionen f\u00fcr drei Arten von J\u00e4gern. Und du, welcher J\u00e4ger bist du?    <\/p>\n","protected":false},"excerpt":{"rendered":"<p>Ein Erkennungszeichen, ein Symbol der Zugeh\u00f6rigkeit, etwas, an das man glauben kann. IDENTITY T-SHIRT wurde entwickelt, um aufzufallen, um unsere<\/p>\n","protected":false},"featured_media":71922,"template":"","meta":{"_seopress_robots_primary_cat":"","_seopress_titles_title":"","_seopress_titles_desc":"","_seopress_robots_index":""},"product_brand":[3674],"product_cat":[82,974,975],"product_tag":[],"class_list":{"0":"post-504927","1":"product","2":"type-product","3":"status-publish","4":"has-post-thumbnail","6":"product_brand-trabaldo-gino-de","7":"product_cat-kleidung","8":"product_cat-freizeitkleidung","9":"product_cat-herrenbekleidung","10":"sws-gruppo-abb-libero-de","11":"sws-conto-ricavi-merci-rivendita-abbigliamento-de","12":"sws-gruppo-iva-iva81-de","14":"first","15":"instock","16":"shipping-taxable","17":"purchasable","18":"product-type-variable"},"_links":{"self":[{"href":"https:\/\/lucacastelli.com\/de\/wp-json\/wp\/v2\/product\/504927","targetHints":{"allow":["GET"]}}],"collection":[{"href":"https:\/\/lucacastelli.com\/de\/wp-json\/wp\/v2\/product"}],"about":[{"href":"https:\/\/lucacastelli.com\/de\/wp-json\/wp\/v2\/types\/product"}],"wp:featuredmedia":[{"embeddable":true,"href":"https:\/\/lucacastelli.com\/de\/wp-json\/wp\/v2\/media\/71922"}],"wp:attachment":[{"href":"https:\/\/lucacastelli.com\/de\/wp-json\/wp\/v2\/media?parent=504927"}],"wp:term":[{"taxonomy":"product_brand","embeddable":true,"href":"https:\/\/lucacastelli.com\/de\/wp-json\/wp\/v2\/product_brand?post=504927"},{"taxonomy":"product_cat","embeddable":true,"href":"https:\/\/lucacastelli.com\/de\/wp-json\/wp\/v2\/product_cat?post=504927"},{"taxonomy":"product_tag","embeddable":true,"href":"https:\/\/lucacastelli.com\/de\/wp-json\/wp\/v2\/product_tag?post=504927"}],"curies":[{"name":"wp","href":"https:\/\/api.w.org\/{rel}","templated":true}]}}