{"id":504925,"date":"2022-09-10T10:46:30","date_gmt":"2022-09-10T08:46:30","guid":{"rendered":"https:\/\/lucacastelli.com\/prodotto\/trabaldo-serak-schwarz\/"},"modified":"2026-03-01T00:25:11","modified_gmt":"2026-02-28T23:25:11","slug":"trabaldo-serak-schwarz","status":"publish","type":"product","link":"https:\/\/lucacastelli.com\/de\/produkt\/trabaldo-serak-schwarz\/","title":{"rendered":"TRABALDO SERAK SCHWARZ"},"content":{"rendered":"<p>Schwarze Edition des bereits bestehenden SERAK-Modells f\u00fcr alle, die einen technischen Look suchen, mit dem sie 365 Tage im Jahr angeben k\u00f6nnen. SERAK BLACK ist eine Zwischenschicht, die der ALPINE CHALLENGE-Serie gewidmet ist und sich durch die Verwendung des innovativen POLARTEC\u00ae POWER AIR\u2122 an den Seiten und auf der Brust von normalem Fleece abhebt. In jeder einzelnen Zelle ist ein Polyestergarn (100 % recycelt) eingekapselt, um eine Lufttasche zu schaffen, die als W\u00e4rmeisolator dient. Das Ergebnis ist ein Gewebe mit weichem Griff und hohen isolierenden Eigenschaften in Bezug auf reduziertes Volumen und hohe Elastizit\u00e4t. Im zentralen Teil des Kleidungsst\u00fccks kommt hingegen ein Fleece mit Gitterstruktur zum Einsatz, das bei geringen Gewichten W\u00e4rme und einen schnellen Abtransport von Schwitzen garantiert. SERAK BLACK ist mit elastischen KETRATEX-Eins\u00e4tzen an Schultern und Ellbogen ausgestattet, die an den Stellen mit der gr\u00f6\u00dften Belastung Widerstand leisten.     <\/p>\n","protected":false},"excerpt":{"rendered":"<p>Schwarze Edition des bereits bestehenden SERAK-Modells f\u00fcr alle, die einen technischen Look suchen, mit dem sie 365 Tage im Jahr<\/p>\n","protected":false},"featured_media":81350,"template":"","meta":{"_seopress_robots_primary_cat":"","_seopress_titles_title":"","_seopress_titles_desc":"","_seopress_robots_index":""},"product_brand":[3410],"product_cat":[21,189,190],"product_tag":[],"class_list":{"0":"post-504925","1":"product","2":"type-product","3":"status-publish","4":"has-post-thumbnail","6":"product_brand-trabaldo-gino","7":"product_cat-abbigliamento","8":"product_cat-abbigliamento-per-il-tempo-libero","9":"product_cat-abbigliamento-da-uomo","10":"sws-gruppo-abb-libero-de","11":"sws-conto-ricavi-merci-rivendita-abbigliamento-de","12":"sws-gruppo-iva-iva81-de","14":"first","15":"instock","16":"shipping-taxable","17":"purchasable","18":"product-type-variable"},"_links":{"self":[{"href":"https:\/\/lucacastelli.com\/de\/wp-json\/wp\/v2\/product\/504925","targetHints":{"allow":["GET"]}}],"collection":[{"href":"https:\/\/lucacastelli.com\/de\/wp-json\/wp\/v2\/product"}],"about":[{"href":"https:\/\/lucacastelli.com\/de\/wp-json\/wp\/v2\/types\/product"}],"wp:featuredmedia":[{"embeddable":true,"href":"https:\/\/lucacastelli.com\/de\/wp-json\/wp\/v2\/media\/81350"}],"wp:attachment":[{"href":"https:\/\/lucacastelli.com\/de\/wp-json\/wp\/v2\/media?parent=504925"}],"wp:term":[{"taxonomy":"product_brand","embeddable":true,"href":"https:\/\/lucacastelli.com\/de\/wp-json\/wp\/v2\/product_brand?post=504925"},{"taxonomy":"product_cat","embeddable":true,"href":"https:\/\/lucacastelli.com\/de\/wp-json\/wp\/v2\/product_cat?post=504925"},{"taxonomy":"product_tag","embeddable":true,"href":"https:\/\/lucacastelli.com\/de\/wp-json\/wp\/v2\/product_tag?post=504925"}],"curies":[{"name":"wp","href":"https:\/\/api.w.org\/{rel}","templated":true}]}}