{"id":504894,"date":"2022-06-20T07:24:11","date_gmt":"2022-06-20T05:24:11","guid":{"rendered":"https:\/\/lucacastelli.com\/prodotto\/traballo-stretchguertel\/"},"modified":"2022-06-20T07:24:11","modified_gmt":"2022-06-20T05:24:11","slug":"traballo-stretchguertel","status":"publish","type":"product","link":"https:\/\/lucacastelli.com\/de\/produkt\/traballo-stretchguertel\/","title":{"rendered":"TRABALLO-STRETCHG\u00dcRTEL"},"content":{"rendered":"<p>Ein unvermeidliches Accessoire, um unsere Linien zu erg\u00e4nzen. Der STRETCH-G\u00fcrtel macht Elastizit\u00e4t und Praktikabilit\u00e4t zu seinen St\u00e4rken, dank des Knopflochverschlusssystems in Kombination mit einer Aluminiumschnalle, die Leichtigkeit und Haltbarkeit gew\u00e4hrleistet. Erh\u00e4ltlich in zwei Farbvarianten ORANGE und GR\u00dcN. Gesamtl\u00e4nge 110 cm, H\u00f6he 3 cm.   <\/p>\n","protected":false},"excerpt":{"rendered":"<p>Ein unvermeidliches Accessoire, um unsere Linien zu erg\u00e4nzen. Der STRETCH-G\u00fcrtel macht Elastizit\u00e4t und Praktikabilit\u00e4t zu seinen St\u00e4rken, dank des Knopflochverschlusssystems<\/p>\n","protected":false},"featured_media":71219,"template":"","meta":{"_seopress_robots_primary_cat":"","_seopress_titles_title":"","_seopress_titles_desc":"","_seopress_robots_index":""},"product_brand":[3410],"product_cat":[21,186],"product_tag":[],"class_list":{"0":"post-504894","1":"product","2":"type-product","3":"status-publish","4":"has-post-thumbnail","6":"product_brand-trabaldo-gino","7":"product_cat-abbigliamento","8":"product_cat-accessori-per-labbigliamento","9":"sws-gruppo-abb-libero-de","10":"sws-conto-ricavi-merci-rivendita-abbigliamento","11":"sws-gruppo-iva-iva81","13":"first","14":"instock","15":"shipping-taxable","16":"purchasable","17":"product-type-variable"},"_links":{"self":[{"href":"https:\/\/lucacastelli.com\/de\/wp-json\/wp\/v2\/product\/504894","targetHints":{"allow":["GET"]}}],"collection":[{"href":"https:\/\/lucacastelli.com\/de\/wp-json\/wp\/v2\/product"}],"about":[{"href":"https:\/\/lucacastelli.com\/de\/wp-json\/wp\/v2\/types\/product"}],"wp:featuredmedia":[{"embeddable":true,"href":"https:\/\/lucacastelli.com\/de\/wp-json\/wp\/v2\/media\/71219"}],"wp:attachment":[{"href":"https:\/\/lucacastelli.com\/de\/wp-json\/wp\/v2\/media?parent=504894"}],"wp:term":[{"taxonomy":"product_brand","embeddable":true,"href":"https:\/\/lucacastelli.com\/de\/wp-json\/wp\/v2\/product_brand?post=504894"},{"taxonomy":"product_cat","embeddable":true,"href":"https:\/\/lucacastelli.com\/de\/wp-json\/wp\/v2\/product_cat?post=504894"},{"taxonomy":"product_tag","embeddable":true,"href":"https:\/\/lucacastelli.com\/de\/wp-json\/wp\/v2\/product_tag?post=504894"}],"curies":[{"name":"wp","href":"https:\/\/api.w.org\/{rel}","templated":true}]}}