{"id":504883,"date":"2022-06-20T07:29:57","date_gmt":"2022-06-20T05:29:57","guid":{"rendered":"https:\/\/lucacastelli.com\/prodotto\/trabaldo-ohne-haekchen\/"},"modified":"2026-03-01T00:25:09","modified_gmt":"2026-02-28T23:25:09","slug":"trabaldo-ohne-haekchen","status":"publish","type":"product","link":"https:\/\/lucacastelli.com\/de\/produkt\/trabaldo-ohne-haekchen\/","title":{"rendered":"TRABALDO OHNE H\u00c4KCHEN"},"content":{"rendered":"<p>Technische Socke aus Wolle und Polyamid mit mittlerer Kompressionstechnologie. Die Kompression der Socken reduziert das Gef\u00fchl der Muskelerm\u00fcdung, erleichtert den nat\u00fcrlichen Blutfluss und reduziert die Ansammlung von Milchs\u00e4ure. Das Wollgarn mit NO-TICK-Behandlung wirkt als Repellent gegen Zecken und M\u00fccken, wie aus Tests des Schweizerischen Tropeninstituts hervorgeht, bei denen eine 94%ige Reduzierung des Insektenbestecks auf dem behandelten Garn im Vergleich zum gleichen unbehandelten Garn deklariert wird (&gt;70% sehr gute Wirkung).  <\/p>\n<p>Aktive Behandlung f\u00fcr 30\/50 Waschzyklen.<\/p>\n","protected":false},"excerpt":{"rendered":"<p>Technische Socke aus Wolle und Polyamid mit mittlerer Kompressionstechnologie. Die Kompression der Socken reduziert das Gef\u00fchl der Muskelerm\u00fcdung, erleichtert den<\/p>\n","protected":false},"featured_media":71233,"template":"","meta":{"_seopress_robots_primary_cat":"","_seopress_titles_title":"","_seopress_titles_desc":"","_seopress_robots_index":""},"product_brand":[3674],"product_cat":[1391,82],"product_tag":[],"class_list":{"0":"post-504883","1":"product","2":"type-product","3":"status-publish","4":"has-post-thumbnail","6":"product_brand-trabaldo-gino-de","7":"product_cat-bekleidungs-accessoires","8":"product_cat-kleidung","9":"sws-gruppo-abb-libero-de","10":"sws-conto-ricavi-merci-rivendita-abbigliamento-de","11":"sws-gruppo-iva-iva81-de","13":"first","14":"instock","15":"shipping-taxable","16":"purchasable","17":"product-type-variable"},"_links":{"self":[{"href":"https:\/\/lucacastelli.com\/de\/wp-json\/wp\/v2\/product\/504883","targetHints":{"allow":["GET"]}}],"collection":[{"href":"https:\/\/lucacastelli.com\/de\/wp-json\/wp\/v2\/product"}],"about":[{"href":"https:\/\/lucacastelli.com\/de\/wp-json\/wp\/v2\/types\/product"}],"wp:featuredmedia":[{"embeddable":true,"href":"https:\/\/lucacastelli.com\/de\/wp-json\/wp\/v2\/media\/71233"}],"wp:attachment":[{"href":"https:\/\/lucacastelli.com\/de\/wp-json\/wp\/v2\/media?parent=504883"}],"wp:term":[{"taxonomy":"product_brand","embeddable":true,"href":"https:\/\/lucacastelli.com\/de\/wp-json\/wp\/v2\/product_brand?post=504883"},{"taxonomy":"product_cat","embeddable":true,"href":"https:\/\/lucacastelli.com\/de\/wp-json\/wp\/v2\/product_cat?post=504883"},{"taxonomy":"product_tag","embeddable":true,"href":"https:\/\/lucacastelli.com\/de\/wp-json\/wp\/v2\/product_tag?post=504883"}],"curies":[{"name":"wp","href":"https:\/\/api.w.org\/{rel}","templated":true}]}}